{"id":2001,"date":"2022-08-28T19:52:48","date_gmt":"2022-08-28T19:52:48","guid":{"rendered":"https:\/\/terciariascapuchinasbuenpastor.org\/?page_id=2001"},"modified":"2022-08-28T19:56:45","modified_gmt":"2022-08-28T19:56:45","slug":"hermanas-beatas","status":"publish","type":"page","link":"https:\/\/terciariascapuchinasbuenpastor.org\/index.php\/hermanas-beatas\/","title":{"rendered":"Nuestras Hermanas Beatas M\u00e1rtires"},"content":{"rendered":"\t\t<div data-elementor-type=\"wp-page\" data-elementor-id=\"2001\" class=\"elementor elementor-2001\">\n\t\t\t\t\t\t\t\t\t<section class=\"elementor-section elementor-top-section elementor-element elementor-element-436b73f elementor-section-full_width elementor-section-height-default elementor-section-height-default\" data-id=\"436b73f\" data-element_type=\"section\">\n\t\t\t\t\t\t<div class=\"elementor-container elementor-column-gap-default\">\n\t\t\t\t\t<div class=\"elementor-column elementor-col-100 elementor-top-column elementor-element elementor-element-5b6022a\" data-id=\"5b6022a\" data-element_type=\"column\">\n\t\t\t<div class=\"elementor-widget-wrap elementor-element-populated\">\n\t\t\t\t\t\t\t\t<div class=\"elementor-element elementor-element-5616f54 elementor-drop-cap-yes elementor-drop-cap-view-default elementor-widget elementor-widget-text-editor\" data-id=\"5616f54\" data-element_type=\"widget\" data-settings=\"{&quot;drop_cap&quot;:&quot;yes&quot;}\" data-widget_type=\"text-editor.default\">\n\t\t\t\t<div class=\"elementor-widget-container\">\n\t\t\t<style>\/*! elementor - v3.7.1 - 14-08-2022 *\/\n.elementor-widget-text-editor.elementor-drop-cap-view-stacked .elementor-drop-cap{background-color:#818a91;color:#fff}.elementor-widget-text-editor.elementor-drop-cap-view-framed .elementor-drop-cap{color:#818a91;border:3px solid;background-color:transparent}.elementor-widget-text-editor:not(.elementor-drop-cap-view-default) .elementor-drop-cap{margin-top:8px}.elementor-widget-text-editor:not(.elementor-drop-cap-view-default) .elementor-drop-cap-letter{width:1em;height:1em}.elementor-widget-text-editor .elementor-drop-cap{float:left;text-align:center;line-height:1;font-size:50px}.elementor-widget-text-editor .elementor-drop-cap-letter{display:inline-block}<\/style>\t\t\t\t<p>La guerra civil en Espa\u00f1a (1936 \u2013 1939) se caracteriz\u00f3 por una feroz persecuci\u00f3n religiosa que cost\u00f3 la vida a casi 12.000 cristianos; entre ellos sufrieron el martirio por odio de la fe cuatro hermanas nuestras: Rosario de Soano (1863-1936), Serafina de Ochovi (1872-1936), Francisca Javier de Rafelbu\u00f1ol ((1901-1936) y Aurelia de Valencia (1884-1936).\u00a0<\/p><p><img loading=\"lazy\" decoding=\"async\" class=\"aligncenter wp-image-2004\" src=\"http:\/\/terciariascapuchinasbuenpastor.org\/wp-content\/uploads\/2022\/08\/aa-210x300.jpg\" alt=\"\" width=\"750\" height=\"1073\" srcset=\"https:\/\/terciariascapuchinasbuenpastor.org\/wp-content\/uploads\/2022\/08\/aa-210x300.jpg 210w, https:\/\/terciariascapuchinasbuenpastor.org\/wp-content\/uploads\/2022\/08\/aa.jpg 716w\" sizes=\"auto, (max-width: 750px) 100vw, 750px\" \/><\/p><p>Al estallar la guerra se encontraban en la zona de Valencia donde la persecuci\u00f3n era particularmente fuerte y, como hicieron tambi\u00e9n otras hermanas, salieron de la casa religiosa, ya ocupada por los soldados y buscaron refugio en sus propias familias o en otras, pero no pudieron escapar a la furia de los milicianos que ten\u00edan la orden de \u201cterminar con la religi\u00f3n\u201d. Las Hnas. Rosario y Serafina fueron fusiladas juntas el d\u00eda 23 de agosto de 1936 y la Hna. Francisca Javier, valenciana que se hab\u00eda refugiado en casa de sus padres, fue fusilada junto con su hermano sacerdote el 28 de septiembre del mismo a\u00f1o. Estas tres hermanas fueron beatificadas el 11 de marzo de 2001, junto con otros m\u00e1rtires de la misma persecuci\u00f3n. Ejecutaron tambi\u00e9n a la Hna. Aurelia de Valencia, pero no habiendo testimonio de su martirio, no se pudo introducir su causa de beatificaci\u00f3n.\u00a0<\/p><p>A\u00fan en el secreto que siempre envuelve estos acontecimientos, nos han llegado algunos testimonios sobre el martirio de nuestras hermanas. Dicen que la Hna. Rosario, antes de su ejecuci\u00f3n, se quit\u00f3 el anillo de su alianza perpetua como consagrada y lo entreg\u00f3 a su verdugo dici\u00e9ndole: \u201cToma, te lo doy en se\u00f1al de que te perdono\u201d y el joven que lo recibi\u00f3, qued\u00f3 tan impresionado que devolvi\u00f3 el anillo a otra religiosa encarcelada. Un testigo que conoci\u00f3 a la Hna. Serafina afirma que, en los momentos dif\u00edciles de su vida, tend\u00eda a angustiarse pero otros afirmaron que, en las horas que precedieron a su ejecuci\u00f3n, se mantuvo firme y serena y, junto con la Hna. Rosario, muri\u00f3 gritando \u201c\u00a1Viva Cristo Rey!\u201d. La Hna. Francisca Javier, un d\u00eda, manifest\u00f3 a su mam\u00e1 su temor a la muerte y su misma madre la anim\u00f3 dici\u00e9ndole: \u201c\u00a1No tengas miedo! El Se\u00f1or te ayudar\u00e1 si llegara la ocasi\u00f3n. \u00a1Hija m\u00eda, no reniegues a Jesucristo que te quiere m\u00e1rtir!\u201d. Estas palabras le ayudaron a prepararse para enfrentar la muerte y, antes de caer bajo el disparo, grit\u00f3: \u201cQue Dios os perdone como yo os perdono\u201d.<\/p>\t\t\t\t\t\t<\/div>\n\t\t\t\t<\/div>\n\t\t\t\t\t<\/div>\n\t\t<\/div>\n\t\t\t\t\t\t\t<\/div>\n\t\t<\/section>\n\t\t\t\t\t\t\t<\/div>\n\t\t","protected":false},"excerpt":{"rendered":"<p>La guerra civil en Espa\u00f1a (1936 \u2013 1939) se caracteriz\u00f3 por una feroz persecuci\u00f3n religiosa que cost\u00f3 la vida a casi 12.000 cristianos; entre ellos sufrieron el martirio por odio de la fe cuatro hermanas nuestras: Rosario de Soano (1863-1936), Serafina de Ochovi (1872-1936), Francisca Javier de Rafelbu\u00f1ol ((1901-1936) y Aurelia de Valencia (1884-1936).\u00a0 Al&hellip; <br \/> <a class=\"read-more\" href=\"https:\/\/terciariascapuchinasbuenpastor.org\/index.php\/hermanas-beatas\/\">Leer m\u00e1s<\/a><\/p>\n","protected":false},"author":1,"featured_media":0,"parent":0,"menu_order":0,"comment_status":"closed","ping_status":"closed","template":"","meta":{"footnotes":""},"class_list":["post-2001","page","type-page","status-publish","hentry"],"yoast_head":"<!-- This site is optimized with the Yoast SEO plugin v19.6.1 - https:\/\/yoast.com\/wordpress\/plugins\/seo\/ -->\n<title>Nuestras Hermanas Beatas M\u00e1rtires - Terciarias Capuchinas Madre del Buen Pastor<\/title>\n<meta name=\"robots\" content=\"index, follow, max-snippet:-1, max-image-preview:large, max-video-preview:-1\" \/>\n<link rel=\"canonical\" href=\"https:\/\/terciariascapuchinasbuenpastor.org\/index.php\/hermanas-beatas\/\" \/>\n<meta property=\"og:locale\" content=\"es_ES\" \/>\n<meta property=\"og:type\" content=\"article\" \/>\n<meta property=\"og:title\" content=\"Nuestras Hermanas Beatas M\u00e1rtires - Terciarias Capuchinas Madre del Buen Pastor\" \/>\n<meta property=\"og:description\" content=\"La guerra civil en Espa\u00f1a (1936 \u2013 1939) se caracteriz\u00f3 por una feroz persecuci\u00f3n religiosa que cost\u00f3 la vida a casi 12.000 cristianos; entre ellos sufrieron el martirio por odio de la fe cuatro hermanas nuestras: Rosario de Soano (1863-1936), Serafina de Ochovi (1872-1936), Francisca Javier de Rafelbu\u00f1ol ((1901-1936) y Aurelia de Valencia (1884-1936).\u00a0 Al&hellip; Leer m\u00e1s\" \/>\n<meta property=\"og:url\" content=\"https:\/\/terciariascapuchinasbuenpastor.org\/index.php\/hermanas-beatas\/\" \/>\n<meta property=\"og:site_name\" content=\"Terciarias Capuchinas Madre del Buen Pastor\" \/>\n<meta property=\"article:modified_time\" content=\"2022-08-28T19:56:45+00:00\" \/>\n<meta property=\"og:image\" content=\"http:\/\/terciariascapuchinasbuenpastor.org\/wp-content\/uploads\/2022\/08\/aa-210x300.jpg\" \/>\n<meta name=\"twitter:card\" content=\"summary_large_image\" \/>\n<meta name=\"twitter:label1\" content=\"Tiempo estimado de lectura\" \/>\n\t<meta name=\"twitter:data1\" content=\"2 minutos\" \/>\n<script type=\"application\/ld+json\" class=\"yoast-schema-graph\">{\"@context\":\"https:\/\/schema.org\",\"@graph\":[{\"@type\":\"WebPage\",\"@id\":\"https:\/\/terciariascapuchinasbuenpastor.org\/index.php\/hermanas-beatas\/\",\"url\":\"https:\/\/terciariascapuchinasbuenpastor.org\/index.php\/hermanas-beatas\/\",\"name\":\"Nuestras Hermanas Beatas M\u00e1rtires - Terciarias Capuchinas Madre del Buen Pastor\",\"isPartOf\":{\"@id\":\"https:\/\/terciariascapuchinasbuenpastor.org\/#website\"},\"datePublished\":\"2022-08-28T19:52:48+00:00\",\"dateModified\":\"2022-08-28T19:56:45+00:00\",\"breadcrumb\":{\"@id\":\"https:\/\/terciariascapuchinasbuenpastor.org\/index.php\/hermanas-beatas\/#breadcrumb\"},\"inLanguage\":\"es-CO\",\"potentialAction\":[{\"@type\":\"ReadAction\",\"target\":[\"https:\/\/terciariascapuchinasbuenpastor.org\/index.php\/hermanas-beatas\/\"]}]},{\"@type\":\"BreadcrumbList\",\"@id\":\"https:\/\/terciariascapuchinasbuenpastor.org\/index.php\/hermanas-beatas\/#breadcrumb\",\"itemListElement\":[{\"@type\":\"ListItem\",\"position\":1,\"name\":\"Inicio\",\"item\":\"https:\/\/terciariascapuchinasbuenpastor.org\/\"},{\"@type\":\"ListItem\",\"position\":2,\"name\":\"Nuestras Hermanas Beatas M\u00e1rtires\"}]},{\"@type\":\"WebSite\",\"@id\":\"https:\/\/terciariascapuchinasbuenpastor.org\/#website\",\"url\":\"https:\/\/terciariascapuchinasbuenpastor.org\/\",\"name\":\"Terciarias Capuchinas Madre del Buen Pastor\",\"description\":\"Sitio oficial - Provincia Madre del Buen Pastor\",\"publisher\":{\"@id\":\"https:\/\/terciariascapuchinasbuenpastor.org\/#organization\"},\"potentialAction\":[{\"@type\":\"SearchAction\",\"target\":{\"@type\":\"EntryPoint\",\"urlTemplate\":\"https:\/\/terciariascapuchinasbuenpastor.org\/?s={search_term_string}\"},\"query-input\":\"required name=search_term_string\"}],\"inLanguage\":\"es-CO\"},{\"@type\":\"Organization\",\"@id\":\"https:\/\/terciariascapuchinasbuenpastor.org\/#organization\",\"name\":\"Terciarias Capuchinas Madre del Buen Pastor\",\"url\":\"https:\/\/terciariascapuchinasbuenpastor.org\/\",\"sameAs\":[],\"logo\":{\"@type\":\"ImageObject\",\"inLanguage\":\"es-CO\",\"@id\":\"https:\/\/terciariascapuchinasbuenpastor.org\/#\/schema\/logo\/image\/\",\"url\":\"https:\/\/terciariascapuchinasbuenpastor.org\/wp-content\/uploads\/2022\/08\/cropped-CC_Express_20220824_1658390.8685437846145748.png\",\"contentUrl\":\"https:\/\/terciariascapuchinasbuenpastor.org\/wp-content\/uploads\/2022\/08\/cropped-CC_Express_20220824_1658390.8685437846145748.png\",\"width\":5057,\"height\":1261,\"caption\":\"Terciarias Capuchinas Madre del Buen Pastor\"},\"image\":{\"@id\":\"https:\/\/terciariascapuchinasbuenpastor.org\/#\/schema\/logo\/image\/\"}}]}<\/script>\n<!-- \/ Yoast SEO plugin. -->","yoast_head_json":{"title":"Nuestras Hermanas Beatas M\u00e1rtires - Terciarias Capuchinas Madre del Buen Pastor","robots":{"index":"index","follow":"follow","max-snippet":"max-snippet:-1","max-image-preview":"max-image-preview:large","max-video-preview":"max-video-preview:-1"},"canonical":"https:\/\/terciariascapuchinasbuenpastor.org\/index.php\/hermanas-beatas\/","og_locale":"es_ES","og_type":"article","og_title":"Nuestras Hermanas Beatas M\u00e1rtires - Terciarias Capuchinas Madre del Buen Pastor","og_description":"La guerra civil en Espa\u00f1a (1936 \u2013 1939) se caracteriz\u00f3 por una feroz persecuci\u00f3n religiosa que cost\u00f3 la vida a casi 12.000 cristianos; entre ellos sufrieron el martirio por odio de la fe cuatro hermanas nuestras: Rosario de Soano (1863-1936), Serafina de Ochovi (1872-1936), Francisca Javier de Rafelbu\u00f1ol ((1901-1936) y Aurelia de Valencia (1884-1936).\u00a0 Al&hellip; Leer m\u00e1s","og_url":"https:\/\/terciariascapuchinasbuenpastor.org\/index.php\/hermanas-beatas\/","og_site_name":"Terciarias Capuchinas Madre del Buen Pastor","article_modified_time":"2022-08-28T19:56:45+00:00","og_image":[{"url":"http:\/\/terciariascapuchinasbuenpastor.org\/wp-content\/uploads\/2022\/08\/aa-210x300.jpg"}],"twitter_card":"summary_large_image","twitter_misc":{"Tiempo estimado de lectura":"2 minutos"},"schema":{"@context":"https:\/\/schema.org","@graph":[{"@type":"WebPage","@id":"https:\/\/terciariascapuchinasbuenpastor.org\/index.php\/hermanas-beatas\/","url":"https:\/\/terciariascapuchinasbuenpastor.org\/index.php\/hermanas-beatas\/","name":"Nuestras Hermanas Beatas M\u00e1rtires - Terciarias Capuchinas Madre del Buen Pastor","isPartOf":{"@id":"https:\/\/terciariascapuchinasbuenpastor.org\/#website"},"datePublished":"2022-08-28T19:52:48+00:00","dateModified":"2022-08-28T19:56:45+00:00","breadcrumb":{"@id":"https:\/\/terciariascapuchinasbuenpastor.org\/index.php\/hermanas-beatas\/#breadcrumb"},"inLanguage":"es-CO","potentialAction":[{"@type":"ReadAction","target":["https:\/\/terciariascapuchinasbuenpastor.org\/index.php\/hermanas-beatas\/"]}]},{"@type":"BreadcrumbList","@id":"https:\/\/terciariascapuchinasbuenpastor.org\/index.php\/hermanas-beatas\/#breadcrumb","itemListElement":[{"@type":"ListItem","position":1,"name":"Inicio","item":"https:\/\/terciariascapuchinasbuenpastor.org\/"},{"@type":"ListItem","position":2,"name":"Nuestras Hermanas Beatas M\u00e1rtires"}]},{"@type":"WebSite","@id":"https:\/\/terciariascapuchinasbuenpastor.org\/#website","url":"https:\/\/terciariascapuchinasbuenpastor.org\/","name":"Terciarias Capuchinas Madre del Buen Pastor","description":"Sitio oficial - Provincia Madre del Buen Pastor","publisher":{"@id":"https:\/\/terciariascapuchinasbuenpastor.org\/#organization"},"potentialAction":[{"@type":"SearchAction","target":{"@type":"EntryPoint","urlTemplate":"https:\/\/terciariascapuchinasbuenpastor.org\/?s={search_term_string}"},"query-input":"required name=search_term_string"}],"inLanguage":"es-CO"},{"@type":"Organization","@id":"https:\/\/terciariascapuchinasbuenpastor.org\/#organization","name":"Terciarias Capuchinas Madre del Buen Pastor","url":"https:\/\/terciariascapuchinasbuenpastor.org\/","sameAs":[],"logo":{"@type":"ImageObject","inLanguage":"es-CO","@id":"https:\/\/terciariascapuchinasbuenpastor.org\/#\/schema\/logo\/image\/","url":"https:\/\/terciariascapuchinasbuenpastor.org\/wp-content\/uploads\/2022\/08\/cropped-CC_Express_20220824_1658390.8685437846145748.png","contentUrl":"https:\/\/terciariascapuchinasbuenpastor.org\/wp-content\/uploads\/2022\/08\/cropped-CC_Express_20220824_1658390.8685437846145748.png","width":5057,"height":1261,"caption":"Terciarias Capuchinas Madre del Buen Pastor"},"image":{"@id":"https:\/\/terciariascapuchinasbuenpastor.org\/#\/schema\/logo\/image\/"}}]}},"_links":{"self":[{"href":"https:\/\/terciariascapuchinasbuenpastor.org\/index.php\/wp-json\/wp\/v2\/pages\/2001","targetHints":{"allow":["GET"]}}],"collection":[{"href":"https:\/\/terciariascapuchinasbuenpastor.org\/index.php\/wp-json\/wp\/v2\/pages"}],"about":[{"href":"https:\/\/terciariascapuchinasbuenpastor.org\/index.php\/wp-json\/wp\/v2\/types\/page"}],"author":[{"embeddable":true,"href":"https:\/\/terciariascapuchinasbuenpastor.org\/index.php\/wp-json\/wp\/v2\/users\/1"}],"replies":[{"embeddable":true,"href":"https:\/\/terciariascapuchinasbuenpastor.org\/index.php\/wp-json\/wp\/v2\/comments?post=2001"}],"version-history":[{"count":5,"href":"https:\/\/terciariascapuchinasbuenpastor.org\/index.php\/wp-json\/wp\/v2\/pages\/2001\/revisions"}],"predecessor-version":[{"id":2007,"href":"https:\/\/terciariascapuchinasbuenpastor.org\/index.php\/wp-json\/wp\/v2\/pages\/2001\/revisions\/2007"}],"wp:attachment":[{"href":"https:\/\/terciariascapuchinasbuenpastor.org\/index.php\/wp-json\/wp\/v2\/media?parent=2001"}],"curies":[{"name":"wp","href":"https:\/\/api.w.org\/{rel}","templated":true}]}}