{"id":2042,"date":"2022-08-28T20:33:38","date_gmt":"2022-08-28T20:33:38","guid":{"rendered":"https:\/\/terciariascapuchinasbuenpastor.org\/?page_id=2042"},"modified":"2025-07-29T14:56:27","modified_gmt":"2025-07-29T14:56:27","slug":"nuestro-fundador","status":"publish","type":"page","link":"https:\/\/terciariascapuchinasbuenpastor.org\/index.php\/nuestro-fundador\/","title":{"rendered":"Nuestro Fundador"},"content":{"rendered":"\t\t<div data-elementor-type=\"wp-page\" data-elementor-id=\"2042\" class=\"elementor elementor-2042\">\n\t\t\t\t\t\t\t\t\t<section class=\"elementor-section elementor-top-section elementor-element elementor-element-436b73f elementor-section-full_width elementor-section-height-default elementor-section-height-default\" data-id=\"436b73f\" data-element_type=\"section\">\n\t\t\t\t\t\t<div class=\"elementor-container elementor-column-gap-default\">\n\t\t\t\t\t<div class=\"elementor-column elementor-col-100 elementor-top-column elementor-element elementor-element-5b6022a\" data-id=\"5b6022a\" data-element_type=\"column\">\n\t\t\t<div class=\"elementor-widget-wrap elementor-element-populated\">\n\t\t\t\t\t\t\t\t<div class=\"elementor-element elementor-element-5616f54 elementor-widget elementor-widget-text-editor\" data-id=\"5616f54\" data-element_type=\"widget\" data-widget_type=\"text-editor.default\">\n\t\t\t\t<div class=\"elementor-widget-container\">\n\t\t\t<style>\/*! elementor - v3.7.1 - 14-08-2022 *\/\n.elementor-widget-text-editor.elementor-drop-cap-view-stacked .elementor-drop-cap{background-color:#818a91;color:#fff}.elementor-widget-text-editor.elementor-drop-cap-view-framed .elementor-drop-cap{color:#818a91;border:3px solid;background-color:transparent}.elementor-widget-text-editor:not(.elementor-drop-cap-view-default) .elementor-drop-cap{margin-top:8px}.elementor-widget-text-editor:not(.elementor-drop-cap-view-default) .elementor-drop-cap-letter{width:1em;height:1em}.elementor-widget-text-editor .elementor-drop-cap{float:left;text-align:center;line-height:1;font-size:50px}.elementor-widget-text-editor .elementor-drop-cap-letter{display:inline-block}<\/style>\t\t\t\t<h1>Apuntes sobre su vida<\/h1><p>El fundador de nuestra Familia religiosa es Fray Luis Amig\u00f3 y Ferrer, Ofmcap.<\/p><h1><img loading=\"lazy\" decoding=\"async\" class=\"aligncenter wp-image-2047 size-full\" src=\"http:\/\/terciariascapuchinasbuenpastor.org\/wp-content\/uploads\/2022\/08\/111111.jpg\" alt=\"\" width=\"727\" height=\"1024\" srcset=\"https:\/\/terciariascapuchinasbuenpastor.org\/wp-content\/uploads\/2022\/08\/111111.jpg 727w, https:\/\/terciariascapuchinasbuenpastor.org\/wp-content\/uploads\/2022\/08\/111111-213x300.jpg 213w\" sizes=\"auto, (max-width: 727px) 100vw, 727px\" \/><\/h1><p>Naci\u00f3 el 17 de octubre de 1854 en Massamagrell (Valencia \u2013 Espa\u00f1a) y a lo largo de sus casi 80 a\u00f1os, vivi\u00f3 momentos delicados de la historia de Espa\u00f1a. Fue probado por la muerte prematura de sus padres durante su ni\u00f1ez, cultiv\u00f3 hondamente su vida cristiana y se comprometi\u00f3 con algunos grupos que le permit\u00edan hacer un camino de fe y dedicarse a obras de misericordia, como visitar a los enfermos del Hospital de Valencia y los presos de la c\u00e1rcel; entre estos grupos mencionamos la Tercera Orden Franciscana Seglar que marc\u00f3 profundamente su vida.<\/p><p>La llamada a una vida consagrada se iba manifestando con creciente claridad a lo largo de su juventud y, debido a que, en aquellos a\u00f1os, en Espa\u00f1a se hab\u00eda suprimido toda presencia religiosa, en 1874 viaj\u00f3 a Bayona (Francia) y visti\u00f3 el h\u00e1bito en el convento capuchino donde se hab\u00edan refugiado los hermanos espa\u00f1oles al ser obligados a salir de su patria y, al a\u00f1o siguiente, hizo su profesi\u00f3n religiosa. Tres a\u00f1os m\u00e1s tarde, form\u00f3 parte del primer grupo de Capuchinos que regresaba a Espa\u00f1a, para restaurar aqu\u00ed la Orden. En 1879, fue ordenado sacerdote y empez\u00f3 a desarrollar su ministerio con entusiasmo y creatividad, al estilo y en los \u00e1mbitos m\u00e1s t\u00edpicos de la vida capuchina: predicaci\u00f3n, confesiones, apostolado con los j\u00f3venes y seglares de la Orden Tercera y en los lugares de sufrimiento como son las c\u00e1rceles y los hospitales. Esto lo puso en contacto con muchas personas y, en cierto sentido, lo encamin\u00f3 hacia el proyecto que Dios ten\u00eda sobre \u00e9l como Fundador.<\/p><p>El encuentro con personas deseosas de una vida de \u201cmayor perfecci\u00f3n\u201d le inspir\u00f3 la fundaci\u00f3n de una Congregaci\u00f3n de religiosas y en la celda de su convento de Massamagrell, empez\u00f3 a escribir unas Constituciones reflejando en ella la espiritualidad franciscano-capuchina que \u00e9l mismo viv\u00eda con ilusi\u00f3n. Bien pronto, Dios puso en su camino a unas mujeres que quer\u00edan vivirlas y, cumplidos los tr\u00e1mites can\u00f3nicos requeridos, el 11 de mayo de 1885, en el Santuario de Nuestra Se\u00f1ora de Montiel (Valencia \u2013 Espa\u00f1a), naci\u00f3 en la Iglesia la Congregaci\u00f3n de Hermanas Terciarias Capuchinas de la Sagrada Familia. Su Fundador, ten\u00eda 30 a\u00f1os de edad, pero era un hombre de Dios, capaz de orientar y acompa\u00f1ar el camino de la naciente congregaci\u00f3n con humilde sabidur\u00eda, fortaleza de esp\u00edritu, confianza en la Providencia y visi\u00f3n de futuro.<\/p><p>En 1889, proyectando su especial sensibilidad para los j\u00f3venes en situaci\u00f3n de riesgo o ya \u201cdesviados del camino del bien\u201d, el Padre Luis fund\u00f3 la Congregaci\u00f3n de Religiosos Terciarios Capuchinos de Nuestra Se\u00f1ora de los Dolores, cuyo servicio apost\u00f3lico, a diferencia del de las Hermanas que estaba abierto a diversos campos, se dirig\u00eda de una forma m\u00e1s espec\u00edfica a la educaci\u00f3n y reeducaci\u00f3n de ni\u00f1os y j\u00f3venes con problemas de conducta.<\/p><p>En 1907, el Padre Luis Amig\u00f3 fue nombrado obispo y desde entonces, hasta su fallecimiento, acompa\u00f1\u00f3 el camino de las Di\u00f3cesis espa\u00f1olas de Solsona (L\u00e9rida) y Segorbe (Castell\u00f3n), destac\u00e1ndose por su inter\u00e9s e iniciativas en favor de la familia y las clases sociales m\u00e1s fr\u00e1giles, obreras y campesinas, y por su celo en promover y poner en pr\u00e1ctica la doctrina social de la Iglesia y formar en la fe y moral cristianas.<\/p><p>Falleci\u00f3 en Godella (Valencia \u2013 Espa\u00f1a) el 30 de septiembre de 1934 y sus restos reposan en la capilla de nuestra Casa Madre en Massamagrell (Valencia \u2013 Espa\u00f1a).<\/p><p>Los te\u00f3logos que analizaron toda la documentaci\u00f3n relativa a su Proceso de Beatificaci\u00f3n, subrayaron \u201cla perfecta rectitud de su vida y su permanente progreso en las virtudes y en la uni\u00f3n con Dios, ascendiendo el arduo sendero de la santidad, compaginando los dones de su naturaleza y la gracia divina. Valoraron la manera admirable con que conjug\u00f3 su ser capuchino, fundador y obispo, afirmando que \u201csu mensaje constituye un llamado reverberante para la \u00e9poca que estamos viviendo, no solamente para el clero y los religiosos, sino para todo el pueblo de Dios\u201d.<\/p><p>El 13 de junio de 1992 lo declararon \u201cVenerable\u201d. Para su beatificaci\u00f3n se necesita un milagro atribuible a su intercesi\u00f3n.<\/p><h3>Su ser carism\u00e1tico<\/h3><p><img loading=\"lazy\" decoding=\"async\" class=\"wp-image-2048 size-full aligncenter\" src=\"http:\/\/terciariascapuchinasbuenpastor.org\/wp-content\/uploads\/2022\/08\/22222222.jpg\" alt=\"\" width=\"732\" height=\"1024\" srcset=\"https:\/\/terciariascapuchinasbuenpastor.org\/wp-content\/uploads\/2022\/08\/22222222.jpg 732w, https:\/\/terciariascapuchinasbuenpastor.org\/wp-content\/uploads\/2022\/08\/22222222-214x300.jpg 214w\" sizes=\"auto, (max-width: 732px) 100vw, 732px\" \/><\/p><p>El Padre Luis Amig\u00f3 y Ferrer, fue sin duda un hombre habitado por el Esp\u00edritu. Entre los muchos rasgos que as\u00ed lo demuestran, destacamos algunos:<\/p><p>La infancia y primera juventud de Jos\u00e9 Mar\u00eda Amig\u00f3 y Ferrer, probadas por el sufrimiento, dejaron en \u00e9l la \u201cmarca\u201d de la misericordia de Dios, del\u00a0\u201csalir\u201d de s\u00ed mismo para ver las necesidades del pr\u00f3jimo.<\/p><p>Luis Amig\u00f3, un hombre de oraci\u00f3n, colgado de la mano de Dios, confiando siempre en la\u00a0providencia divina. Un hombre agradecido, viendo en todo la voluntad del Se\u00f1or en su vida.<\/p><p>Un\u00a0hombre afectuoso, cercano, con sentido del humor, sereno, de una gran fortaleza, con una sensibilidad fuera de lo com\u00fan que le llevaba a respetar, apreciar y valorar profundamente a las personas.<\/p><p>Un hombre que\u00a0mira, escucha la realidad, se deja afectar por ella y discierne la mejor manera de responder\u00a0con creatividad, a la necesidad, a los signos de los tiempos, siempre \u201cpara mayor gloria de Dios\u201d, que es el bien de la persona.<\/p><p>Un hombre\u00a0apasionado, misericordioso y compasivo\u00a0ante el sufrimiento, la muerte, el desamparo\u2026 resolutivo, arriesgado, con visi\u00f3n de futuro, mirando siempre hacia adelante, apoyado en la fuerza de haber entregado la vida al Se\u00f1or, al servicio de los m\u00e1s d\u00e9biles.<\/p><p>Un hombre con\u00a0capacidad de ilusionar, entusiasmar y comprometer a muchas personas en el seguimiento de Jes\u00fas.<\/p><p>Un hombre que\u00a0mostr\u00f3 el perd\u00f3n y la paz\u00a0como signos de la vida evang\u00e9lica y franciscana.<\/p><p>Luis Amig\u00f3 fue un capuchino obediente, pero en\u00e9rgico; un religioso sencillo, viviendo en minoridad y fraternidad; un padre amoroso, como fundador de sus dos congregaciones; un pastor vigilante y entregado como obispo en las di\u00f3cesis donde fue asignado, hasta el final de sus d\u00edas.<\/p><p>La Introducci\u00f3n a su Autobiograf\u00eda, escrita por Mons. Javier Lauzurica, quien fuera su gran amigo, recoge un bello retrato de nuestro Fundador:\u00a0\u201cEl fondo de su ser, la paz; su vestidura, la humildad. Fue su vida correr manso de un r\u00edo, sin declives pronunciados ni desbordamientos que rebasan el cauce. A su paso florecieron las flores de toda virtud: la caridad, la pobreza, la humildad, la obediencia, la austeridad, el sacrificio&#8230; La bondad de su hermosa alma se le irradiaba en la sonrisa, que iluminaba su rostro; sonrisa que ni la muerte pudo borrar. Posey\u00f3, como pocos, el raro don de una vida inalterablemente serena, sin relieves, sin deslumbramientos, callada en la superficie pura de profundo cauce espiritual\u2026<\/p>\t\t\t\t\t\t<\/div>\n\t\t\t\t<\/div>\n\t\t\t\t\t<\/div>\n\t\t<\/div>\n\t\t\t\t\t\t\t<\/div>\n\t\t<\/section>\n\t\t\t\t\t\t\t<\/div>\n\t\t","protected":false},"excerpt":{"rendered":"<p>Apuntes sobre su vida El fundador de nuestra Familia religiosa es Fray Luis Amig\u00f3 y Ferrer, Ofmcap. Naci\u00f3 el 17 de octubre de 1854 en Massamagrell (Valencia \u2013 Espa\u00f1a) y a lo largo de sus casi 80 a\u00f1os, vivi\u00f3 momentos delicados de la historia de Espa\u00f1a. Fue probado por la muerte prematura de sus padres&hellip; <br \/> <a class=\"read-more\" href=\"https:\/\/terciariascapuchinasbuenpastor.org\/index.php\/nuestro-fundador\/\">Leer m\u00e1s<\/a><\/p>\n","protected":false},"author":1,"featured_media":0,"parent":0,"menu_order":0,"comment_status":"closed","ping_status":"closed","template":"","meta":{"footnotes":""},"class_list":["post-2042","page","type-page","status-publish","hentry"],"yoast_head":"<!-- This site is optimized with the Yoast SEO plugin v19.6.1 - https:\/\/yoast.com\/wordpress\/plugins\/seo\/ -->\n<title>Nuestro Fundador - Terciarias Capuchinas Madre del Buen Pastor<\/title>\n<meta name=\"description\" content=\"Luis Amig\u00f3 y Ferrer, Ofmcap. Naci\u00f3 el 17 octub. de 1854 en Massamagrell (Valencia \u2013 Espa\u00f1a), Muri\u00f3 30 sept. 1934. obras: enfermos, presos\" \/>\n<meta name=\"robots\" content=\"index, follow, max-snippet:-1, max-image-preview:large, max-video-preview:-1\" \/>\n<link rel=\"canonical\" href=\"https:\/\/terciariascapuchinasbuenpastor.org\/index.php\/nuestro-fundador\/\" \/>\n<meta property=\"og:locale\" content=\"es_ES\" \/>\n<meta property=\"og:type\" content=\"article\" \/>\n<meta property=\"og:title\" content=\"Nuestro Fundador - Terciarias Capuchinas Madre del Buen Pastor\" \/>\n<meta property=\"og:description\" content=\"Luis Amig\u00f3 y Ferrer, Ofmcap. Naci\u00f3 el 17 octub. de 1854 en Massamagrell (Valencia \u2013 Espa\u00f1a), Muri\u00f3 30 sept. 1934. obras: enfermos, presos\" \/>\n<meta property=\"og:url\" content=\"https:\/\/terciariascapuchinasbuenpastor.org\/index.php\/nuestro-fundador\/\" \/>\n<meta property=\"og:site_name\" content=\"Terciarias Capuchinas Madre del Buen Pastor\" \/>\n<meta property=\"article:modified_time\" content=\"2025-07-29T14:56:27+00:00\" \/>\n<meta property=\"og:image\" content=\"http:\/\/terciariascapuchinasbuenpastor.org\/wp-content\/uploads\/2022\/08\/111111.jpg\" \/>\n<meta name=\"twitter:card\" content=\"summary_large_image\" \/>\n<meta name=\"twitter:label1\" content=\"Tiempo estimado de lectura\" \/>\n\t<meta name=\"twitter:data1\" content=\"6 minutos\" \/>\n<script type=\"application\/ld+json\" class=\"yoast-schema-graph\">{\"@context\":\"https:\/\/schema.org\",\"@graph\":[{\"@type\":\"WebPage\",\"@id\":\"https:\/\/terciariascapuchinasbuenpastor.org\/index.php\/nuestro-fundador\/\",\"url\":\"https:\/\/terciariascapuchinasbuenpastor.org\/index.php\/nuestro-fundador\/\",\"name\":\"Nuestro Fundador - Terciarias Capuchinas Madre del Buen Pastor\",\"isPartOf\":{\"@id\":\"https:\/\/terciariascapuchinasbuenpastor.org\/#website\"},\"datePublished\":\"2022-08-28T20:33:38+00:00\",\"dateModified\":\"2025-07-29T14:56:27+00:00\",\"description\":\"Luis Amig\u00f3 y Ferrer, Ofmcap. Naci\u00f3 el 17 octub. de 1854 en Massamagrell (Valencia \u2013 Espa\u00f1a), Muri\u00f3 30 sept. 1934. obras: enfermos, presos\",\"breadcrumb\":{\"@id\":\"https:\/\/terciariascapuchinasbuenpastor.org\/index.php\/nuestro-fundador\/#breadcrumb\"},\"inLanguage\":\"es-CO\",\"potentialAction\":[{\"@type\":\"ReadAction\",\"target\":[\"https:\/\/terciariascapuchinasbuenpastor.org\/index.php\/nuestro-fundador\/\"]}]},{\"@type\":\"BreadcrumbList\",\"@id\":\"https:\/\/terciariascapuchinasbuenpastor.org\/index.php\/nuestro-fundador\/#breadcrumb\",\"itemListElement\":[{\"@type\":\"ListItem\",\"position\":1,\"name\":\"Inicio\",\"item\":\"https:\/\/terciariascapuchinasbuenpastor.org\/\"},{\"@type\":\"ListItem\",\"position\":2,\"name\":\"Nuestro Fundador\"}]},{\"@type\":\"WebSite\",\"@id\":\"https:\/\/terciariascapuchinasbuenpastor.org\/#website\",\"url\":\"https:\/\/terciariascapuchinasbuenpastor.org\/\",\"name\":\"Terciarias Capuchinas Madre del Buen Pastor\",\"description\":\"Sitio oficial - Provincia Madre del Buen Pastor\",\"publisher\":{\"@id\":\"https:\/\/terciariascapuchinasbuenpastor.org\/#organization\"},\"potentialAction\":[{\"@type\":\"SearchAction\",\"target\":{\"@type\":\"EntryPoint\",\"urlTemplate\":\"https:\/\/terciariascapuchinasbuenpastor.org\/?s={search_term_string}\"},\"query-input\":\"required name=search_term_string\"}],\"inLanguage\":\"es-CO\"},{\"@type\":\"Organization\",\"@id\":\"https:\/\/terciariascapuchinasbuenpastor.org\/#organization\",\"name\":\"Terciarias Capuchinas Madre del Buen Pastor\",\"url\":\"https:\/\/terciariascapuchinasbuenpastor.org\/\",\"sameAs\":[],\"logo\":{\"@type\":\"ImageObject\",\"inLanguage\":\"es-CO\",\"@id\":\"https:\/\/terciariascapuchinasbuenpastor.org\/#\/schema\/logo\/image\/\",\"url\":\"https:\/\/terciariascapuchinasbuenpastor.org\/wp-content\/uploads\/2022\/08\/cropped-CC_Express_20220824_1658390.8685437846145748.png\",\"contentUrl\":\"https:\/\/terciariascapuchinasbuenpastor.org\/wp-content\/uploads\/2022\/08\/cropped-CC_Express_20220824_1658390.8685437846145748.png\",\"width\":5057,\"height\":1261,\"caption\":\"Terciarias Capuchinas Madre del Buen Pastor\"},\"image\":{\"@id\":\"https:\/\/terciariascapuchinasbuenpastor.org\/#\/schema\/logo\/image\/\"}}]}<\/script>\n<!-- \/ Yoast SEO plugin. -->","yoast_head_json":{"title":"Nuestro Fundador - Terciarias Capuchinas Madre del Buen Pastor","description":"Luis Amig\u00f3 y Ferrer, Ofmcap. Naci\u00f3 el 17 octub. de 1854 en Massamagrell (Valencia \u2013 Espa\u00f1a), Muri\u00f3 30 sept. 1934. obras: enfermos, presos","robots":{"index":"index","follow":"follow","max-snippet":"max-snippet:-1","max-image-preview":"max-image-preview:large","max-video-preview":"max-video-preview:-1"},"canonical":"https:\/\/terciariascapuchinasbuenpastor.org\/index.php\/nuestro-fundador\/","og_locale":"es_ES","og_type":"article","og_title":"Nuestro Fundador - Terciarias Capuchinas Madre del Buen Pastor","og_description":"Luis Amig\u00f3 y Ferrer, Ofmcap. Naci\u00f3 el 17 octub. de 1854 en Massamagrell (Valencia \u2013 Espa\u00f1a), Muri\u00f3 30 sept. 1934. obras: enfermos, presos","og_url":"https:\/\/terciariascapuchinasbuenpastor.org\/index.php\/nuestro-fundador\/","og_site_name":"Terciarias Capuchinas Madre del Buen Pastor","article_modified_time":"2025-07-29T14:56:27+00:00","og_image":[{"url":"http:\/\/terciariascapuchinasbuenpastor.org\/wp-content\/uploads\/2022\/08\/111111.jpg"}],"twitter_card":"summary_large_image","twitter_misc":{"Tiempo estimado de lectura":"6 minutos"},"schema":{"@context":"https:\/\/schema.org","@graph":[{"@type":"WebPage","@id":"https:\/\/terciariascapuchinasbuenpastor.org\/index.php\/nuestro-fundador\/","url":"https:\/\/terciariascapuchinasbuenpastor.org\/index.php\/nuestro-fundador\/","name":"Nuestro Fundador - Terciarias Capuchinas Madre del Buen Pastor","isPartOf":{"@id":"https:\/\/terciariascapuchinasbuenpastor.org\/#website"},"datePublished":"2022-08-28T20:33:38+00:00","dateModified":"2025-07-29T14:56:27+00:00","description":"Luis Amig\u00f3 y Ferrer, Ofmcap. Naci\u00f3 el 17 octub. de 1854 en Massamagrell (Valencia \u2013 Espa\u00f1a), Muri\u00f3 30 sept. 1934. obras: enfermos, presos","breadcrumb":{"@id":"https:\/\/terciariascapuchinasbuenpastor.org\/index.php\/nuestro-fundador\/#breadcrumb"},"inLanguage":"es-CO","potentialAction":[{"@type":"ReadAction","target":["https:\/\/terciariascapuchinasbuenpastor.org\/index.php\/nuestro-fundador\/"]}]},{"@type":"BreadcrumbList","@id":"https:\/\/terciariascapuchinasbuenpastor.org\/index.php\/nuestro-fundador\/#breadcrumb","itemListElement":[{"@type":"ListItem","position":1,"name":"Inicio","item":"https:\/\/terciariascapuchinasbuenpastor.org\/"},{"@type":"ListItem","position":2,"name":"Nuestro Fundador"}]},{"@type":"WebSite","@id":"https:\/\/terciariascapuchinasbuenpastor.org\/#website","url":"https:\/\/terciariascapuchinasbuenpastor.org\/","name":"Terciarias Capuchinas Madre del Buen Pastor","description":"Sitio oficial - Provincia Madre del Buen Pastor","publisher":{"@id":"https:\/\/terciariascapuchinasbuenpastor.org\/#organization"},"potentialAction":[{"@type":"SearchAction","target":{"@type":"EntryPoint","urlTemplate":"https:\/\/terciariascapuchinasbuenpastor.org\/?s={search_term_string}"},"query-input":"required name=search_term_string"}],"inLanguage":"es-CO"},{"@type":"Organization","@id":"https:\/\/terciariascapuchinasbuenpastor.org\/#organization","name":"Terciarias Capuchinas Madre del Buen Pastor","url":"https:\/\/terciariascapuchinasbuenpastor.org\/","sameAs":[],"logo":{"@type":"ImageObject","inLanguage":"es-CO","@id":"https:\/\/terciariascapuchinasbuenpastor.org\/#\/schema\/logo\/image\/","url":"https:\/\/terciariascapuchinasbuenpastor.org\/wp-content\/uploads\/2022\/08\/cropped-CC_Express_20220824_1658390.8685437846145748.png","contentUrl":"https:\/\/terciariascapuchinasbuenpastor.org\/wp-content\/uploads\/2022\/08\/cropped-CC_Express_20220824_1658390.8685437846145748.png","width":5057,"height":1261,"caption":"Terciarias Capuchinas Madre del Buen Pastor"},"image":{"@id":"https:\/\/terciariascapuchinasbuenpastor.org\/#\/schema\/logo\/image\/"}}]}},"_links":{"self":[{"href":"https:\/\/terciariascapuchinasbuenpastor.org\/index.php\/wp-json\/wp\/v2\/pages\/2042","targetHints":{"allow":["GET"]}}],"collection":[{"href":"https:\/\/terciariascapuchinasbuenpastor.org\/index.php\/wp-json\/wp\/v2\/pages"}],"about":[{"href":"https:\/\/terciariascapuchinasbuenpastor.org\/index.php\/wp-json\/wp\/v2\/types\/page"}],"author":[{"embeddable":true,"href":"https:\/\/terciariascapuchinasbuenpastor.org\/index.php\/wp-json\/wp\/v2\/users\/1"}],"replies":[{"embeddable":true,"href":"https:\/\/terciariascapuchinasbuenpastor.org\/index.php\/wp-json\/wp\/v2\/comments?post=2042"}],"version-history":[{"count":10,"href":"https:\/\/terciariascapuchinasbuenpastor.org\/index.php\/wp-json\/wp\/v2\/pages\/2042\/revisions"}],"predecessor-version":[{"id":2054,"href":"https:\/\/terciariascapuchinasbuenpastor.org\/index.php\/wp-json\/wp\/v2\/pages\/2042\/revisions\/2054"}],"wp:attachment":[{"href":"https:\/\/terciariascapuchinasbuenpastor.org\/index.php\/wp-json\/wp\/v2\/media?parent=2042"}],"curies":[{"name":"wp","href":"https:\/\/api.w.org\/{rel}","templated":true}]}}