{"id":2058,"date":"2022-08-28T21:21:48","date_gmt":"2022-08-28T21:21:48","guid":{"rendered":"https:\/\/terciariascapuchinasbuenpastor.org\/?page_id=2058"},"modified":"2025-07-24T17:08:43","modified_gmt":"2025-07-24T17:08:43","slug":"provincial","status":"publish","type":"page","link":"https:\/\/terciariascapuchinasbuenpastor.org\/index.php\/provincial\/","title":{"rendered":"GOBIERNO PROVINCIAL"},"content":{"rendered":"\t\t<div data-elementor-type=\"wp-page\" data-elementor-id=\"2058\" class=\"elementor elementor-2058\">\n\t\t\t\t\t\t\t\t\t<section class=\"elementor-section elementor-top-section elementor-element elementor-element-436b73f elementor-section-full_width elementor-section-height-default elementor-section-height-default\" data-id=\"436b73f\" data-element_type=\"section\">\n\t\t\t\t\t\t<div class=\"elementor-container elementor-column-gap-default\">\n\t\t\t\t\t<div class=\"elementor-column elementor-col-100 elementor-top-column elementor-element elementor-element-5b6022a\" data-id=\"5b6022a\" data-element_type=\"column\">\n\t\t\t<div class=\"elementor-widget-wrap elementor-element-populated\">\n\t\t\t\t\t\t\t\t<div class=\"elementor-element elementor-element-5616f54 elementor-drop-cap-yes elementor-drop-cap-view-default elementor-widget elementor-widget-text-editor\" data-id=\"5616f54\" data-element_type=\"widget\" data-settings=\"{&quot;drop_cap&quot;:&quot;yes&quot;}\" data-widget_type=\"text-editor.default\">\n\t\t\t\t<div class=\"elementor-widget-container\">\n\t\t\t<style>\/*! elementor - v3.7.1 - 14-08-2022 *\/\n.elementor-widget-text-editor.elementor-drop-cap-view-stacked .elementor-drop-cap{background-color:#818a91;color:#fff}.elementor-widget-text-editor.elementor-drop-cap-view-framed .elementor-drop-cap{color:#818a91;border:3px solid;background-color:transparent}.elementor-widget-text-editor:not(.elementor-drop-cap-view-default) .elementor-drop-cap{margin-top:8px}.elementor-widget-text-editor:not(.elementor-drop-cap-view-default) .elementor-drop-cap-letter{width:1em;height:1em}.elementor-widget-text-editor .elementor-drop-cap{float:left;text-align:center;line-height:1;font-size:50px}.elementor-widget-text-editor .elementor-drop-cap-letter{display:inline-block}<\/style>\t\t\t\t<h3 style=\"text-align: center;\"><span style=\"color: #993300;\"><strong>Nuevo Gobierno Provincial. <\/strong><\/span><\/h3><h3 style=\"text-align: center;\"><span style=\"color: #993300;\"><strong>Trienio 2024 \u2013 2027<\/strong><\/span><\/h3><p><strong>\u00a0<\/strong><\/p><p>La Provincia Madre del Buen Pastor, celebr\u00f3 su tercer Cap\u00edtulo Provincial, los d\u00edas 17 al 22 de agosto en la casa de Retiros y Encuentros \u201cVilla Mar\u00eda\u201d de Fusagasug\u00e1, Cundinamarca. Las elecciones del nuevo Gobierno Provincial tuvieron lugar el d\u00eda 20 de agosto, siendo elegidas para este servicio las hermanas:<\/p><p><strong>Superiora Provincial: \u00a0\u00a0\u00a0\u00a0\u00a0\u00a0\u00a0\u00a0\u00a0\u00a0\u00a0\u00a0\u00a0\u00a0\u00a0\u00a0\u00a0\u00a0\u00a0\u00a0 <\/strong>Lilia Celina Barrera Ram\u00edrez<\/p><p><strong>Vicaria y primera Consejera: \u00a0\u00a0\u00a0\u00a0\u00a0\u00a0\u00a0\u00a0 <\/strong>Herlinda In\u00e9s Maestre G\u00e1mez<\/p><p><strong>Segunda Consejera:\u00a0 \u00a0 \u00a0 \u00a0 \u00a0 \u00a0 \u00a0 \u00a0 \u00a0 \u00a0 \u00a0 \u00a0 <\/strong>Claudia Patricia Ch\u00e1ux Rojas<\/p><p><strong>Tercera Consejera:\u00a0\u00a0\u00a0\u00a0\u00a0\u00a0\u00a0\u00a0\u00a0\u00a0\u00a0\u00a0\u00a0\u00a0\u00a0\u00a0\u00a0\u00a0\u00a0\u00a0\u00a0\u00a0\u00a0\u00a0\u00a0 <\/strong>Ana Dolores Mora Gantiva<\/p><p><strong>Cuarta Consejera:\u00a0\u00a0\u00a0\u00a0\u00a0\u00a0\u00a0\u00a0\u00a0\u00a0\u00a0\u00a0\u00a0\u00a0\u00a0\u00a0\u00a0\u00a0\u00a0\u00a0\u00a0\u00a0\u00a0\u00a0\u00a0\u00a0\u00a0 <\/strong>Luisa Dos Santos Rodrigues<\/p>\t\t\t\t\t\t<\/div>\n\t\t\t\t<\/div>\n\t\t\t\t\t<\/div>\n\t\t<\/div>\n\t\t\t\t\t\t\t<\/div>\n\t\t<\/section>\n\t\t\t\t<section class=\"elementor-section elementor-top-section elementor-element elementor-element-6c4cda6 elementor-section-boxed elementor-section-height-default elementor-section-height-default\" data-id=\"6c4cda6\" data-element_type=\"section\">\n\t\t\t\t\t\t<div class=\"elementor-container elementor-column-gap-default\">\n\t\t\t\t\t<div class=\"elementor-column elementor-col-50 elementor-top-column elementor-element elementor-element-82c829d\" data-id=\"82c829d\" data-element_type=\"column\">\n\t\t\t<div class=\"elementor-widget-wrap elementor-element-populated\">\n\t\t\t\t\t\t\t\t<div class=\"elementor-element elementor-element-db6cdcf elementor-widget elementor-widget-image\" data-id=\"db6cdcf\" data-element_type=\"widget\" data-widget_type=\"image.default\">\n\t\t\t\t<div class=\"elementor-widget-container\">\n\t\t\t<style>\/*! elementor - v3.7.1 - 14-08-2022 *\/\n.elementor-widget-image{text-align:center}.elementor-widget-image a{display:inline-block}.elementor-widget-image a img[src$=\".svg\"]{width:48px}.elementor-widget-image img{vertical-align:middle;display:inline-block}<\/style>\t\t\t\t\t\t\t\t\t\t\t\t<img loading=\"lazy\" decoding=\"async\" width=\"537\" height=\"528\" src=\"https:\/\/terciariascapuchinasbuenpastor.org\/wp-content\/uploads\/2024\/08\/SuperioraP_Lilia.jpg\" class=\"attachment-large size-large\" alt=\"\" srcset=\"https:\/\/terciariascapuchinasbuenpastor.org\/wp-content\/uploads\/2024\/08\/SuperioraP_Lilia.jpg 537w, https:\/\/terciariascapuchinasbuenpastor.org\/wp-content\/uploads\/2024\/08\/SuperioraP_Lilia-300x295.jpg 300w\" sizes=\"auto, (max-width: 537px) 100vw, 537px\" \/>\t\t\t\t\t\t\t\t\t\t\t\t\t\t\t<\/div>\n\t\t\t\t<\/div>\n\t\t\t\t\t<\/div>\n\t\t<\/div>\n\t\t\t\t<div class=\"elementor-column elementor-col-50 elementor-top-column elementor-element elementor-element-844b7d1\" data-id=\"844b7d1\" data-element_type=\"column\">\n\t\t\t<div class=\"elementor-widget-wrap elementor-element-populated\">\n\t\t\t\t\t\t\t\t<div class=\"elementor-element elementor-element-025662d elementor-widget elementor-widget-image\" data-id=\"025662d\" data-element_type=\"widget\" data-widget_type=\"image.default\">\n\t\t\t\t<div class=\"elementor-widget-container\">\n\t\t\t\t\t\t\t\t\t\t\t\t\t\t\t<img loading=\"lazy\" decoding=\"async\" width=\"660\" height=\"577\" src=\"https:\/\/terciariascapuchinasbuenpastor.org\/wp-content\/uploads\/2024\/08\/nuevoGobiernoP.jpg\" class=\"attachment-large size-large\" alt=\"\" srcset=\"https:\/\/terciariascapuchinasbuenpastor.org\/wp-content\/uploads\/2024\/08\/nuevoGobiernoP.jpg 660w, https:\/\/terciariascapuchinasbuenpastor.org\/wp-content\/uploads\/2024\/08\/nuevoGobiernoP-300x262.jpg 300w\" sizes=\"auto, (max-width: 660px) 100vw, 660px\" \/>\t\t\t\t\t\t\t\t\t\t\t\t\t\t\t<\/div>\n\t\t\t\t<\/div>\n\t\t\t\t\t<\/div>\n\t\t<\/div>\n\t\t\t\t\t\t\t<\/div>\n\t\t<\/section>\n\t\t\t\t<section class=\"elementor-section elementor-top-section elementor-element elementor-element-7b64bb7 elementor-section-boxed elementor-section-height-default elementor-section-height-default\" data-id=\"7b64bb7\" data-element_type=\"section\">\n\t\t\t\t\t\t<div class=\"elementor-container elementor-column-gap-default\">\n\t\t\t\t\t<div class=\"elementor-column elementor-col-100 elementor-top-column elementor-element elementor-element-e7fcad7\" data-id=\"e7fcad7\" data-element_type=\"column\">\n\t\t\t<div class=\"elementor-widget-wrap elementor-element-populated\">\n\t\t\t\t\t\t\t\t<div class=\"elementor-element elementor-element-074e9f3 elementor-widget elementor-widget-text-editor\" data-id=\"074e9f3\" data-element_type=\"widget\" data-widget_type=\"text-editor.default\">\n\t\t\t\t<div class=\"elementor-widget-container\">\n\t\t\t\t\t\t\t<p>La Provincia Madre del Buen Pastor, acoge fraternalmente el nuevo Equipo de Gobierno provincial y ofrece la oraci\u00f3n incondicional por cada una de las hermanas que lo conforman, deseando que puedan secundar en todo momento la acci\u00f3n del Esp\u00edritu Santo sobre las comunidades y Obras\u00a0 apost\u00f3licas que les han sido confiadas.<\/p>\t\t\t\t\t\t<\/div>\n\t\t\t\t<\/div>\n\t\t\t\t\t<\/div>\n\t\t<\/div>\n\t\t\t\t\t\t\t<\/div>\n\t\t<\/section>\n\t\t\t\t<section class=\"elementor-section elementor-top-section elementor-element elementor-element-8602893 elementor-section-boxed elementor-section-height-default elementor-section-height-default\" data-id=\"8602893\" data-element_type=\"section\">\n\t\t\t\t\t\t<div class=\"elementor-container elementor-column-gap-default\">\n\t\t\t\t\t<div class=\"elementor-column elementor-col-100 elementor-top-column elementor-element elementor-element-0de2915\" data-id=\"0de2915\" data-element_type=\"column\">\n\t\t\t<div class=\"elementor-widget-wrap elementor-element-populated\">\n\t\t\t\t\t\t\t\t<div class=\"elementor-element elementor-element-3fe27aa elementor-widget elementor-widget-text-editor\" data-id=\"3fe27aa\" data-element_type=\"widget\" data-widget_type=\"text-editor.default\">\n\t\t\t\t<div class=\"elementor-widget-container\">\n\t\t\t\t\t\t\t<p>\u00a0<\/p><hr \/><p style=\"text-align: left;\"><em>La Provincia Madre del Buen Pastor, fue erigida Can\u00f3nicamente el 9 de noviembre de 2016, luego de varias etapas en el proceso de reestructuraci\u00f3n, que suscit\u00f3: \u201cUna \u00fanica propuesta para Am\u00e9rica Latina: Tres Demarcaciones\u2026\u201d seg\u00fan decreto emitido por el Gobierno general de la Congregaci\u00f3n del 12 de diciembre de 2015. El Decreto de erecci\u00f3n can\u00f3nica de la Demarcaci\u00f3n Madre del Buen Pastor, en su numeral 6, dice: \u201cQue el \u00fanico motivo que mueve a constituir esta nueva Demarcaci\u00f3n es el de aunar esfuerzos para fortalecer la identidad carism\u00e1tica, la vida fraterna y la misi\u00f3n, mediante un compromiso testimonial en la Iglesia, la Congregaci\u00f3n y la Provincia, para que a la vez enriquezca la vivencia de la vida consagrada y acreciente el nacimiento y fecundidad de nuevas vocaciones\u201d.<\/em><\/p><p style=\"text-align: left;\"><em>\u201cA la vista de cuanto antecede, habi\u00e9ndose suprimido can\u00f3nicamente las provincias \u201cSagrado coraz\u00f3n de Jes\u00fas\u201d, \u201cSanta Mar\u00eda\u201d y \u201cNuestra Se\u00f1ora de Montiel\u201d de Colombia, \u201cFray Luis Amig\u00f3\u201d de Brasil y la Viceprovincia \u201cBuen Pastor\u201d, se erige una \u00fanica provincia, en ese entonces con cuarenta y ocho comunidades, (hoy la conforman treinta y tres comunidades).<\/em><\/p><p style=\"text-align: left;\"><em>\u201cEl nombre de la nueva provincia ser\u00e1 \u201cMadre del Buen Pastor\u201d, tendr\u00e1 su sede en Bogot\u00e1 (Colombia), Calle 24 A 43B -28. Barrio Quinta Paredes, celebr\u00e1ndose la Fiesta Patronal el s\u00e1bado de la tercera semana de pascua\u201d.<\/em><\/p><p style=\"text-align: left;\"><em>EL presente Decreto fue promulgado, el d\u00eda 13 de diciembre de 2016, con ocasi\u00f3n de la celebraci\u00f3n de las Asambleas en Bogot\u00e1, Brasil y Chile. Fue dado en Roma el nueve de noviembre del a\u00f1o dos mil diecis\u00e9is (2016) por la Superiora general, Hna. Ana Tulia L\u00f3pez Bedoya<\/em><\/p><hr \/><p>\u00a0<\/p>\t\t\t\t\t\t<\/div>\n\t\t\t\t<\/div>\n\t\t\t\t\t<\/div>\n\t\t<\/div>\n\t\t\t\t\t\t\t<\/div>\n\t\t<\/section>\n\t\t\t\t\t\t\t<\/div>\n\t\t","protected":false},"excerpt":{"rendered":"<p>Nuevo Gobierno Provincial. Trienio 2024 \u2013 2027 \u00a0 La Provincia Madre del Buen Pastor, celebr\u00f3 su tercer Cap\u00edtulo Provincial, los d\u00edas 17 al 22 de agosto en la casa de Retiros y Encuentros \u201cVilla Mar\u00eda\u201d de Fusagasug\u00e1, Cundinamarca. Las elecciones del nuevo Gobierno Provincial tuvieron lugar el d\u00eda 20 de agosto, siendo elegidas para este&hellip; <br \/> <a class=\"read-more\" href=\"https:\/\/terciariascapuchinasbuenpastor.org\/index.php\/provincial\/\">Leer m\u00e1s<\/a><\/p>\n","protected":false},"author":1,"featured_media":0,"parent":0,"menu_order":0,"comment_status":"closed","ping_status":"closed","template":"","meta":{"footnotes":""},"class_list":["post-2058","page","type-page","status-publish","hentry"],"yoast_head":"<!-- This site is optimized with the Yoast SEO plugin v19.6.1 - https:\/\/yoast.com\/wordpress\/plugins\/seo\/ -->\n<title>GOBIERNO PROVINCIAL - Terciarias Capuchinas Madre del Buen Pastor<\/title>\n<meta name=\"description\" content=\"Fortalecer la identidad carism\u00e1tica, la vida fraterna y la misi\u00f3n, mediante un compromiso testimonial en la Iglesia.\" \/>\n<meta name=\"robots\" content=\"index, follow, max-snippet:-1, max-image-preview:large, max-video-preview:-1\" \/>\n<link rel=\"canonical\" href=\"https:\/\/terciariascapuchinasbuenpastor.org\/index.php\/provincial\/\" \/>\n<meta property=\"og:locale\" content=\"es_ES\" \/>\n<meta property=\"og:type\" content=\"article\" \/>\n<meta property=\"og:title\" content=\"GOBIERNO PROVINCIAL - Terciarias Capuchinas Madre del Buen Pastor\" \/>\n<meta property=\"og:description\" content=\"Fortalecer la identidad carism\u00e1tica, la vida fraterna y la misi\u00f3n, mediante un compromiso testimonial en la Iglesia.\" \/>\n<meta property=\"og:url\" content=\"https:\/\/terciariascapuchinasbuenpastor.org\/index.php\/provincial\/\" \/>\n<meta property=\"og:site_name\" content=\"Terciarias Capuchinas Madre del Buen Pastor\" \/>\n<meta property=\"article:modified_time\" content=\"2025-07-24T17:08:43+00:00\" \/>\n<meta property=\"og:image\" content=\"http:\/\/terciariascapuchinasbuenpastor.org\/wp-content\/uploads\/2024\/08\/SuperioraP_Lilia.jpg\" \/>\n<meta name=\"twitter:card\" content=\"summary_large_image\" \/>\n<meta name=\"twitter:label1\" content=\"Tiempo estimado de lectura\" \/>\n\t<meta name=\"twitter:data1\" content=\"3 minutos\" \/>\n<script type=\"application\/ld+json\" class=\"yoast-schema-graph\">{\"@context\":\"https:\/\/schema.org\",\"@graph\":[{\"@type\":\"WebPage\",\"@id\":\"https:\/\/terciariascapuchinasbuenpastor.org\/index.php\/provincial\/\",\"url\":\"https:\/\/terciariascapuchinasbuenpastor.org\/index.php\/provincial\/\",\"name\":\"GOBIERNO PROVINCIAL - Terciarias Capuchinas Madre del Buen Pastor\",\"isPartOf\":{\"@id\":\"https:\/\/terciariascapuchinasbuenpastor.org\/#website\"},\"datePublished\":\"2022-08-28T21:21:48+00:00\",\"dateModified\":\"2025-07-24T17:08:43+00:00\",\"description\":\"Fortalecer la identidad carism\u00e1tica, la vida fraterna y la misi\u00f3n, mediante un compromiso testimonial en la Iglesia.\",\"breadcrumb\":{\"@id\":\"https:\/\/terciariascapuchinasbuenpastor.org\/index.php\/provincial\/#breadcrumb\"},\"inLanguage\":\"es-CO\",\"potentialAction\":[{\"@type\":\"ReadAction\",\"target\":[\"https:\/\/terciariascapuchinasbuenpastor.org\/index.php\/provincial\/\"]}]},{\"@type\":\"BreadcrumbList\",\"@id\":\"https:\/\/terciariascapuchinasbuenpastor.org\/index.php\/provincial\/#breadcrumb\",\"itemListElement\":[{\"@type\":\"ListItem\",\"position\":1,\"name\":\"Inicio\",\"item\":\"https:\/\/terciariascapuchinasbuenpastor.org\/\"},{\"@type\":\"ListItem\",\"position\":2,\"name\":\"GOBIERNO PROVINCIAL\"}]},{\"@type\":\"WebSite\",\"@id\":\"https:\/\/terciariascapuchinasbuenpastor.org\/#website\",\"url\":\"https:\/\/terciariascapuchinasbuenpastor.org\/\",\"name\":\"Terciarias Capuchinas Madre del Buen Pastor\",\"description\":\"Sitio oficial - Provincia Madre del Buen Pastor\",\"publisher\":{\"@id\":\"https:\/\/terciariascapuchinasbuenpastor.org\/#organization\"},\"potentialAction\":[{\"@type\":\"SearchAction\",\"target\":{\"@type\":\"EntryPoint\",\"urlTemplate\":\"https:\/\/terciariascapuchinasbuenpastor.org\/?s={search_term_string}\"},\"query-input\":\"required name=search_term_string\"}],\"inLanguage\":\"es-CO\"},{\"@type\":\"Organization\",\"@id\":\"https:\/\/terciariascapuchinasbuenpastor.org\/#organization\",\"name\":\"Terciarias Capuchinas Madre del Buen Pastor\",\"url\":\"https:\/\/terciariascapuchinasbuenpastor.org\/\",\"sameAs\":[],\"logo\":{\"@type\":\"ImageObject\",\"inLanguage\":\"es-CO\",\"@id\":\"https:\/\/terciariascapuchinasbuenpastor.org\/#\/schema\/logo\/image\/\",\"url\":\"https:\/\/terciariascapuchinasbuenpastor.org\/wp-content\/uploads\/2022\/08\/cropped-CC_Express_20220824_1658390.8685437846145748.png\",\"contentUrl\":\"https:\/\/terciariascapuchinasbuenpastor.org\/wp-content\/uploads\/2022\/08\/cropped-CC_Express_20220824_1658390.8685437846145748.png\",\"width\":5057,\"height\":1261,\"caption\":\"Terciarias Capuchinas Madre del Buen Pastor\"},\"image\":{\"@id\":\"https:\/\/terciariascapuchinasbuenpastor.org\/#\/schema\/logo\/image\/\"}}]}<\/script>\n<!-- \/ Yoast SEO plugin. -->","yoast_head_json":{"title":"GOBIERNO PROVINCIAL - Terciarias Capuchinas Madre del Buen Pastor","description":"Fortalecer la identidad carism\u00e1tica, la vida fraterna y la misi\u00f3n, mediante un compromiso testimonial en la Iglesia.","robots":{"index":"index","follow":"follow","max-snippet":"max-snippet:-1","max-image-preview":"max-image-preview:large","max-video-preview":"max-video-preview:-1"},"canonical":"https:\/\/terciariascapuchinasbuenpastor.org\/index.php\/provincial\/","og_locale":"es_ES","og_type":"article","og_title":"GOBIERNO PROVINCIAL - Terciarias Capuchinas Madre del Buen Pastor","og_description":"Fortalecer la identidad carism\u00e1tica, la vida fraterna y la misi\u00f3n, mediante un compromiso testimonial en la Iglesia.","og_url":"https:\/\/terciariascapuchinasbuenpastor.org\/index.php\/provincial\/","og_site_name":"Terciarias Capuchinas Madre del Buen Pastor","article_modified_time":"2025-07-24T17:08:43+00:00","og_image":[{"url":"http:\/\/terciariascapuchinasbuenpastor.org\/wp-content\/uploads\/2024\/08\/SuperioraP_Lilia.jpg"}],"twitter_card":"summary_large_image","twitter_misc":{"Tiempo estimado de lectura":"3 minutos"},"schema":{"@context":"https:\/\/schema.org","@graph":[{"@type":"WebPage","@id":"https:\/\/terciariascapuchinasbuenpastor.org\/index.php\/provincial\/","url":"https:\/\/terciariascapuchinasbuenpastor.org\/index.php\/provincial\/","name":"GOBIERNO PROVINCIAL - Terciarias Capuchinas Madre del Buen Pastor","isPartOf":{"@id":"https:\/\/terciariascapuchinasbuenpastor.org\/#website"},"datePublished":"2022-08-28T21:21:48+00:00","dateModified":"2025-07-24T17:08:43+00:00","description":"Fortalecer la identidad carism\u00e1tica, la vida fraterna y la misi\u00f3n, mediante un compromiso testimonial en la Iglesia.","breadcrumb":{"@id":"https:\/\/terciariascapuchinasbuenpastor.org\/index.php\/provincial\/#breadcrumb"},"inLanguage":"es-CO","potentialAction":[{"@type":"ReadAction","target":["https:\/\/terciariascapuchinasbuenpastor.org\/index.php\/provincial\/"]}]},{"@type":"BreadcrumbList","@id":"https:\/\/terciariascapuchinasbuenpastor.org\/index.php\/provincial\/#breadcrumb","itemListElement":[{"@type":"ListItem","position":1,"name":"Inicio","item":"https:\/\/terciariascapuchinasbuenpastor.org\/"},{"@type":"ListItem","position":2,"name":"GOBIERNO PROVINCIAL"}]},{"@type":"WebSite","@id":"https:\/\/terciariascapuchinasbuenpastor.org\/#website","url":"https:\/\/terciariascapuchinasbuenpastor.org\/","name":"Terciarias Capuchinas Madre del Buen Pastor","description":"Sitio oficial - Provincia Madre del Buen Pastor","publisher":{"@id":"https:\/\/terciariascapuchinasbuenpastor.org\/#organization"},"potentialAction":[{"@type":"SearchAction","target":{"@type":"EntryPoint","urlTemplate":"https:\/\/terciariascapuchinasbuenpastor.org\/?s={search_term_string}"},"query-input":"required name=search_term_string"}],"inLanguage":"es-CO"},{"@type":"Organization","@id":"https:\/\/terciariascapuchinasbuenpastor.org\/#organization","name":"Terciarias Capuchinas Madre del Buen Pastor","url":"https:\/\/terciariascapuchinasbuenpastor.org\/","sameAs":[],"logo":{"@type":"ImageObject","inLanguage":"es-CO","@id":"https:\/\/terciariascapuchinasbuenpastor.org\/#\/schema\/logo\/image\/","url":"https:\/\/terciariascapuchinasbuenpastor.org\/wp-content\/uploads\/2022\/08\/cropped-CC_Express_20220824_1658390.8685437846145748.png","contentUrl":"https:\/\/terciariascapuchinasbuenpastor.org\/wp-content\/uploads\/2022\/08\/cropped-CC_Express_20220824_1658390.8685437846145748.png","width":5057,"height":1261,"caption":"Terciarias Capuchinas Madre del Buen Pastor"},"image":{"@id":"https:\/\/terciariascapuchinasbuenpastor.org\/#\/schema\/logo\/image\/"}}]}},"_links":{"self":[{"href":"https:\/\/terciariascapuchinasbuenpastor.org\/index.php\/wp-json\/wp\/v2\/pages\/2058","targetHints":{"allow":["GET"]}}],"collection":[{"href":"https:\/\/terciariascapuchinasbuenpastor.org\/index.php\/wp-json\/wp\/v2\/pages"}],"about":[{"href":"https:\/\/terciariascapuchinasbuenpastor.org\/index.php\/wp-json\/wp\/v2\/types\/page"}],"author":[{"embeddable":true,"href":"https:\/\/terciariascapuchinasbuenpastor.org\/index.php\/wp-json\/wp\/v2\/users\/1"}],"replies":[{"embeddable":true,"href":"https:\/\/terciariascapuchinasbuenpastor.org\/index.php\/wp-json\/wp\/v2\/comments?post=2058"}],"version-history":[{"count":68,"href":"https:\/\/terciariascapuchinasbuenpastor.org\/index.php\/wp-json\/wp\/v2\/pages\/2058\/revisions"}],"predecessor-version":[{"id":5006,"href":"https:\/\/terciariascapuchinasbuenpastor.org\/index.php\/wp-json\/wp\/v2\/pages\/2058\/revisions\/5006"}],"wp:attachment":[{"href":"https:\/\/terciariascapuchinasbuenpastor.org\/index.php\/wp-json\/wp\/v2\/media?parent=2058"}],"curies":[{"name":"wp","href":"https:\/\/api.w.org\/{rel}","templated":true}]}}