{"id":2060,"date":"2022-08-28T21:31:55","date_gmt":"2022-08-28T21:31:55","guid":{"rendered":"https:\/\/terciariascapuchinasbuenpastor.org\/?page_id=2060"},"modified":"2023-09-04T22:09:38","modified_gmt":"2023-09-04T22:09:38","slug":"curia-y-gobierno-general","status":"publish","type":"page","link":"https:\/\/terciariascapuchinasbuenpastor.org\/index.php\/curia-y-gobierno-general\/","title":{"rendered":"CURIA Y GOBIERNO GENERAL"},"content":{"rendered":"\t\t<div data-elementor-type=\"wp-page\" data-elementor-id=\"2060\" class=\"elementor elementor-2060\">\n\t\t\t\t\t\t\t\t\t<section class=\"elementor-section elementor-top-section elementor-element elementor-element-436b73f elementor-section-full_width elementor-section-height-default elementor-section-height-default\" data-id=\"436b73f\" data-element_type=\"section\">\n\t\t\t\t\t\t<div class=\"elementor-container elementor-column-gap-default\">\n\t\t\t\t\t<div class=\"elementor-column elementor-col-100 elementor-top-column elementor-element elementor-element-5b6022a\" data-id=\"5b6022a\" data-element_type=\"column\">\n\t\t\t<div class=\"elementor-widget-wrap elementor-element-populated\">\n\t\t\t\t\t\t\t\t<div class=\"elementor-element elementor-element-5616f54 elementor-drop-cap-yes elementor-drop-cap-view-default elementor-widget elementor-widget-text-editor\" data-id=\"5616f54\" data-element_type=\"widget\" data-settings=\"{&quot;drop_cap&quot;:&quot;yes&quot;}\" data-widget_type=\"text-editor.default\">\n\t\t\t\t<div class=\"elementor-widget-container\">\n\t\t\t<style>\/*! elementor - v3.7.1 - 14-08-2022 *\/\n.elementor-widget-text-editor.elementor-drop-cap-view-stacked .elementor-drop-cap{background-color:#818a91;color:#fff}.elementor-widget-text-editor.elementor-drop-cap-view-framed .elementor-drop-cap{color:#818a91;border:3px solid;background-color:transparent}.elementor-widget-text-editor:not(.elementor-drop-cap-view-default) .elementor-drop-cap{margin-top:8px}.elementor-widget-text-editor:not(.elementor-drop-cap-view-default) .elementor-drop-cap-letter{width:1em;height:1em}.elementor-widget-text-editor .elementor-drop-cap{float:left;text-align:center;line-height:1;font-size:50px}.elementor-widget-text-editor .elementor-drop-cap-letter{display:inline-block}<\/style>\t\t\t\t<p><strong>Curia general<\/strong><\/p><p>En el XIII Cap\u00edtulo general (1962) se madur\u00f3 la idea de trasladar la Curia general a ROMA que hasta ese momento y, desde la fundaci\u00f3n de la Congregaci\u00f3n en 1885, hab\u00eda tenido su sede en diversos lugares dentro de Espa\u00f1a. El 27 de julio de 1964 lleg\u00f3 a la nueva sede de Roma, situada en Via Cassia 1243, perteneciente a la Di\u00f3cesis de Porto y Santa Rufina, la entonces Superiora general con su Consejo. El XIV Cap\u00edtulo general fue el primero en ser celebrado en esta sede, a los que han seguido todos los dem\u00e1s hasta el \u00faltimo, en el a\u00f1o 2022.<\/p><p><strong>Gobierno general<\/strong><\/p><p>Nuestra Congregaci\u00f3n celebr\u00f3 el XXIII Cap\u00edtulo general los d\u00edas 8 de septiembre al 4 de octubre de 2022, en este acontecimiento congregacional, fue nombrado el nuevo Gobierno de la Congregaci\u00f3n para el sexenio 2022-2028.<\/p><p>Superiora general: Hna. Blanca Nidia Bedoya Salazar (Colombiana)<\/p><p>Vicaria general y 1\u00b0 Consejera: Hna. Mar\u00eda Luisa Garc\u00eda Casami\u00e1n (Espa\u00f1a)<\/p><p>2\u00ba Consejera general: Hna. Mar\u00eda Anabelle C\u00e9spedes Morales (Costa Rica)<\/p><p>3\u00ba Consejera general: Hna. Bilma Freire Chamorro (Ecuador)<\/p><p>4\u00ba Consejera general: Hna. Sonia de F\u00e1tima Marani Lunardelli (Brasil)<\/p><p><img loading=\"lazy\" decoding=\"async\" class=\"aligncenter wp-image-4259 size-full\" src=\"http:\/\/terciariascapuchinasbuenpastor.org\/wp-content\/uploads\/2023\/09\/GobiernoGeneral_2022.jpg\" alt=\"\" width=\"1117\" height=\"838\" srcset=\"https:\/\/terciariascapuchinasbuenpastor.org\/wp-content\/uploads\/2023\/09\/GobiernoGeneral_2022.jpg 1117w, https:\/\/terciariascapuchinasbuenpastor.org\/wp-content\/uploads\/2023\/09\/GobiernoGeneral_2022-300x225.jpg 300w, https:\/\/terciariascapuchinasbuenpastor.org\/wp-content\/uploads\/2023\/09\/GobiernoGeneral_2022-1024x768.jpg 1024w, https:\/\/terciariascapuchinasbuenpastor.org\/wp-content\/uploads\/2023\/09\/GobiernoGeneral_2022-768x576.jpg 768w\" sizes=\"auto, (max-width: 1117px) 100vw, 1117px\" \/><\/p><p><strong>El Gobierno general nombr\u00f3:<\/strong><\/p><p>Secretaria general:\u00a0Hna. Luz Dary Montoya Toro (Colombia)<\/p><p>Ec\u00f3noma general: Hna. Helena Nogueira Da Costa (Brasil)<\/p>\t\t\t\t\t\t<\/div>\n\t\t\t\t<\/div>\n\t\t\t\t\t<\/div>\n\t\t<\/div>\n\t\t\t\t\t\t\t<\/div>\n\t\t<\/section>\n\t\t\t\t\t\t\t<\/div>\n\t\t","protected":false},"excerpt":{"rendered":"<p>Curia general En el XIII Cap\u00edtulo general (1962) se madur\u00f3 la idea de trasladar la Curia general a ROMA que hasta ese momento y, desde la fundaci\u00f3n de la Congregaci\u00f3n en 1885, hab\u00eda tenido su sede en diversos lugares dentro de Espa\u00f1a. El 27 de julio de 1964 lleg\u00f3 a la nueva sede de Roma,&hellip; <br \/> <a class=\"read-more\" href=\"https:\/\/terciariascapuchinasbuenpastor.org\/index.php\/curia-y-gobierno-general\/\">Leer m\u00e1s<\/a><\/p>\n","protected":false},"author":1,"featured_media":0,"parent":0,"menu_order":0,"comment_status":"closed","ping_status":"closed","template":"","meta":{"footnotes":""},"class_list":["post-2060","page","type-page","status-publish","hentry"],"yoast_head":"<!-- This site is optimized with the Yoast SEO plugin v19.6.1 - https:\/\/yoast.com\/wordpress\/plugins\/seo\/ -->\n<title>CURIA Y GOBIERNO GENERAL - Terciarias Capuchinas Madre del Buen Pastor<\/title>\n<meta name=\"robots\" content=\"index, follow, max-snippet:-1, max-image-preview:large, max-video-preview:-1\" \/>\n<link rel=\"canonical\" href=\"https:\/\/terciariascapuchinasbuenpastor.org\/index.php\/curia-y-gobierno-general\/\" \/>\n<meta property=\"og:locale\" content=\"es_ES\" \/>\n<meta property=\"og:type\" content=\"article\" \/>\n<meta property=\"og:title\" content=\"CURIA Y GOBIERNO GENERAL - Terciarias Capuchinas Madre del Buen Pastor\" \/>\n<meta property=\"og:description\" content=\"Curia general En el XIII Cap\u00edtulo general (1962) se madur\u00f3 la idea de trasladar la Curia general a ROMA que hasta ese momento y, desde la fundaci\u00f3n de la Congregaci\u00f3n en 1885, hab\u00eda tenido su sede en diversos lugares dentro de Espa\u00f1a. El 27 de julio de 1964 lleg\u00f3 a la nueva sede de Roma,&hellip; Leer m\u00e1s\" \/>\n<meta property=\"og:url\" content=\"https:\/\/terciariascapuchinasbuenpastor.org\/index.php\/curia-y-gobierno-general\/\" \/>\n<meta property=\"og:site_name\" content=\"Terciarias Capuchinas Madre del Buen Pastor\" \/>\n<meta property=\"article:modified_time\" content=\"2023-09-04T22:09:38+00:00\" \/>\n<meta property=\"og:image\" content=\"http:\/\/terciariascapuchinasbuenpastor.org\/wp-content\/uploads\/2023\/09\/GobiernoGeneral_2022.jpg\" \/>\n<meta name=\"twitter:card\" content=\"summary_large_image\" \/>\n<meta name=\"twitter:label1\" content=\"Tiempo estimado de lectura\" \/>\n\t<meta name=\"twitter:data1\" content=\"1 minuto\" \/>\n<script type=\"application\/ld+json\" class=\"yoast-schema-graph\">{\"@context\":\"https:\/\/schema.org\",\"@graph\":[{\"@type\":\"WebPage\",\"@id\":\"https:\/\/terciariascapuchinasbuenpastor.org\/index.php\/curia-y-gobierno-general\/\",\"url\":\"https:\/\/terciariascapuchinasbuenpastor.org\/index.php\/curia-y-gobierno-general\/\",\"name\":\"CURIA Y GOBIERNO GENERAL - Terciarias Capuchinas Madre del Buen Pastor\",\"isPartOf\":{\"@id\":\"https:\/\/terciariascapuchinasbuenpastor.org\/#website\"},\"datePublished\":\"2022-08-28T21:31:55+00:00\",\"dateModified\":\"2023-09-04T22:09:38+00:00\",\"breadcrumb\":{\"@id\":\"https:\/\/terciariascapuchinasbuenpastor.org\/index.php\/curia-y-gobierno-general\/#breadcrumb\"},\"inLanguage\":\"es-CO\",\"potentialAction\":[{\"@type\":\"ReadAction\",\"target\":[\"https:\/\/terciariascapuchinasbuenpastor.org\/index.php\/curia-y-gobierno-general\/\"]}]},{\"@type\":\"BreadcrumbList\",\"@id\":\"https:\/\/terciariascapuchinasbuenpastor.org\/index.php\/curia-y-gobierno-general\/#breadcrumb\",\"itemListElement\":[{\"@type\":\"ListItem\",\"position\":1,\"name\":\"Inicio\",\"item\":\"https:\/\/terciariascapuchinasbuenpastor.org\/\"},{\"@type\":\"ListItem\",\"position\":2,\"name\":\"CURIA Y GOBIERNO GENERAL\"}]},{\"@type\":\"WebSite\",\"@id\":\"https:\/\/terciariascapuchinasbuenpastor.org\/#website\",\"url\":\"https:\/\/terciariascapuchinasbuenpastor.org\/\",\"name\":\"Terciarias Capuchinas Madre del Buen Pastor\",\"description\":\"Sitio oficial - Provincia Madre del Buen Pastor\",\"publisher\":{\"@id\":\"https:\/\/terciariascapuchinasbuenpastor.org\/#organization\"},\"potentialAction\":[{\"@type\":\"SearchAction\",\"target\":{\"@type\":\"EntryPoint\",\"urlTemplate\":\"https:\/\/terciariascapuchinasbuenpastor.org\/?s={search_term_string}\"},\"query-input\":\"required name=search_term_string\"}],\"inLanguage\":\"es-CO\"},{\"@type\":\"Organization\",\"@id\":\"https:\/\/terciariascapuchinasbuenpastor.org\/#organization\",\"name\":\"Terciarias Capuchinas Madre del Buen Pastor\",\"url\":\"https:\/\/terciariascapuchinasbuenpastor.org\/\",\"sameAs\":[],\"logo\":{\"@type\":\"ImageObject\",\"inLanguage\":\"es-CO\",\"@id\":\"https:\/\/terciariascapuchinasbuenpastor.org\/#\/schema\/logo\/image\/\",\"url\":\"https:\/\/terciariascapuchinasbuenpastor.org\/wp-content\/uploads\/2022\/08\/cropped-CC_Express_20220824_1658390.8685437846145748.png\",\"contentUrl\":\"https:\/\/terciariascapuchinasbuenpastor.org\/wp-content\/uploads\/2022\/08\/cropped-CC_Express_20220824_1658390.8685437846145748.png\",\"width\":5057,\"height\":1261,\"caption\":\"Terciarias Capuchinas Madre del Buen Pastor\"},\"image\":{\"@id\":\"https:\/\/terciariascapuchinasbuenpastor.org\/#\/schema\/logo\/image\/\"}}]}<\/script>\n<!-- \/ Yoast SEO plugin. -->","yoast_head_json":{"title":"CURIA Y GOBIERNO GENERAL - Terciarias Capuchinas Madre del Buen Pastor","robots":{"index":"index","follow":"follow","max-snippet":"max-snippet:-1","max-image-preview":"max-image-preview:large","max-video-preview":"max-video-preview:-1"},"canonical":"https:\/\/terciariascapuchinasbuenpastor.org\/index.php\/curia-y-gobierno-general\/","og_locale":"es_ES","og_type":"article","og_title":"CURIA Y GOBIERNO GENERAL - Terciarias Capuchinas Madre del Buen Pastor","og_description":"Curia general En el XIII Cap\u00edtulo general (1962) se madur\u00f3 la idea de trasladar la Curia general a ROMA que hasta ese momento y, desde la fundaci\u00f3n de la Congregaci\u00f3n en 1885, hab\u00eda tenido su sede en diversos lugares dentro de Espa\u00f1a. El 27 de julio de 1964 lleg\u00f3 a la nueva sede de Roma,&hellip; Leer m\u00e1s","og_url":"https:\/\/terciariascapuchinasbuenpastor.org\/index.php\/curia-y-gobierno-general\/","og_site_name":"Terciarias Capuchinas Madre del Buen Pastor","article_modified_time":"2023-09-04T22:09:38+00:00","og_image":[{"url":"http:\/\/terciariascapuchinasbuenpastor.org\/wp-content\/uploads\/2023\/09\/GobiernoGeneral_2022.jpg"}],"twitter_card":"summary_large_image","twitter_misc":{"Tiempo estimado de lectura":"1 minuto"},"schema":{"@context":"https:\/\/schema.org","@graph":[{"@type":"WebPage","@id":"https:\/\/terciariascapuchinasbuenpastor.org\/index.php\/curia-y-gobierno-general\/","url":"https:\/\/terciariascapuchinasbuenpastor.org\/index.php\/curia-y-gobierno-general\/","name":"CURIA Y GOBIERNO GENERAL - Terciarias Capuchinas Madre del Buen Pastor","isPartOf":{"@id":"https:\/\/terciariascapuchinasbuenpastor.org\/#website"},"datePublished":"2022-08-28T21:31:55+00:00","dateModified":"2023-09-04T22:09:38+00:00","breadcrumb":{"@id":"https:\/\/terciariascapuchinasbuenpastor.org\/index.php\/curia-y-gobierno-general\/#breadcrumb"},"inLanguage":"es-CO","potentialAction":[{"@type":"ReadAction","target":["https:\/\/terciariascapuchinasbuenpastor.org\/index.php\/curia-y-gobierno-general\/"]}]},{"@type":"BreadcrumbList","@id":"https:\/\/terciariascapuchinasbuenpastor.org\/index.php\/curia-y-gobierno-general\/#breadcrumb","itemListElement":[{"@type":"ListItem","position":1,"name":"Inicio","item":"https:\/\/terciariascapuchinasbuenpastor.org\/"},{"@type":"ListItem","position":2,"name":"CURIA Y GOBIERNO GENERAL"}]},{"@type":"WebSite","@id":"https:\/\/terciariascapuchinasbuenpastor.org\/#website","url":"https:\/\/terciariascapuchinasbuenpastor.org\/","name":"Terciarias Capuchinas Madre del Buen Pastor","description":"Sitio oficial - Provincia Madre del Buen Pastor","publisher":{"@id":"https:\/\/terciariascapuchinasbuenpastor.org\/#organization"},"potentialAction":[{"@type":"SearchAction","target":{"@type":"EntryPoint","urlTemplate":"https:\/\/terciariascapuchinasbuenpastor.org\/?s={search_term_string}"},"query-input":"required name=search_term_string"}],"inLanguage":"es-CO"},{"@type":"Organization","@id":"https:\/\/terciariascapuchinasbuenpastor.org\/#organization","name":"Terciarias Capuchinas Madre del Buen Pastor","url":"https:\/\/terciariascapuchinasbuenpastor.org\/","sameAs":[],"logo":{"@type":"ImageObject","inLanguage":"es-CO","@id":"https:\/\/terciariascapuchinasbuenpastor.org\/#\/schema\/logo\/image\/","url":"https:\/\/terciariascapuchinasbuenpastor.org\/wp-content\/uploads\/2022\/08\/cropped-CC_Express_20220824_1658390.8685437846145748.png","contentUrl":"https:\/\/terciariascapuchinasbuenpastor.org\/wp-content\/uploads\/2022\/08\/cropped-CC_Express_20220824_1658390.8685437846145748.png","width":5057,"height":1261,"caption":"Terciarias Capuchinas Madre del Buen Pastor"},"image":{"@id":"https:\/\/terciariascapuchinasbuenpastor.org\/#\/schema\/logo\/image\/"}}]}},"_links":{"self":[{"href":"https:\/\/terciariascapuchinasbuenpastor.org\/index.php\/wp-json\/wp\/v2\/pages\/2060","targetHints":{"allow":["GET"]}}],"collection":[{"href":"https:\/\/terciariascapuchinasbuenpastor.org\/index.php\/wp-json\/wp\/v2\/pages"}],"about":[{"href":"https:\/\/terciariascapuchinasbuenpastor.org\/index.php\/wp-json\/wp\/v2\/types\/page"}],"author":[{"embeddable":true,"href":"https:\/\/terciariascapuchinasbuenpastor.org\/index.php\/wp-json\/wp\/v2\/users\/1"}],"replies":[{"embeddable":true,"href":"https:\/\/terciariascapuchinasbuenpastor.org\/index.php\/wp-json\/wp\/v2\/comments?post=2060"}],"version-history":[{"count":16,"href":"https:\/\/terciariascapuchinasbuenpastor.org\/index.php\/wp-json\/wp\/v2\/pages\/2060\/revisions"}],"predecessor-version":[{"id":4266,"href":"https:\/\/terciariascapuchinasbuenpastor.org\/index.php\/wp-json\/wp\/v2\/pages\/2060\/revisions\/4266"}],"wp:attachment":[{"href":"https:\/\/terciariascapuchinasbuenpastor.org\/index.php\/wp-json\/wp\/v2\/media?parent=2060"}],"curies":[{"name":"wp","href":"https:\/\/api.w.org\/{rel}","templated":true}]}}