{"id":2067,"date":"2022-08-28T21:36:24","date_gmt":"2022-08-28T21:36:24","guid":{"rendered":"https:\/\/terciariascapuchinasbuenpastor.org\/?page_id=2067"},"modified":"2025-07-29T15:00:09","modified_gmt":"2025-07-29T15:00:09","slug":"organizacion","status":"publish","type":"page","link":"https:\/\/terciariascapuchinasbuenpastor.org\/index.php\/organizacion\/","title":{"rendered":"ORGANIZACI\u00d3N CONGREGACIONAL"},"content":{"rendered":"\t\t<div data-elementor-type=\"wp-page\" data-elementor-id=\"2067\" class=\"elementor elementor-2067\">\n\t\t\t\t\t\t\t\t\t<section class=\"elementor-section elementor-top-section elementor-element elementor-element-436b73f elementor-section-full_width elementor-section-height-default elementor-section-height-default\" data-id=\"436b73f\" data-element_type=\"section\">\n\t\t\t\t\t\t<div class=\"elementor-container elementor-column-gap-default\">\n\t\t\t\t\t<div class=\"elementor-column elementor-col-100 elementor-top-column elementor-element elementor-element-5b6022a\" data-id=\"5b6022a\" data-element_type=\"column\">\n\t\t\t<div class=\"elementor-widget-wrap elementor-element-populated\">\n\t\t\t\t\t\t\t\t<div class=\"elementor-element elementor-element-5616f54 elementor-drop-cap-yes elementor-drop-cap-view-default elementor-widget elementor-widget-text-editor\" data-id=\"5616f54\" data-element_type=\"widget\" data-settings=\"{&quot;drop_cap&quot;:&quot;yes&quot;}\" data-widget_type=\"text-editor.default\">\n\t\t\t\t<div class=\"elementor-widget-container\">\n\t\t\t<style>\/*! elementor - v3.7.1 - 14-08-2022 *\/\n.elementor-widget-text-editor.elementor-drop-cap-view-stacked .elementor-drop-cap{background-color:#818a91;color:#fff}.elementor-widget-text-editor.elementor-drop-cap-view-framed .elementor-drop-cap{color:#818a91;border:3px solid;background-color:transparent}.elementor-widget-text-editor:not(.elementor-drop-cap-view-default) .elementor-drop-cap{margin-top:8px}.elementor-widget-text-editor:not(.elementor-drop-cap-view-default) .elementor-drop-cap-letter{width:1em;height:1em}.elementor-widget-text-editor .elementor-drop-cap{float:left;text-align:center;line-height:1;font-size:50px}.elementor-widget-text-editor .elementor-drop-cap-letter{display:inline-block}<\/style>\t\t\t\t<p><strong>Proceso de reestructuraci\u00f3n &#8211; Etapa de crecimiento y transformaci\u00f3n<\/strong><\/p><p><img loading=\"lazy\" decoding=\"async\" class=\"size-medium wp-image-2069 aligncenter\" src=\"http:\/\/terciariascapuchinasbuenpastor.org\/wp-content\/uploads\/2022\/08\/2.-Logo-Crecimiento-y-Transformacio\u0301n-1-285x300.png\" alt=\"\" width=\"285\" height=\"300\" srcset=\"https:\/\/terciariascapuchinasbuenpastor.org\/wp-content\/uploads\/2022\/08\/2.-Logo-Crecimiento-y-Transformacio\u0301n-1-285x300.png 285w, https:\/\/terciariascapuchinasbuenpastor.org\/wp-content\/uploads\/2022\/08\/2.-Logo-Crecimiento-y-Transformacio\u0301n-1.png 577w\" sizes=\"auto, (max-width: 285px) 100vw, 285px\" \/><\/p><p><strong>\u201cEl Reino de Dios es como la levadura que una mujer toma y oculta en tres medidas de harina, hasta que todo fermenta\u201d (Lc 13,20-21)<\/strong><\/p><p>En nuestro XXI Cap\u00edtulo general, celebrado en el a\u00f1o 2010, considerando el momento que viv\u00eda la Congregaci\u00f3n y para fortalecer la identidad carism\u00e1tica, la vida fraterna y la acci\u00f3n evangelizadora, se vio necesario iniciar un\u00a0proceso de reestructuraci\u00f3n\u00a0en la misma, que nos llevara a dar respuestas prof\u00e9ticas a las nuevas situaciones y urgencias del mundo.<\/p><p>Comenz\u00f3 entonces este Proceso de Reestructuraci\u00f3n congregacional, orientado por el Gobierno general, contando con todas las hermanas. El estudio, las reflexiones, las sugerencias y el discernimiento constante, fueron realizados en todo momento con una comunicaci\u00f3n permanente de ida y vuelta, y un trabajo en red para favorecer la participaci\u00f3n de todas.<\/p><p>En el momento de la celebraci\u00f3n del XXII Cap\u00edtulo general en septiembre de 2016, nuestras presencias en Asia, \u00c1frica y Europa hab\u00edan concluido el proceso de reestructuraci\u00f3n geogr\u00e1fica; las de Am\u00e9rica lo har\u00edan con posterioridad al Cap\u00edtulo. Sin embargo, no bastaba un cambio externo de estructuras, sino que hab\u00eda que seguir caminando, poni\u00e9ndole \u201ccarne y esp\u00edritu\u201d.<\/p><p>Es as\u00ed como iniciamos en 2017, dentro del proceso de reestructuraci\u00f3n, la etapa que llamamos de\u00a0\u201ccrecimiento y transformaci\u00f3n\u201d, en la que todav\u00eda se encuentra la Congregaci\u00f3n, previendo su finalizaci\u00f3n con la celebraci\u00f3n del siguiente Cap\u00edtulo general, previsto para el a\u00f1o 2022.<\/p>\t\t\t\t\t\t<\/div>\n\t\t\t\t<\/div>\n\t\t\t\t\t<\/div>\n\t\t<\/div>\n\t\t\t\t\t\t\t<\/div>\n\t\t<\/section>\n\t\t\t\t\t\t\t<\/div>\n\t\t","protected":false},"excerpt":{"rendered":"<p>Proceso de reestructuraci\u00f3n &#8211; Etapa de crecimiento y transformaci\u00f3n \u201cEl Reino de Dios es como la levadura que una mujer toma y oculta en tres medidas de harina, hasta que todo fermenta\u201d (Lc 13,20-21) En nuestro XXI Cap\u00edtulo general, celebrado en el a\u00f1o 2010, considerando el momento que viv\u00eda la Congregaci\u00f3n y para fortalecer la&hellip; <br \/> <a class=\"read-more\" href=\"https:\/\/terciariascapuchinasbuenpastor.org\/index.php\/organizacion\/\">Leer m\u00e1s<\/a><\/p>\n","protected":false},"author":1,"featured_media":0,"parent":0,"menu_order":0,"comment_status":"closed","ping_status":"closed","template":"","meta":{"footnotes":""},"class_list":["post-2067","page","type-page","status-publish","hentry"],"yoast_head":"<!-- This site is optimized with the Yoast SEO plugin v19.6.1 - https:\/\/yoast.com\/wordpress\/plugins\/seo\/ -->\n<title>ORGANIZACI\u00d3N CONGREGACIONAL - Terciarias Capuchinas Madre del Buen Pastor<\/title>\n<meta name=\"description\" content=\"Proceso de reestructuraci\u00f3n - Etapa de crecimiento y transformaci\u00f3n. El estudio, las reflexiones, las sugerencias y el discernimiento\" \/>\n<meta name=\"robots\" content=\"index, follow, max-snippet:-1, max-image-preview:large, max-video-preview:-1\" \/>\n<link rel=\"canonical\" href=\"https:\/\/terciariascapuchinasbuenpastor.org\/index.php\/organizacion\/\" \/>\n<meta property=\"og:locale\" content=\"es_ES\" \/>\n<meta property=\"og:type\" content=\"article\" \/>\n<meta property=\"og:title\" content=\"ORGANIZACI\u00d3N CONGREGACIONAL - Terciarias Capuchinas Madre del Buen Pastor\" \/>\n<meta property=\"og:description\" content=\"Proceso de reestructuraci\u00f3n - Etapa de crecimiento y transformaci\u00f3n. El estudio, las reflexiones, las sugerencias y el discernimiento\" \/>\n<meta property=\"og:url\" content=\"https:\/\/terciariascapuchinasbuenpastor.org\/index.php\/organizacion\/\" \/>\n<meta property=\"og:site_name\" content=\"Terciarias Capuchinas Madre del Buen Pastor\" \/>\n<meta property=\"article:modified_time\" content=\"2025-07-29T15:00:09+00:00\" \/>\n<meta name=\"twitter:card\" content=\"summary_large_image\" \/>\n<meta name=\"twitter:label1\" content=\"Tiempo estimado de lectura\" \/>\n\t<meta name=\"twitter:data1\" content=\"2 minutos\" \/>\n<script type=\"application\/ld+json\" class=\"yoast-schema-graph\">{\"@context\":\"https:\/\/schema.org\",\"@graph\":[{\"@type\":\"WebPage\",\"@id\":\"https:\/\/terciariascapuchinasbuenpastor.org\/index.php\/organizacion\/\",\"url\":\"https:\/\/terciariascapuchinasbuenpastor.org\/index.php\/organizacion\/\",\"name\":\"ORGANIZACI\u00d3N CONGREGACIONAL - Terciarias Capuchinas Madre del Buen Pastor\",\"isPartOf\":{\"@id\":\"https:\/\/terciariascapuchinasbuenpastor.org\/#website\"},\"datePublished\":\"2022-08-28T21:36:24+00:00\",\"dateModified\":\"2025-07-29T15:00:09+00:00\",\"description\":\"Proceso de reestructuraci\u00f3n - Etapa de crecimiento y transformaci\u00f3n. El estudio, las reflexiones, las sugerencias y el discernimiento\",\"breadcrumb\":{\"@id\":\"https:\/\/terciariascapuchinasbuenpastor.org\/index.php\/organizacion\/#breadcrumb\"},\"inLanguage\":\"es-CO\",\"potentialAction\":[{\"@type\":\"ReadAction\",\"target\":[\"https:\/\/terciariascapuchinasbuenpastor.org\/index.php\/organizacion\/\"]}]},{\"@type\":\"BreadcrumbList\",\"@id\":\"https:\/\/terciariascapuchinasbuenpastor.org\/index.php\/organizacion\/#breadcrumb\",\"itemListElement\":[{\"@type\":\"ListItem\",\"position\":1,\"name\":\"Inicio\",\"item\":\"https:\/\/terciariascapuchinasbuenpastor.org\/\"},{\"@type\":\"ListItem\",\"position\":2,\"name\":\"ORGANIZACI\u00d3N CONGREGACIONAL\"}]},{\"@type\":\"WebSite\",\"@id\":\"https:\/\/terciariascapuchinasbuenpastor.org\/#website\",\"url\":\"https:\/\/terciariascapuchinasbuenpastor.org\/\",\"name\":\"Terciarias Capuchinas Madre del Buen Pastor\",\"description\":\"Sitio oficial - Provincia Madre del Buen Pastor\",\"publisher\":{\"@id\":\"https:\/\/terciariascapuchinasbuenpastor.org\/#organization\"},\"potentialAction\":[{\"@type\":\"SearchAction\",\"target\":{\"@type\":\"EntryPoint\",\"urlTemplate\":\"https:\/\/terciariascapuchinasbuenpastor.org\/?s={search_term_string}\"},\"query-input\":\"required name=search_term_string\"}],\"inLanguage\":\"es-CO\"},{\"@type\":\"Organization\",\"@id\":\"https:\/\/terciariascapuchinasbuenpastor.org\/#organization\",\"name\":\"Terciarias Capuchinas Madre del Buen Pastor\",\"url\":\"https:\/\/terciariascapuchinasbuenpastor.org\/\",\"sameAs\":[],\"logo\":{\"@type\":\"ImageObject\",\"inLanguage\":\"es-CO\",\"@id\":\"https:\/\/terciariascapuchinasbuenpastor.org\/#\/schema\/logo\/image\/\",\"url\":\"https:\/\/terciariascapuchinasbuenpastor.org\/wp-content\/uploads\/2022\/08\/cropped-CC_Express_20220824_1658390.8685437846145748.png\",\"contentUrl\":\"https:\/\/terciariascapuchinasbuenpastor.org\/wp-content\/uploads\/2022\/08\/cropped-CC_Express_20220824_1658390.8685437846145748.png\",\"width\":5057,\"height\":1261,\"caption\":\"Terciarias Capuchinas Madre del Buen Pastor\"},\"image\":{\"@id\":\"https:\/\/terciariascapuchinasbuenpastor.org\/#\/schema\/logo\/image\/\"}}]}<\/script>\n<!-- \/ Yoast SEO plugin. -->","yoast_head_json":{"title":"ORGANIZACI\u00d3N CONGREGACIONAL - Terciarias Capuchinas Madre del Buen Pastor","description":"Proceso de reestructuraci\u00f3n - Etapa de crecimiento y transformaci\u00f3n. El estudio, las reflexiones, las sugerencias y el discernimiento","robots":{"index":"index","follow":"follow","max-snippet":"max-snippet:-1","max-image-preview":"max-image-preview:large","max-video-preview":"max-video-preview:-1"},"canonical":"https:\/\/terciariascapuchinasbuenpastor.org\/index.php\/organizacion\/","og_locale":"es_ES","og_type":"article","og_title":"ORGANIZACI\u00d3N CONGREGACIONAL - Terciarias Capuchinas Madre del Buen Pastor","og_description":"Proceso de reestructuraci\u00f3n - Etapa de crecimiento y transformaci\u00f3n. El estudio, las reflexiones, las sugerencias y el discernimiento","og_url":"https:\/\/terciariascapuchinasbuenpastor.org\/index.php\/organizacion\/","og_site_name":"Terciarias Capuchinas Madre del Buen Pastor","article_modified_time":"2025-07-29T15:00:09+00:00","twitter_card":"summary_large_image","twitter_misc":{"Tiempo estimado de lectura":"2 minutos"},"schema":{"@context":"https:\/\/schema.org","@graph":[{"@type":"WebPage","@id":"https:\/\/terciariascapuchinasbuenpastor.org\/index.php\/organizacion\/","url":"https:\/\/terciariascapuchinasbuenpastor.org\/index.php\/organizacion\/","name":"ORGANIZACI\u00d3N CONGREGACIONAL - Terciarias Capuchinas Madre del Buen Pastor","isPartOf":{"@id":"https:\/\/terciariascapuchinasbuenpastor.org\/#website"},"datePublished":"2022-08-28T21:36:24+00:00","dateModified":"2025-07-29T15:00:09+00:00","description":"Proceso de reestructuraci\u00f3n - Etapa de crecimiento y transformaci\u00f3n. El estudio, las reflexiones, las sugerencias y el discernimiento","breadcrumb":{"@id":"https:\/\/terciariascapuchinasbuenpastor.org\/index.php\/organizacion\/#breadcrumb"},"inLanguage":"es-CO","potentialAction":[{"@type":"ReadAction","target":["https:\/\/terciariascapuchinasbuenpastor.org\/index.php\/organizacion\/"]}]},{"@type":"BreadcrumbList","@id":"https:\/\/terciariascapuchinasbuenpastor.org\/index.php\/organizacion\/#breadcrumb","itemListElement":[{"@type":"ListItem","position":1,"name":"Inicio","item":"https:\/\/terciariascapuchinasbuenpastor.org\/"},{"@type":"ListItem","position":2,"name":"ORGANIZACI\u00d3N CONGREGACIONAL"}]},{"@type":"WebSite","@id":"https:\/\/terciariascapuchinasbuenpastor.org\/#website","url":"https:\/\/terciariascapuchinasbuenpastor.org\/","name":"Terciarias Capuchinas Madre del Buen Pastor","description":"Sitio oficial - Provincia Madre del Buen Pastor","publisher":{"@id":"https:\/\/terciariascapuchinasbuenpastor.org\/#organization"},"potentialAction":[{"@type":"SearchAction","target":{"@type":"EntryPoint","urlTemplate":"https:\/\/terciariascapuchinasbuenpastor.org\/?s={search_term_string}"},"query-input":"required name=search_term_string"}],"inLanguage":"es-CO"},{"@type":"Organization","@id":"https:\/\/terciariascapuchinasbuenpastor.org\/#organization","name":"Terciarias Capuchinas Madre del Buen Pastor","url":"https:\/\/terciariascapuchinasbuenpastor.org\/","sameAs":[],"logo":{"@type":"ImageObject","inLanguage":"es-CO","@id":"https:\/\/terciariascapuchinasbuenpastor.org\/#\/schema\/logo\/image\/","url":"https:\/\/terciariascapuchinasbuenpastor.org\/wp-content\/uploads\/2022\/08\/cropped-CC_Express_20220824_1658390.8685437846145748.png","contentUrl":"https:\/\/terciariascapuchinasbuenpastor.org\/wp-content\/uploads\/2022\/08\/cropped-CC_Express_20220824_1658390.8685437846145748.png","width":5057,"height":1261,"caption":"Terciarias Capuchinas Madre del Buen Pastor"},"image":{"@id":"https:\/\/terciariascapuchinasbuenpastor.org\/#\/schema\/logo\/image\/"}}]}},"_links":{"self":[{"href":"https:\/\/terciariascapuchinasbuenpastor.org\/index.php\/wp-json\/wp\/v2\/pages\/2067","targetHints":{"allow":["GET"]}}],"collection":[{"href":"https:\/\/terciariascapuchinasbuenpastor.org\/index.php\/wp-json\/wp\/v2\/pages"}],"about":[{"href":"https:\/\/terciariascapuchinasbuenpastor.org\/index.php\/wp-json\/wp\/v2\/types\/page"}],"author":[{"embeddable":true,"href":"https:\/\/terciariascapuchinasbuenpastor.org\/index.php\/wp-json\/wp\/v2\/users\/1"}],"replies":[{"embeddable":true,"href":"https:\/\/terciariascapuchinasbuenpastor.org\/index.php\/wp-json\/wp\/v2\/comments?post=2067"}],"version-history":[{"count":4,"href":"https:\/\/terciariascapuchinasbuenpastor.org\/index.php\/wp-json\/wp\/v2\/pages\/2067\/revisions"}],"predecessor-version":[{"id":2072,"href":"https:\/\/terciariascapuchinasbuenpastor.org\/index.php\/wp-json\/wp\/v2\/pages\/2067\/revisions\/2072"}],"wp:attachment":[{"href":"https:\/\/terciariascapuchinasbuenpastor.org\/index.php\/wp-json\/wp\/v2\/media?parent=2067"}],"curies":[{"name":"wp","href":"https:\/\/api.w.org\/{rel}","templated":true}]}}