{"id":2079,"date":"2022-08-28T21:58:12","date_gmt":"2022-08-28T21:58:12","guid":{"rendered":"https:\/\/terciariascapuchinasbuenpastor.org\/?page_id=2079"},"modified":"2025-07-29T15:39:07","modified_gmt":"2025-07-29T15:39:07","slug":"capitulo","status":"publish","type":"page","link":"https:\/\/terciariascapuchinasbuenpastor.org\/index.php\/capitulo\/","title":{"rendered":"\u00bfCAMINO SINODAL?"},"content":{"rendered":"\t\t<div data-elementor-type=\"wp-page\" data-elementor-id=\"2079\" class=\"elementor elementor-2079\">\n\t\t\t\t\t\t\t\t\t<section class=\"elementor-section elementor-top-section elementor-element elementor-element-436b73f elementor-section-full_width elementor-section-height-default elementor-section-height-default\" data-id=\"436b73f\" data-element_type=\"section\">\n\t\t\t\t\t\t<div class=\"elementor-container elementor-column-gap-default\">\n\t\t\t\t\t<div class=\"elementor-column elementor-col-100 elementor-top-column elementor-element elementor-element-5b6022a\" data-id=\"5b6022a\" data-element_type=\"column\">\n\t\t\t<div class=\"elementor-widget-wrap elementor-element-populated\">\n\t\t\t\t\t\t\t\t<div class=\"elementor-element elementor-element-5616f54 elementor-drop-cap-yes elementor-drop-cap-view-default elementor-widget elementor-widget-text-editor\" data-id=\"5616f54\" data-element_type=\"widget\" data-settings=\"{&quot;drop_cap&quot;:&quot;yes&quot;}\" data-widget_type=\"text-editor.default\">\n\t\t\t\t<div class=\"elementor-widget-container\">\n\t\t\t<style>\/*! elementor - v3.7.1 - 14-08-2022 *\/\n.elementor-widget-text-editor.elementor-drop-cap-view-stacked .elementor-drop-cap{background-color:#818a91;color:#fff}.elementor-widget-text-editor.elementor-drop-cap-view-framed .elementor-drop-cap{color:#818a91;border:3px solid;background-color:transparent}.elementor-widget-text-editor:not(.elementor-drop-cap-view-default) .elementor-drop-cap{margin-top:8px}.elementor-widget-text-editor:not(.elementor-drop-cap-view-default) .elementor-drop-cap-letter{width:1em;height:1em}.elementor-widget-text-editor .elementor-drop-cap{float:left;text-align:center;line-height:1;font-size:50px}.elementor-widget-text-editor .elementor-drop-cap-letter{display:inline-block}<\/style>\t\t\t\t<p>El\u00a0<b>S\u00ednodo de los Obispos<\/b>\u00a0es en s\u00ed una Asamblea de Obispos de las distintas regiones del mundo, aunque el Papa siempre suele invitar adem\u00e1s a Religiosos y laicos, hombres y mujeres, no solo como oyentes sino con la posibilidad de intervenir, ofreciendo su punto de vista. La Asamblea ordinaria se suele celebrar en octubre, cada tres o cuatro a\u00f1os. El s\u00ednodo de los Obispos es una instituci\u00f3n eclesial antigua, que fue revitalizada por el\u00a0<a href=\"https:\/\/es.wikipedia.org\/wiki\/Concilio_Vaticano_II\">Concilio Vaticano II<\/a>\u00a0 (1965).\u00a0\u00a0La\u00a0<b>I Asamblea\u00a0<\/b>se realiz\u00f3\u00a0\u00a0en octubre de 1967, y la \u00faltima, la\u00a0<b>XV,<\/b>\u00a0en 2018. Adem\u00e1s se han celebrado en este tiempo tres Asambleas generales extraordinarias\u00a0 y diez especiales de continentes o regiones.\u00a0<\/p><p>A diferencia de los\u00a0<a href=\"https:\/\/es.wikipedia.org\/wiki\/Concilio_ecum%C3%A9nico\"><b>Concilios<\/b><\/a><b>,<\/b>\u00a0que tienen capacidad para definir dogmas y legislar (siempre con la venia del Papa), los S\u00ednodos son solo consultivos y tienen por misi\u00f3n primaria asesorar al Papa en el tema propuesto (diverso en cada Asamblea) compartiendo la visi\u00f3n de las diferentes realidades del mundo y reforzar la unidad como\u00a0Iglesia universal.<\/p><p>Ahora, desde octubre de 2021, estamos ya trabajando a nivel de todas las Di\u00f3cesis sobre la\u00a0\u00a0<b>XVI Asamblea de Obispos que se reunir\u00e1 en octubre del 2023, con el tema de la\u00a0<\/b><b><i>sinodalidad<\/i><\/b><b>.<\/b>\u00a0Todos estamos convocados,\u00a0<b><i>por una Iglesia sinodal: comuni\u00f3n, participaci\u00f3n y misi\u00f3n.\u00a0<\/i><\/b><i>\u201cSinodalidad\u201d<\/i>\u00a0quiere decir\u00a0<b><i>\u201cCaminar juntos\u201d<\/i><\/b>\u00a0y es lo que mejor realiza la naturaleza de la Iglesia, comunidad de creyentes unidos como hermanos, en torno a Jes\u00fas,\u00a0 Pueblo de Dios peregrino para llevar la luz del Evangelio, sembrando el amor y la esperanza a nuestro mundo.\u00a0<\/p><p>Es deseo del Papa el que\u00a0<b>todo el Pueblo de Dios<\/b>, pueda participar, es decir, todos los bautizados sin exclusi\u00f3n: obispos, sacerdotes, consagrados y fieles laicos, incluso\u00a0<b>quienes se encuentren en situaciones marginales<\/b>. Que se viva un proceso eclesial participado e integrador, para que todos puedan expresarse y ser escuchados y\u00a0aprovechar la riqueza y la variedad de los dones\u00a0y de los carismas que el Esp\u00edritu distribuye libremente, para el bien de la comunidad y en favor de toda la familia humana.<\/p><p>Este caminar juntos requiere un proceso espiritual de escucha verdadera de unos a otros, de la tradici\u00f3n de la fe y los signos de los tiempos, para as\u00ed discernir entre todos lo que Dios nos dice. El discernimiento comunitario ayudar\u00e1 a construir comunidades florecientes y resistentes para la misi\u00f3n de la Iglesia y que pueda caminar mejor junto a toda la familia humana, bajo la gu\u00eda del Esp\u00edritu Santo.<\/p><p>\u00a0<\/p><p><b>Hna. Mar\u00eda Elena Echavarren, TC<\/b><\/p>\t\t\t\t\t\t<\/div>\n\t\t\t\t<\/div>\n\t\t\t\t\t<\/div>\n\t\t<\/div>\n\t\t\t\t\t\t\t<\/div>\n\t\t<\/section>\n\t\t\t\t\t\t\t<\/div>\n\t\t","protected":false},"excerpt":{"rendered":"<p>El&nbsp;S\u00ednodo de los Obispos&nbsp;es en s\u00ed una Asamblea de Obispos de las distintas regiones del mundo, aunque el Papa siempre suele invitar adem\u00e1s a Religiosos y laicos, hombres y mujeres, no solo como oyentes sino con la posibilidad de intervenir, ofreciendo su punto de vista. La Asamblea ordinaria se suele celebrar en octubre, cada tres&hellip; <br \/> <a class=\"read-more\" href=\"https:\/\/terciariascapuchinasbuenpastor.org\/index.php\/capitulo\/\">Leer m\u00e1s<\/a><\/p>\n","protected":false},"author":1,"featured_media":0,"parent":0,"menu_order":0,"comment_status":"closed","ping_status":"closed","template":"","meta":{"footnotes":""},"class_list":["post-2079","page","type-page","status-publish","hentry"],"yoast_head":"<!-- This site is optimized with the Yoast SEO plugin v19.6.1 - https:\/\/yoast.com\/wordpress\/plugins\/seo\/ -->\n<title>\u00bfCAMINO SINODAL? - Terciarias Capuchinas Madre del Buen Pastor<\/title>\n<meta name=\"description\" content=\"Estamos convocados,\u00a0por una Iglesia sinodal: comuni\u00f3n, participaci\u00f3n y misi\u00f3n.\u00a0\u201cSinodalidad\u201d\u00a0quiere decir\u00a0\u201cCaminar juntos\u201d\" \/>\n<meta name=\"robots\" content=\"index, follow, max-snippet:-1, max-image-preview:large, max-video-preview:-1\" \/>\n<link rel=\"canonical\" href=\"https:\/\/terciariascapuchinasbuenpastor.org\/index.php\/capitulo\/\" \/>\n<meta property=\"og:locale\" content=\"es_ES\" \/>\n<meta property=\"og:type\" content=\"article\" \/>\n<meta property=\"og:title\" content=\"\u00bfCAMINO SINODAL? - Terciarias Capuchinas Madre del Buen Pastor\" \/>\n<meta property=\"og:description\" content=\"Estamos convocados,\u00a0por una Iglesia sinodal: comuni\u00f3n, participaci\u00f3n y misi\u00f3n.\u00a0\u201cSinodalidad\u201d\u00a0quiere decir\u00a0\u201cCaminar juntos\u201d\" \/>\n<meta property=\"og:url\" content=\"https:\/\/terciariascapuchinasbuenpastor.org\/index.php\/capitulo\/\" \/>\n<meta property=\"og:site_name\" content=\"Terciarias Capuchinas Madre del Buen Pastor\" \/>\n<meta property=\"article:modified_time\" content=\"2025-07-29T15:39:07+00:00\" \/>\n<meta name=\"twitter:card\" content=\"summary_large_image\" \/>\n<meta name=\"twitter:label1\" content=\"Tiempo estimado de lectura\" \/>\n\t<meta name=\"twitter:data1\" content=\"2 minutos\" \/>\n<script type=\"application\/ld+json\" class=\"yoast-schema-graph\">{\"@context\":\"https:\/\/schema.org\",\"@graph\":[{\"@type\":\"WebPage\",\"@id\":\"https:\/\/terciariascapuchinasbuenpastor.org\/index.php\/capitulo\/\",\"url\":\"https:\/\/terciariascapuchinasbuenpastor.org\/index.php\/capitulo\/\",\"name\":\"\u00bfCAMINO SINODAL? - Terciarias Capuchinas Madre del Buen Pastor\",\"isPartOf\":{\"@id\":\"https:\/\/terciariascapuchinasbuenpastor.org\/#website\"},\"datePublished\":\"2022-08-28T21:58:12+00:00\",\"dateModified\":\"2025-07-29T15:39:07+00:00\",\"description\":\"Estamos convocados,\u00a0por una Iglesia sinodal: comuni\u00f3n, participaci\u00f3n y misi\u00f3n.\u00a0\u201cSinodalidad\u201d\u00a0quiere decir\u00a0\u201cCaminar juntos\u201d\",\"breadcrumb\":{\"@id\":\"https:\/\/terciariascapuchinasbuenpastor.org\/index.php\/capitulo\/#breadcrumb\"},\"inLanguage\":\"es-CO\",\"potentialAction\":[{\"@type\":\"ReadAction\",\"target\":[\"https:\/\/terciariascapuchinasbuenpastor.org\/index.php\/capitulo\/\"]}]},{\"@type\":\"BreadcrumbList\",\"@id\":\"https:\/\/terciariascapuchinasbuenpastor.org\/index.php\/capitulo\/#breadcrumb\",\"itemListElement\":[{\"@type\":\"ListItem\",\"position\":1,\"name\":\"Inicio\",\"item\":\"https:\/\/terciariascapuchinasbuenpastor.org\/\"},{\"@type\":\"ListItem\",\"position\":2,\"name\":\"\u00bfCAMINO SINODAL?\"}]},{\"@type\":\"WebSite\",\"@id\":\"https:\/\/terciariascapuchinasbuenpastor.org\/#website\",\"url\":\"https:\/\/terciariascapuchinasbuenpastor.org\/\",\"name\":\"Terciarias Capuchinas Madre del Buen Pastor\",\"description\":\"Sitio oficial - Provincia Madre del Buen Pastor\",\"publisher\":{\"@id\":\"https:\/\/terciariascapuchinasbuenpastor.org\/#organization\"},\"potentialAction\":[{\"@type\":\"SearchAction\",\"target\":{\"@type\":\"EntryPoint\",\"urlTemplate\":\"https:\/\/terciariascapuchinasbuenpastor.org\/?s={search_term_string}\"},\"query-input\":\"required name=search_term_string\"}],\"inLanguage\":\"es-CO\"},{\"@type\":\"Organization\",\"@id\":\"https:\/\/terciariascapuchinasbuenpastor.org\/#organization\",\"name\":\"Terciarias Capuchinas Madre del Buen Pastor\",\"url\":\"https:\/\/terciariascapuchinasbuenpastor.org\/\",\"sameAs\":[],\"logo\":{\"@type\":\"ImageObject\",\"inLanguage\":\"es-CO\",\"@id\":\"https:\/\/terciariascapuchinasbuenpastor.org\/#\/schema\/logo\/image\/\",\"url\":\"https:\/\/terciariascapuchinasbuenpastor.org\/wp-content\/uploads\/2022\/08\/cropped-CC_Express_20220824_1658390.8685437846145748.png\",\"contentUrl\":\"https:\/\/terciariascapuchinasbuenpastor.org\/wp-content\/uploads\/2022\/08\/cropped-CC_Express_20220824_1658390.8685437846145748.png\",\"width\":5057,\"height\":1261,\"caption\":\"Terciarias Capuchinas Madre del Buen Pastor\"},\"image\":{\"@id\":\"https:\/\/terciariascapuchinasbuenpastor.org\/#\/schema\/logo\/image\/\"}}]}<\/script>\n<!-- \/ Yoast SEO plugin. -->","yoast_head_json":{"title":"\u00bfCAMINO SINODAL? - Terciarias Capuchinas Madre del Buen Pastor","description":"Estamos convocados,\u00a0por una Iglesia sinodal: comuni\u00f3n, participaci\u00f3n y misi\u00f3n.\u00a0\u201cSinodalidad\u201d\u00a0quiere decir\u00a0\u201cCaminar juntos\u201d","robots":{"index":"index","follow":"follow","max-snippet":"max-snippet:-1","max-image-preview":"max-image-preview:large","max-video-preview":"max-video-preview:-1"},"canonical":"https:\/\/terciariascapuchinasbuenpastor.org\/index.php\/capitulo\/","og_locale":"es_ES","og_type":"article","og_title":"\u00bfCAMINO SINODAL? - Terciarias Capuchinas Madre del Buen Pastor","og_description":"Estamos convocados,\u00a0por una Iglesia sinodal: comuni\u00f3n, participaci\u00f3n y misi\u00f3n.\u00a0\u201cSinodalidad\u201d\u00a0quiere decir\u00a0\u201cCaminar juntos\u201d","og_url":"https:\/\/terciariascapuchinasbuenpastor.org\/index.php\/capitulo\/","og_site_name":"Terciarias Capuchinas Madre del Buen Pastor","article_modified_time":"2025-07-29T15:39:07+00:00","twitter_card":"summary_large_image","twitter_misc":{"Tiempo estimado de lectura":"2 minutos"},"schema":{"@context":"https:\/\/schema.org","@graph":[{"@type":"WebPage","@id":"https:\/\/terciariascapuchinasbuenpastor.org\/index.php\/capitulo\/","url":"https:\/\/terciariascapuchinasbuenpastor.org\/index.php\/capitulo\/","name":"\u00bfCAMINO SINODAL? - Terciarias Capuchinas Madre del Buen Pastor","isPartOf":{"@id":"https:\/\/terciariascapuchinasbuenpastor.org\/#website"},"datePublished":"2022-08-28T21:58:12+00:00","dateModified":"2025-07-29T15:39:07+00:00","description":"Estamos convocados,\u00a0por una Iglesia sinodal: comuni\u00f3n, participaci\u00f3n y misi\u00f3n.\u00a0\u201cSinodalidad\u201d\u00a0quiere decir\u00a0\u201cCaminar juntos\u201d","breadcrumb":{"@id":"https:\/\/terciariascapuchinasbuenpastor.org\/index.php\/capitulo\/#breadcrumb"},"inLanguage":"es-CO","potentialAction":[{"@type":"ReadAction","target":["https:\/\/terciariascapuchinasbuenpastor.org\/index.php\/capitulo\/"]}]},{"@type":"BreadcrumbList","@id":"https:\/\/terciariascapuchinasbuenpastor.org\/index.php\/capitulo\/#breadcrumb","itemListElement":[{"@type":"ListItem","position":1,"name":"Inicio","item":"https:\/\/terciariascapuchinasbuenpastor.org\/"},{"@type":"ListItem","position":2,"name":"\u00bfCAMINO SINODAL?"}]},{"@type":"WebSite","@id":"https:\/\/terciariascapuchinasbuenpastor.org\/#website","url":"https:\/\/terciariascapuchinasbuenpastor.org\/","name":"Terciarias Capuchinas Madre del Buen Pastor","description":"Sitio oficial - Provincia Madre del Buen Pastor","publisher":{"@id":"https:\/\/terciariascapuchinasbuenpastor.org\/#organization"},"potentialAction":[{"@type":"SearchAction","target":{"@type":"EntryPoint","urlTemplate":"https:\/\/terciariascapuchinasbuenpastor.org\/?s={search_term_string}"},"query-input":"required name=search_term_string"}],"inLanguage":"es-CO"},{"@type":"Organization","@id":"https:\/\/terciariascapuchinasbuenpastor.org\/#organization","name":"Terciarias Capuchinas Madre del Buen Pastor","url":"https:\/\/terciariascapuchinasbuenpastor.org\/","sameAs":[],"logo":{"@type":"ImageObject","inLanguage":"es-CO","@id":"https:\/\/terciariascapuchinasbuenpastor.org\/#\/schema\/logo\/image\/","url":"https:\/\/terciariascapuchinasbuenpastor.org\/wp-content\/uploads\/2022\/08\/cropped-CC_Express_20220824_1658390.8685437846145748.png","contentUrl":"https:\/\/terciariascapuchinasbuenpastor.org\/wp-content\/uploads\/2022\/08\/cropped-CC_Express_20220824_1658390.8685437846145748.png","width":5057,"height":1261,"caption":"Terciarias Capuchinas Madre del Buen Pastor"},"image":{"@id":"https:\/\/terciariascapuchinasbuenpastor.org\/#\/schema\/logo\/image\/"}}]}},"_links":{"self":[{"href":"https:\/\/terciariascapuchinasbuenpastor.org\/index.php\/wp-json\/wp\/v2\/pages\/2079","targetHints":{"allow":["GET"]}}],"collection":[{"href":"https:\/\/terciariascapuchinasbuenpastor.org\/index.php\/wp-json\/wp\/v2\/pages"}],"about":[{"href":"https:\/\/terciariascapuchinasbuenpastor.org\/index.php\/wp-json\/wp\/v2\/types\/page"}],"author":[{"embeddable":true,"href":"https:\/\/terciariascapuchinasbuenpastor.org\/index.php\/wp-json\/wp\/v2\/users\/1"}],"replies":[{"embeddable":true,"href":"https:\/\/terciariascapuchinasbuenpastor.org\/index.php\/wp-json\/wp\/v2\/comments?post=2079"}],"version-history":[{"count":10,"href":"https:\/\/terciariascapuchinasbuenpastor.org\/index.php\/wp-json\/wp\/v2\/pages\/2079\/revisions"}],"predecessor-version":[{"id":3647,"href":"https:\/\/terciariascapuchinasbuenpastor.org\/index.php\/wp-json\/wp\/v2\/pages\/2079\/revisions\/3647"}],"wp:attachment":[{"href":"https:\/\/terciariascapuchinasbuenpastor.org\/index.php\/wp-json\/wp\/v2\/media?parent=2079"}],"curies":[{"name":"wp","href":"https:\/\/api.w.org\/{rel}","templated":true}]}}