{"id":2128,"date":"2022-08-28T23:01:05","date_gmt":"2022-08-28T23:01:05","guid":{"rendered":"https:\/\/terciariascapuchinasbuenpastor.org\/?page_id=2128"},"modified":"2022-08-31T19:07:03","modified_gmt":"2022-08-31T19:07:03","slug":"proteccion","status":"publish","type":"page","link":"https:\/\/terciariascapuchinasbuenpastor.org\/index.php\/proteccion\/","title":{"rendered":"PROTECCI\u00d3N"},"content":{"rendered":"\t\t<div data-elementor-type=\"wp-page\" data-elementor-id=\"2128\" class=\"elementor elementor-2128\">\n\t\t\t\t\t\t\t\t\t<section class=\"elementor-section elementor-top-section elementor-element elementor-element-436b73f elementor-section-full_width elementor-section-height-default elementor-section-height-default\" data-id=\"436b73f\" data-element_type=\"section\">\n\t\t\t\t\t\t<div class=\"elementor-container elementor-column-gap-default\">\n\t\t\t\t\t<div class=\"elementor-column elementor-col-100 elementor-top-column elementor-element elementor-element-5b6022a\" data-id=\"5b6022a\" data-element_type=\"column\">\n\t\t\t<div class=\"elementor-widget-wrap elementor-element-populated\">\n\t\t\t\t\t\t\t\t<div class=\"elementor-element elementor-element-5616f54 elementor-drop-cap-yes elementor-drop-cap-view-default elementor-widget elementor-widget-text-editor\" data-id=\"5616f54\" data-element_type=\"widget\" data-settings=\"{&quot;drop_cap&quot;:&quot;yes&quot;}\" data-widget_type=\"text-editor.default\">\n\t\t\t\t<div class=\"elementor-widget-container\">\n\t\t\t<style>\/*! elementor - v3.7.1 - 14-08-2022 *\/\n.elementor-widget-text-editor.elementor-drop-cap-view-stacked .elementor-drop-cap{background-color:#818a91;color:#fff}.elementor-widget-text-editor.elementor-drop-cap-view-framed .elementor-drop-cap{color:#818a91;border:3px solid;background-color:transparent}.elementor-widget-text-editor:not(.elementor-drop-cap-view-default) .elementor-drop-cap{margin-top:8px}.elementor-widget-text-editor:not(.elementor-drop-cap-view-default) .elementor-drop-cap-letter{width:1em;height:1em}.elementor-widget-text-editor .elementor-drop-cap{float:left;text-align:center;line-height:1;font-size:50px}.elementor-widget-text-editor .elementor-drop-cap-letter{display:inline-block}<\/style>\t\t\t\t<p>Movidas por la caridad de Aqu\u00e9l que vino a salvar lo que estaba perdido, acogemos con amor a ni\u00f1os y j\u00f3venes que se encuentran en situaci\u00f3n de riesgo (protecci\u00f3n), sufren desajustes de conducta o personalidad y est\u00e1n heridos en su dignidad humana (reeducaci\u00f3n). En los hogares u otras estructuras donde los acogemos, procuramos ofrecerles un ambiente familiar donde puedan respirar un clima de afecto y vivir con confianza las relaciones personales y el di\u00e1logo y procuramos que ellos sean protagonistas de su propio proceso de crecimiento (cf. Dir. 42, 43 y 44).<\/p>\t\t\t\t\t\t<\/div>\n\t\t\t\t<\/div>\n\t\t\t\t\t<\/div>\n\t\t<\/div>\n\t\t\t\t\t\t\t<\/div>\n\t\t<\/section>\n\t\t\t\t<section class=\"elementor-section elementor-top-section elementor-element elementor-element-ed4cd01 elementor-section-boxed elementor-section-height-default elementor-section-height-default\" data-id=\"ed4cd01\" data-element_type=\"section\">\n\t\t\t\t\t\t<div class=\"elementor-container elementor-column-gap-default\">\n\t\t\t\t\t<div class=\"elementor-column elementor-col-33 elementor-top-column elementor-element elementor-element-98560da\" data-id=\"98560da\" data-element_type=\"column\">\n\t\t\t<div class=\"elementor-widget-wrap elementor-element-populated\">\n\t\t\t\t\t\t\t\t<div class=\"elementor-element elementor-element-ff68fa4 elementor-widget elementor-widget-image\" data-id=\"ff68fa4\" data-element_type=\"widget\" data-widget_type=\"image.default\">\n\t\t\t\t<div class=\"elementor-widget-container\">\n\t\t\t<style>\/*! elementor - v3.7.1 - 14-08-2022 *\/\n.elementor-widget-image{text-align:center}.elementor-widget-image a{display:inline-block}.elementor-widget-image a img[src$=\".svg\"]{width:48px}.elementor-widget-image img{vertical-align:middle;display:inline-block}<\/style>\t\t\t\t\t\t\t\t\t\t\t\t<img loading=\"lazy\" decoding=\"async\" width=\"1024\" height=\"768\" src=\"https:\/\/terciariascapuchinasbuenpastor.org\/wp-content\/uploads\/2022\/08\/WhatsApp-Image-2022-08-31-at-1.49.29-PM-2-1024x768.jpeg\" class=\"attachment-large size-large\" alt=\"\" srcset=\"https:\/\/terciariascapuchinasbuenpastor.org\/wp-content\/uploads\/2022\/08\/WhatsApp-Image-2022-08-31-at-1.49.29-PM-2-1024x768.jpeg 1024w, https:\/\/terciariascapuchinasbuenpastor.org\/wp-content\/uploads\/2022\/08\/WhatsApp-Image-2022-08-31-at-1.49.29-PM-2-300x225.jpeg 300w, https:\/\/terciariascapuchinasbuenpastor.org\/wp-content\/uploads\/2022\/08\/WhatsApp-Image-2022-08-31-at-1.49.29-PM-2-768x576.jpeg 768w, https:\/\/terciariascapuchinasbuenpastor.org\/wp-content\/uploads\/2022\/08\/WhatsApp-Image-2022-08-31-at-1.49.29-PM-2-1536x1152.jpeg 1536w, https:\/\/terciariascapuchinasbuenpastor.org\/wp-content\/uploads\/2022\/08\/WhatsApp-Image-2022-08-31-at-1.49.29-PM-2-1440x1080.jpeg 1440w, https:\/\/terciariascapuchinasbuenpastor.org\/wp-content\/uploads\/2022\/08\/WhatsApp-Image-2022-08-31-at-1.49.29-PM-2.jpeg 1600w\" sizes=\"auto, (max-width: 1024px) 100vw, 1024px\" \/>\t\t\t\t\t\t\t\t\t\t\t\t\t\t\t<\/div>\n\t\t\t\t<\/div>\n\t\t\t\t\t<\/div>\n\t\t<\/div>\n\t\t\t\t<div class=\"elementor-column elementor-col-33 elementor-top-column elementor-element elementor-element-3b54366\" data-id=\"3b54366\" data-element_type=\"column\">\n\t\t\t<div class=\"elementor-widget-wrap elementor-element-populated\">\n\t\t\t\t\t\t\t\t<div class=\"elementor-element elementor-element-a098b0d elementor-widget elementor-widget-image\" data-id=\"a098b0d\" data-element_type=\"widget\" data-widget_type=\"image.default\">\n\t\t\t\t<div class=\"elementor-widget-container\">\n\t\t\t\t\t\t\t\t\t\t\t\t\t\t\t<img loading=\"lazy\" decoding=\"async\" width=\"1024\" height=\"768\" src=\"https:\/\/terciariascapuchinasbuenpastor.org\/wp-content\/uploads\/2022\/08\/WhatsApp-Image-2022-08-31-at-1.49.29-PM-1-1024x768.jpeg\" class=\"attachment-large size-large\" alt=\"\" srcset=\"https:\/\/terciariascapuchinasbuenpastor.org\/wp-content\/uploads\/2022\/08\/WhatsApp-Image-2022-08-31-at-1.49.29-PM-1-1024x768.jpeg 1024w, https:\/\/terciariascapuchinasbuenpastor.org\/wp-content\/uploads\/2022\/08\/WhatsApp-Image-2022-08-31-at-1.49.29-PM-1-300x225.jpeg 300w, https:\/\/terciariascapuchinasbuenpastor.org\/wp-content\/uploads\/2022\/08\/WhatsApp-Image-2022-08-31-at-1.49.29-PM-1-768x576.jpeg 768w, https:\/\/terciariascapuchinasbuenpastor.org\/wp-content\/uploads\/2022\/08\/WhatsApp-Image-2022-08-31-at-1.49.29-PM-1-1536x1152.jpeg 1536w, https:\/\/terciariascapuchinasbuenpastor.org\/wp-content\/uploads\/2022\/08\/WhatsApp-Image-2022-08-31-at-1.49.29-PM-1-1440x1080.jpeg 1440w, https:\/\/terciariascapuchinasbuenpastor.org\/wp-content\/uploads\/2022\/08\/WhatsApp-Image-2022-08-31-at-1.49.29-PM-1.jpeg 1600w\" sizes=\"auto, (max-width: 1024px) 100vw, 1024px\" \/>\t\t\t\t\t\t\t\t\t\t\t\t\t\t\t<\/div>\n\t\t\t\t<\/div>\n\t\t\t\t\t<\/div>\n\t\t<\/div>\n\t\t\t\t<div class=\"elementor-column elementor-col-33 elementor-top-column elementor-element elementor-element-4d41d1c\" data-id=\"4d41d1c\" data-element_type=\"column\">\n\t\t\t<div class=\"elementor-widget-wrap elementor-element-populated\">\n\t\t\t\t\t\t\t\t<div class=\"elementor-element elementor-element-7b568a9 elementor-widget elementor-widget-image\" data-id=\"7b568a9\" data-element_type=\"widget\" data-widget_type=\"image.default\">\n\t\t\t\t<div class=\"elementor-widget-container\">\n\t\t\t\t\t\t\t\t\t\t\t\t\t\t\t<img loading=\"lazy\" decoding=\"async\" width=\"1024\" height=\"769\" src=\"https:\/\/terciariascapuchinasbuenpastor.org\/wp-content\/uploads\/2022\/08\/WhatsApp-Image-2022-08-31-at-1.49.29-PM-5-1024x769.jpeg\" class=\"attachment-large size-large\" alt=\"\" srcset=\"https:\/\/terciariascapuchinasbuenpastor.org\/wp-content\/uploads\/2022\/08\/WhatsApp-Image-2022-08-31-at-1.49.29-PM-5-1024x769.jpeg 1024w, https:\/\/terciariascapuchinasbuenpastor.org\/wp-content\/uploads\/2022\/08\/WhatsApp-Image-2022-08-31-at-1.49.29-PM-5-300x225.jpeg 300w, https:\/\/terciariascapuchinasbuenpastor.org\/wp-content\/uploads\/2022\/08\/WhatsApp-Image-2022-08-31-at-1.49.29-PM-5-768x577.jpeg 768w, https:\/\/terciariascapuchinasbuenpastor.org\/wp-content\/uploads\/2022\/08\/WhatsApp-Image-2022-08-31-at-1.49.29-PM-5-1536x1154.jpeg 1536w, https:\/\/terciariascapuchinasbuenpastor.org\/wp-content\/uploads\/2022\/08\/WhatsApp-Image-2022-08-31-at-1.49.29-PM-5-1438x1080.jpeg 1438w, https:\/\/terciariascapuchinasbuenpastor.org\/wp-content\/uploads\/2022\/08\/WhatsApp-Image-2022-08-31-at-1.49.29-PM-5.jpeg 1600w\" sizes=\"auto, (max-width: 1024px) 100vw, 1024px\" \/>\t\t\t\t\t\t\t\t\t\t\t\t\t\t\t<\/div>\n\t\t\t\t<\/div>\n\t\t\t\t\t<\/div>\n\t\t<\/div>\n\t\t\t\t\t\t\t<\/div>\n\t\t<\/section>\n\t\t\t\t\t\t\t<\/div>\n\t\t","protected":false},"excerpt":{"rendered":"<p>Movidas por la caridad de Aqu\u00e9l que vino a salvar lo que estaba perdido, acogemos con amor a ni\u00f1os y j\u00f3venes que se encuentran en situaci\u00f3n de riesgo (protecci\u00f3n), sufren desajustes de conducta o personalidad y est\u00e1n heridos en su dignidad humana (reeducaci\u00f3n). En los hogares u otras estructuras donde los acogemos, procuramos ofrecerles un&hellip; <br \/> <a class=\"read-more\" href=\"https:\/\/terciariascapuchinasbuenpastor.org\/index.php\/proteccion\/\">Leer m\u00e1s<\/a><\/p>\n","protected":false},"author":1,"featured_media":0,"parent":0,"menu_order":0,"comment_status":"closed","ping_status":"closed","template":"","meta":{"footnotes":""},"class_list":["post-2128","page","type-page","status-publish","hentry"],"yoast_head":"<!-- This site is optimized with the Yoast SEO plugin v19.6.1 - https:\/\/yoast.com\/wordpress\/plugins\/seo\/ -->\n<title>PROTECCI\u00d3N - Terciarias Capuchinas Madre del Buen Pastor<\/title>\n<meta name=\"robots\" content=\"index, follow, max-snippet:-1, max-image-preview:large, max-video-preview:-1\" \/>\n<link rel=\"canonical\" href=\"https:\/\/terciariascapuchinasbuenpastor.org\/index.php\/proteccion\/\" \/>\n<meta property=\"og:locale\" content=\"es_ES\" \/>\n<meta property=\"og:type\" content=\"article\" \/>\n<meta property=\"og:title\" content=\"PROTECCI\u00d3N - Terciarias Capuchinas Madre del Buen Pastor\" \/>\n<meta property=\"og:description\" content=\"Movidas por la caridad de Aqu\u00e9l que vino a salvar lo que estaba perdido, acogemos con amor a ni\u00f1os y j\u00f3venes que se encuentran en situaci\u00f3n de riesgo (protecci\u00f3n), sufren desajustes de conducta o personalidad y est\u00e1n heridos en su dignidad humana (reeducaci\u00f3n). En los hogares u otras estructuras donde los acogemos, procuramos ofrecerles un&hellip; Leer m\u00e1s\" \/>\n<meta property=\"og:url\" content=\"https:\/\/terciariascapuchinasbuenpastor.org\/index.php\/proteccion\/\" \/>\n<meta property=\"og:site_name\" content=\"Terciarias Capuchinas Madre del Buen Pastor\" \/>\n<meta property=\"article:modified_time\" content=\"2022-08-31T19:07:03+00:00\" \/>\n<meta property=\"og:image\" content=\"http:\/\/terciariascapuchinasbuenpastor.org\/wp-content\/uploads\/2022\/08\/WhatsApp-Image-2022-08-31-at-1.49.29-PM-2-1024x768.jpeg\" \/>\n<meta name=\"twitter:card\" content=\"summary_large_image\" \/>\n<script type=\"application\/ld+json\" class=\"yoast-schema-graph\">{\"@context\":\"https:\/\/schema.org\",\"@graph\":[{\"@type\":\"WebPage\",\"@id\":\"https:\/\/terciariascapuchinasbuenpastor.org\/index.php\/proteccion\/\",\"url\":\"https:\/\/terciariascapuchinasbuenpastor.org\/index.php\/proteccion\/\",\"name\":\"PROTECCI\u00d3N - Terciarias Capuchinas Madre del Buen Pastor\",\"isPartOf\":{\"@id\":\"https:\/\/terciariascapuchinasbuenpastor.org\/#website\"},\"datePublished\":\"2022-08-28T23:01:05+00:00\",\"dateModified\":\"2022-08-31T19:07:03+00:00\",\"breadcrumb\":{\"@id\":\"https:\/\/terciariascapuchinasbuenpastor.org\/index.php\/proteccion\/#breadcrumb\"},\"inLanguage\":\"es-CO\",\"potentialAction\":[{\"@type\":\"ReadAction\",\"target\":[\"https:\/\/terciariascapuchinasbuenpastor.org\/index.php\/proteccion\/\"]}]},{\"@type\":\"BreadcrumbList\",\"@id\":\"https:\/\/terciariascapuchinasbuenpastor.org\/index.php\/proteccion\/#breadcrumb\",\"itemListElement\":[{\"@type\":\"ListItem\",\"position\":1,\"name\":\"Inicio\",\"item\":\"https:\/\/terciariascapuchinasbuenpastor.org\/\"},{\"@type\":\"ListItem\",\"position\":2,\"name\":\"PROTECCI\u00d3N\"}]},{\"@type\":\"WebSite\",\"@id\":\"https:\/\/terciariascapuchinasbuenpastor.org\/#website\",\"url\":\"https:\/\/terciariascapuchinasbuenpastor.org\/\",\"name\":\"Terciarias Capuchinas Madre del Buen Pastor\",\"description\":\"Sitio oficial - Provincia Madre del Buen Pastor\",\"publisher\":{\"@id\":\"https:\/\/terciariascapuchinasbuenpastor.org\/#organization\"},\"potentialAction\":[{\"@type\":\"SearchAction\",\"target\":{\"@type\":\"EntryPoint\",\"urlTemplate\":\"https:\/\/terciariascapuchinasbuenpastor.org\/?s={search_term_string}\"},\"query-input\":\"required name=search_term_string\"}],\"inLanguage\":\"es-CO\"},{\"@type\":\"Organization\",\"@id\":\"https:\/\/terciariascapuchinasbuenpastor.org\/#organization\",\"name\":\"Terciarias Capuchinas Madre del Buen Pastor\",\"url\":\"https:\/\/terciariascapuchinasbuenpastor.org\/\",\"sameAs\":[],\"logo\":{\"@type\":\"ImageObject\",\"inLanguage\":\"es-CO\",\"@id\":\"https:\/\/terciariascapuchinasbuenpastor.org\/#\/schema\/logo\/image\/\",\"url\":\"https:\/\/terciariascapuchinasbuenpastor.org\/wp-content\/uploads\/2022\/08\/cropped-CC_Express_20220824_1658390.8685437846145748.png\",\"contentUrl\":\"https:\/\/terciariascapuchinasbuenpastor.org\/wp-content\/uploads\/2022\/08\/cropped-CC_Express_20220824_1658390.8685437846145748.png\",\"width\":5057,\"height\":1261,\"caption\":\"Terciarias Capuchinas Madre del Buen Pastor\"},\"image\":{\"@id\":\"https:\/\/terciariascapuchinasbuenpastor.org\/#\/schema\/logo\/image\/\"}}]}<\/script>\n<!-- \/ Yoast SEO plugin. -->","yoast_head_json":{"title":"PROTECCI\u00d3N - Terciarias Capuchinas Madre del Buen Pastor","robots":{"index":"index","follow":"follow","max-snippet":"max-snippet:-1","max-image-preview":"max-image-preview:large","max-video-preview":"max-video-preview:-1"},"canonical":"https:\/\/terciariascapuchinasbuenpastor.org\/index.php\/proteccion\/","og_locale":"es_ES","og_type":"article","og_title":"PROTECCI\u00d3N - Terciarias Capuchinas Madre del Buen Pastor","og_description":"Movidas por la caridad de Aqu\u00e9l que vino a salvar lo que estaba perdido, acogemos con amor a ni\u00f1os y j\u00f3venes que se encuentran en situaci\u00f3n de riesgo (protecci\u00f3n), sufren desajustes de conducta o personalidad y est\u00e1n heridos en su dignidad humana (reeducaci\u00f3n). En los hogares u otras estructuras donde los acogemos, procuramos ofrecerles un&hellip; Leer m\u00e1s","og_url":"https:\/\/terciariascapuchinasbuenpastor.org\/index.php\/proteccion\/","og_site_name":"Terciarias Capuchinas Madre del Buen Pastor","article_modified_time":"2022-08-31T19:07:03+00:00","og_image":[{"url":"http:\/\/terciariascapuchinasbuenpastor.org\/wp-content\/uploads\/2022\/08\/WhatsApp-Image-2022-08-31-at-1.49.29-PM-2-1024x768.jpeg"}],"twitter_card":"summary_large_image","schema":{"@context":"https:\/\/schema.org","@graph":[{"@type":"WebPage","@id":"https:\/\/terciariascapuchinasbuenpastor.org\/index.php\/proteccion\/","url":"https:\/\/terciariascapuchinasbuenpastor.org\/index.php\/proteccion\/","name":"PROTECCI\u00d3N - Terciarias Capuchinas Madre del Buen Pastor","isPartOf":{"@id":"https:\/\/terciariascapuchinasbuenpastor.org\/#website"},"datePublished":"2022-08-28T23:01:05+00:00","dateModified":"2022-08-31T19:07:03+00:00","breadcrumb":{"@id":"https:\/\/terciariascapuchinasbuenpastor.org\/index.php\/proteccion\/#breadcrumb"},"inLanguage":"es-CO","potentialAction":[{"@type":"ReadAction","target":["https:\/\/terciariascapuchinasbuenpastor.org\/index.php\/proteccion\/"]}]},{"@type":"BreadcrumbList","@id":"https:\/\/terciariascapuchinasbuenpastor.org\/index.php\/proteccion\/#breadcrumb","itemListElement":[{"@type":"ListItem","position":1,"name":"Inicio","item":"https:\/\/terciariascapuchinasbuenpastor.org\/"},{"@type":"ListItem","position":2,"name":"PROTECCI\u00d3N"}]},{"@type":"WebSite","@id":"https:\/\/terciariascapuchinasbuenpastor.org\/#website","url":"https:\/\/terciariascapuchinasbuenpastor.org\/","name":"Terciarias Capuchinas Madre del Buen Pastor","description":"Sitio oficial - Provincia Madre del Buen Pastor","publisher":{"@id":"https:\/\/terciariascapuchinasbuenpastor.org\/#organization"},"potentialAction":[{"@type":"SearchAction","target":{"@type":"EntryPoint","urlTemplate":"https:\/\/terciariascapuchinasbuenpastor.org\/?s={search_term_string}"},"query-input":"required name=search_term_string"}],"inLanguage":"es-CO"},{"@type":"Organization","@id":"https:\/\/terciariascapuchinasbuenpastor.org\/#organization","name":"Terciarias Capuchinas Madre del Buen Pastor","url":"https:\/\/terciariascapuchinasbuenpastor.org\/","sameAs":[],"logo":{"@type":"ImageObject","inLanguage":"es-CO","@id":"https:\/\/terciariascapuchinasbuenpastor.org\/#\/schema\/logo\/image\/","url":"https:\/\/terciariascapuchinasbuenpastor.org\/wp-content\/uploads\/2022\/08\/cropped-CC_Express_20220824_1658390.8685437846145748.png","contentUrl":"https:\/\/terciariascapuchinasbuenpastor.org\/wp-content\/uploads\/2022\/08\/cropped-CC_Express_20220824_1658390.8685437846145748.png","width":5057,"height":1261,"caption":"Terciarias Capuchinas Madre del Buen Pastor"},"image":{"@id":"https:\/\/terciariascapuchinasbuenpastor.org\/#\/schema\/logo\/image\/"}}]}},"_links":{"self":[{"href":"https:\/\/terciariascapuchinasbuenpastor.org\/index.php\/wp-json\/wp\/v2\/pages\/2128","targetHints":{"allow":["GET"]}}],"collection":[{"href":"https:\/\/terciariascapuchinasbuenpastor.org\/index.php\/wp-json\/wp\/v2\/pages"}],"about":[{"href":"https:\/\/terciariascapuchinasbuenpastor.org\/index.php\/wp-json\/wp\/v2\/types\/page"}],"author":[{"embeddable":true,"href":"https:\/\/terciariascapuchinasbuenpastor.org\/index.php\/wp-json\/wp\/v2\/users\/1"}],"replies":[{"embeddable":true,"href":"https:\/\/terciariascapuchinasbuenpastor.org\/index.php\/wp-json\/wp\/v2\/comments?post=2128"}],"version-history":[{"count":8,"href":"https:\/\/terciariascapuchinasbuenpastor.org\/index.php\/wp-json\/wp\/v2\/pages\/2128\/revisions"}],"predecessor-version":[{"id":3333,"href":"https:\/\/terciariascapuchinasbuenpastor.org\/index.php\/wp-json\/wp\/v2\/pages\/2128\/revisions\/3333"}],"wp:attachment":[{"href":"https:\/\/terciariascapuchinasbuenpastor.org\/index.php\/wp-json\/wp\/v2\/media?parent=2128"}],"curies":[{"name":"wp","href":"https:\/\/api.w.org\/{rel}","templated":true}]}}