{"id":2134,"date":"2022-08-28T23:03:45","date_gmt":"2022-08-28T23:03:45","guid":{"rendered":"https:\/\/terciariascapuchinasbuenpastor.org\/?page_id=2134"},"modified":"2026-03-17T21:18:46","modified_gmt":"2026-03-17T21:18:46","slug":"movimiento-laical","status":"publish","type":"page","link":"https:\/\/terciariascapuchinasbuenpastor.org\/index.php\/movimiento-laical\/","title":{"rendered":"MOVIMIENTO LAICAL AMIGONIANO"},"content":{"rendered":"\t\t<div data-elementor-type=\"wp-page\" data-elementor-id=\"2134\" class=\"elementor elementor-2134\">\n\t\t\t\t\t\t\t\t\t<section class=\"elementor-section elementor-top-section elementor-element elementor-element-436b73f elementor-section-full_width elementor-section-height-default elementor-section-height-default\" data-id=\"436b73f\" data-element_type=\"section\">\n\t\t\t\t\t\t<div class=\"elementor-container elementor-column-gap-default\">\n\t\t\t\t\t<div class=\"elementor-column elementor-col-100 elementor-top-column elementor-element elementor-element-5b6022a\" data-id=\"5b6022a\" data-element_type=\"column\">\n\t\t\t<div class=\"elementor-widget-wrap elementor-element-populated\">\n\t\t\t\t\t\t\t\t<div class=\"elementor-element elementor-element-5616f54 elementor-drop-cap-yes elementor-drop-cap-view-default elementor-widget elementor-widget-text-editor\" data-id=\"5616f54\" data-element_type=\"widget\" data-settings=\"{&quot;drop_cap&quot;:&quot;yes&quot;}\" data-widget_type=\"text-editor.default\">\n\t\t\t\t<div class=\"elementor-widget-container\">\n\t\t\t<style>\/*! elementor - v3.7.1 - 14-08-2022 *\/\n.elementor-widget-text-editor.elementor-drop-cap-view-stacked .elementor-drop-cap{background-color:#818a91;color:#fff}.elementor-widget-text-editor.elementor-drop-cap-view-framed .elementor-drop-cap{color:#818a91;border:3px solid;background-color:transparent}.elementor-widget-text-editor:not(.elementor-drop-cap-view-default) .elementor-drop-cap{margin-top:8px}.elementor-widget-text-editor:not(.elementor-drop-cap-view-default) .elementor-drop-cap-letter{width:1em;height:1em}.elementor-widget-text-editor .elementor-drop-cap{float:left;text-align:center;line-height:1;font-size:50px}.elementor-widget-text-editor .elementor-drop-cap-letter{display:inline-block}<\/style>\t\t\t\t<p>Es una asociaci\u00f3n de fieles que quieren vivir el carisma del Padre Luis Amig\u00f3 desde su estado de vida laical; es una obra propia de la Congregaci\u00f3n que hace part\u00edcipes a los laicos de su espiritualidad y misi\u00f3n y les propone un camino de santidad (cf. CIVCSVA, Decreto de aprobaci\u00f3n MLA; Const. 63; Dir. 52).<\/p><p>La instituci\u00f3n de este Movimiento, que recibi\u00f3 la aprobaci\u00f3n de la Iglesia en el a\u00f1o 2002, da continuidad al celo apost\u00f3lico con que el Padre Luis Amig\u00f3 trabaj\u00f3 con la Tercera Orden Franciscana Seglar, reconociendo su aportaci\u00f3n para transformar la sociedad desde los valores evang\u00e9licos testimoniados con la vida (cf. OCLA 1016 y 1024). Las hermanas acompa\u00f1amos el camino de los Laicos Amigonianos atendiendo a su formaci\u00f3n cristiana y carism\u00e1tica y sosteniendo su compromiso para hacer llegar los valores recibidos a trav\u00e9s del Padre Luis en las familias, en el mundo del trabajo y en la sociedad civil donde nosotras no siempre podemos llegar y hacernos presentes. Est\u00e1 estructurado en tres secciones: Laicos Adultos, Juventud Amigoniana (JUVAM) y Zagales (cf. Dir. MLA 15).<\/p><p>La JUVAM es una asociaci\u00f3n de j\u00f3venes que quieren crecer integralmente como personas a la luz de la fe y carisma amigoniano, proponi\u00e9ndoles un itinerario de crecimiento personal y de seguimiento de Cristo desde los elementos esenciales del Carisma amigoniano, acompa\u00f1ados por educadores que procuran ser para ellos testigos del Evangelio y transmisores cre\u00edbles de sus valores.<br \/><br \/>Los Zagales son ni\u00f1os y adolescentes que quieren vivir la experiencia de la amistad y de la vivencia de la fe seg\u00fan el carisma amigoniano. Su nombre remite al matiz amigoniano del Buen Pastor de quien se sienten \u201cpastorcitos\u201d. Acompa\u00f1ados por sus educadores se re\u00fanen para reflexionar y dialogar sobre la vida, encontrarse con Dios en la escucha de su Palabra y llevar adelante sencillos compromisos solidarios con aqu\u00e9llos que m\u00e1s lo necesitan.<\/p>\t\t\t\t\t\t<\/div>\n\t\t\t\t<\/div>\n\t\t\t\t\t<\/div>\n\t\t<\/div>\n\t\t\t\t\t\t\t<\/div>\n\t\t<\/section>\n\t\t\t\t<section class=\"elementor-section elementor-top-section elementor-element elementor-element-95be497 elementor-section-boxed elementor-section-height-default elementor-section-height-default\" data-id=\"95be497\" data-element_type=\"section\">\n\t\t\t\t\t\t<div class=\"elementor-container elementor-column-gap-default\">\n\t\t\t\t\t<div class=\"elementor-column elementor-col-50 elementor-top-column elementor-element elementor-element-bcdcf9e\" data-id=\"bcdcf9e\" data-element_type=\"column\">\n\t\t\t<div class=\"elementor-widget-wrap elementor-element-populated\">\n\t\t\t\t\t\t\t\t<div class=\"elementor-element elementor-element-5b4ad0c elementor-widget elementor-widget-image\" data-id=\"5b4ad0c\" data-element_type=\"widget\" data-widget_type=\"image.default\">\n\t\t\t\t<div class=\"elementor-widget-container\">\n\t\t\t<style>\/*! elementor - v3.7.1 - 14-08-2022 *\/\n.elementor-widget-image{text-align:center}.elementor-widget-image a{display:inline-block}.elementor-widget-image a img[src$=\".svg\"]{width:48px}.elementor-widget-image img{vertical-align:middle;display:inline-block}<\/style>\t\t\t\t\t\t\t\t\t\t\t\t<img loading=\"lazy\" decoding=\"async\" width=\"1024\" height=\"759\" src=\"https:\/\/terciariascapuchinasbuenpastor.org\/wp-content\/uploads\/2022\/08\/WhatsApp-Image-2022-08-31-at-1.49.28-PM-1.jpeg\" class=\"attachment-large size-large\" alt=\"\" srcset=\"https:\/\/terciariascapuchinasbuenpastor.org\/wp-content\/uploads\/2022\/08\/WhatsApp-Image-2022-08-31-at-1.49.28-PM-1.jpeg 1024w, https:\/\/terciariascapuchinasbuenpastor.org\/wp-content\/uploads\/2022\/08\/WhatsApp-Image-2022-08-31-at-1.49.28-PM-1-300x222.jpeg 300w, https:\/\/terciariascapuchinasbuenpastor.org\/wp-content\/uploads\/2022\/08\/WhatsApp-Image-2022-08-31-at-1.49.28-PM-1-768x569.jpeg 768w\" sizes=\"auto, (max-width: 1024px) 100vw, 1024px\" \/>\t\t\t\t\t\t\t\t\t\t\t\t\t\t\t<\/div>\n\t\t\t\t<\/div>\n\t\t\t\t\t<\/div>\n\t\t<\/div>\n\t\t\t\t<div class=\"elementor-column elementor-col-50 elementor-top-column elementor-element elementor-element-4d42d1a\" data-id=\"4d42d1a\" data-element_type=\"column\">\n\t\t\t<div class=\"elementor-widget-wrap elementor-element-populated\">\n\t\t\t\t\t\t\t\t<div class=\"elementor-element elementor-element-582cb5a elementor-widget elementor-widget-image\" data-id=\"582cb5a\" data-element_type=\"widget\" data-widget_type=\"image.default\">\n\t\t\t\t<div class=\"elementor-widget-container\">\n\t\t\t\t\t\t\t\t\t\t\t\t\t\t\t<img loading=\"lazy\" decoding=\"async\" width=\"1024\" height=\"768\" src=\"https:\/\/terciariascapuchinasbuenpastor.org\/wp-content\/uploads\/2022\/08\/WhatsApp-Image-2022-08-31-at-1.49.29-PM-1024x768.jpeg\" class=\"attachment-large size-large\" alt=\"\" srcset=\"https:\/\/terciariascapuchinasbuenpastor.org\/wp-content\/uploads\/2022\/08\/WhatsApp-Image-2022-08-31-at-1.49.29-PM-1024x768.jpeg 1024w, https:\/\/terciariascapuchinasbuenpastor.org\/wp-content\/uploads\/2022\/08\/WhatsApp-Image-2022-08-31-at-1.49.29-PM-300x225.jpeg 300w, https:\/\/terciariascapuchinasbuenpastor.org\/wp-content\/uploads\/2022\/08\/WhatsApp-Image-2022-08-31-at-1.49.29-PM-768x576.jpeg 768w, https:\/\/terciariascapuchinasbuenpastor.org\/wp-content\/uploads\/2022\/08\/WhatsApp-Image-2022-08-31-at-1.49.29-PM-1536x1152.jpeg 1536w, https:\/\/terciariascapuchinasbuenpastor.org\/wp-content\/uploads\/2022\/08\/WhatsApp-Image-2022-08-31-at-1.49.29-PM-1440x1080.jpeg 1440w, https:\/\/terciariascapuchinasbuenpastor.org\/wp-content\/uploads\/2022\/08\/WhatsApp-Image-2022-08-31-at-1.49.29-PM.jpeg 1600w\" sizes=\"auto, (max-width: 1024px) 100vw, 1024px\" \/>\t\t\t\t\t\t\t\t\t\t\t\t\t\t\t<\/div>\n\t\t\t\t<\/div>\n\t\t\t\t\t<\/div>\n\t\t<\/div>\n\t\t\t\t\t\t\t<\/div>\n\t\t<\/section>\n\t\t\t\t<section class=\"elementor-section elementor-top-section elementor-element elementor-element-5660f6a elementor-section-boxed elementor-section-height-default elementor-section-height-default\" data-id=\"5660f6a\" data-element_type=\"section\">\n\t\t\t\t\t\t<div class=\"elementor-container elementor-column-gap-default\">\n\t\t\t\t\t<div class=\"elementor-column elementor-col-100 elementor-top-column elementor-element elementor-element-16834dd\" data-id=\"16834dd\" data-element_type=\"column\">\n\t\t\t<div class=\"elementor-widget-wrap elementor-element-populated\">\n\t\t\t\t\t\t\t\t<div class=\"elementor-element elementor-element-c3c5c60 elementor-widget elementor-widget-image\" data-id=\"c3c5c60\" data-element_type=\"widget\" data-widget_type=\"image.default\">\n\t\t\t\t<div class=\"elementor-widget-container\">\n\t\t\t\t\t\t\t\t\t\t\t\t\t\t\t\t<a href=\"https:\/\/youtube.com\/@pastoralamigonianapmbp?si=2AyKrfG_Axot0_4r\">\n\t\t\t\t\t\t\t<img loading=\"lazy\" decoding=\"async\" width=\"1024\" height=\"192\" src=\"https:\/\/terciariascapuchinasbuenpastor.org\/wp-content\/uploads\/2026\/03\/PastoralAmigo-1024x192.png\" class=\"attachment-large size-large\" alt=\"Juvan; Zagales Amigonianos, Movimiento Laical Amigoniano, Formaci\u00f3n Pastoral Juvenil\" srcset=\"https:\/\/terciariascapuchinasbuenpastor.org\/wp-content\/uploads\/2026\/03\/PastoralAmigo-1024x192.png 1024w, https:\/\/terciariascapuchinasbuenpastor.org\/wp-content\/uploads\/2026\/03\/PastoralAmigo-300x56.png 300w, https:\/\/terciariascapuchinasbuenpastor.org\/wp-content\/uploads\/2026\/03\/PastoralAmigo-768x144.png 768w, https:\/\/terciariascapuchinasbuenpastor.org\/wp-content\/uploads\/2026\/03\/PastoralAmigo-1536x288.png 1536w, https:\/\/terciariascapuchinasbuenpastor.org\/wp-content\/uploads\/2026\/03\/PastoralAmigo.png 1757w\" sizes=\"auto, (max-width: 1024px) 100vw, 1024px\" \/>\t\t\t\t\t\t\t\t<\/a>\n\t\t\t\t\t\t\t\t\t\t\t\t\t\t\t<\/div>\n\t\t\t\t<\/div>\n\t\t\t\t\t<\/div>\n\t\t<\/div>\n\t\t\t\t\t\t\t<\/div>\n\t\t<\/section>\n\t\t\t\t\t\t\t<\/div>\n\t\t","protected":false},"excerpt":{"rendered":"<p>Es una asociaci\u00f3n de fieles que quieren vivir el carisma del Padre Luis Amig\u00f3 desde su estado de vida laical; es una obra propia de la Congregaci\u00f3n que hace part\u00edcipes a los laicos de su espiritualidad y misi\u00f3n y les propone un camino de santidad (cf. CIVCSVA, Decreto de aprobaci\u00f3n MLA; Const. 63; Dir. 52).&hellip; <br \/> <a class=\"read-more\" href=\"https:\/\/terciariascapuchinasbuenpastor.org\/index.php\/movimiento-laical\/\">Leer m\u00e1s<\/a><\/p>\n","protected":false},"author":1,"featured_media":0,"parent":0,"menu_order":0,"comment_status":"closed","ping_status":"closed","template":"","meta":{"footnotes":""},"class_list":["post-2134","page","type-page","status-publish","hentry"],"yoast_head":"<!-- This site is optimized with the Yoast SEO plugin v19.6.1 - https:\/\/yoast.com\/wordpress\/plugins\/seo\/ -->\n<title>MOVIMIENTO LAICAL AMIGONIANO - Terciarias Capuchinas Madre del Buen Pastor<\/title>\n<meta name=\"description\" content=\"Asociaci\u00f3n de fieles, carisma del Padre Luis Amig\u00f3 desde su estado de vida laical; part\u00edcipe a los laicos de su espiritualidad y misi\u00f3n.\" \/>\n<meta name=\"robots\" content=\"index, follow, max-snippet:-1, max-image-preview:large, max-video-preview:-1\" \/>\n<link rel=\"canonical\" href=\"https:\/\/terciariascapuchinasbuenpastor.org\/index.php\/movimiento-laical\/\" \/>\n<meta property=\"og:locale\" content=\"es_ES\" \/>\n<meta property=\"og:type\" content=\"article\" \/>\n<meta property=\"og:title\" content=\"MOVIMIENTO LAICAL AMIGONIANO - Terciarias Capuchinas Madre del Buen Pastor\" \/>\n<meta property=\"og:description\" content=\"Asociaci\u00f3n de fieles, carisma del Padre Luis Amig\u00f3 desde su estado de vida laical; part\u00edcipe a los laicos de su espiritualidad y misi\u00f3n.\" \/>\n<meta property=\"og:url\" content=\"https:\/\/terciariascapuchinasbuenpastor.org\/index.php\/movimiento-laical\/\" \/>\n<meta property=\"og:site_name\" content=\"Terciarias Capuchinas Madre del Buen Pastor\" \/>\n<meta property=\"article:modified_time\" content=\"2026-03-17T21:18:46+00:00\" \/>\n<meta property=\"og:image\" content=\"http:\/\/terciariascapuchinasbuenpastor.org\/wp-content\/uploads\/2022\/08\/WhatsApp-Image-2022-08-31-at-1.49.28-PM-1.jpeg\" \/>\n<meta name=\"twitter:card\" content=\"summary_large_image\" \/>\n<meta name=\"twitter:label1\" content=\"Tiempo estimado de lectura\" \/>\n\t<meta name=\"twitter:data1\" content=\"3 minutos\" \/>\n<script type=\"application\/ld+json\" class=\"yoast-schema-graph\">{\"@context\":\"https:\/\/schema.org\",\"@graph\":[{\"@type\":\"WebPage\",\"@id\":\"https:\/\/terciariascapuchinasbuenpastor.org\/index.php\/movimiento-laical\/\",\"url\":\"https:\/\/terciariascapuchinasbuenpastor.org\/index.php\/movimiento-laical\/\",\"name\":\"MOVIMIENTO LAICAL AMIGONIANO - Terciarias Capuchinas Madre del Buen Pastor\",\"isPartOf\":{\"@id\":\"https:\/\/terciariascapuchinasbuenpastor.org\/#website\"},\"datePublished\":\"2022-08-28T23:03:45+00:00\",\"dateModified\":\"2026-03-17T21:18:46+00:00\",\"description\":\"Asociaci\u00f3n de fieles, carisma del Padre Luis Amig\u00f3 desde su estado de vida laical; part\u00edcipe a los laicos de su espiritualidad y misi\u00f3n.\",\"breadcrumb\":{\"@id\":\"https:\/\/terciariascapuchinasbuenpastor.org\/index.php\/movimiento-laical\/#breadcrumb\"},\"inLanguage\":\"es-CO\",\"potentialAction\":[{\"@type\":\"ReadAction\",\"target\":[\"https:\/\/terciariascapuchinasbuenpastor.org\/index.php\/movimiento-laical\/\"]}]},{\"@type\":\"BreadcrumbList\",\"@id\":\"https:\/\/terciariascapuchinasbuenpastor.org\/index.php\/movimiento-laical\/#breadcrumb\",\"itemListElement\":[{\"@type\":\"ListItem\",\"position\":1,\"name\":\"Inicio\",\"item\":\"https:\/\/terciariascapuchinasbuenpastor.org\/\"},{\"@type\":\"ListItem\",\"position\":2,\"name\":\"MOVIMIENTO LAICAL AMIGONIANO\"}]},{\"@type\":\"WebSite\",\"@id\":\"https:\/\/terciariascapuchinasbuenpastor.org\/#website\",\"url\":\"https:\/\/terciariascapuchinasbuenpastor.org\/\",\"name\":\"Terciarias Capuchinas Madre del Buen Pastor\",\"description\":\"Sitio oficial - Provincia Madre del Buen Pastor\",\"publisher\":{\"@id\":\"https:\/\/terciariascapuchinasbuenpastor.org\/#organization\"},\"potentialAction\":[{\"@type\":\"SearchAction\",\"target\":{\"@type\":\"EntryPoint\",\"urlTemplate\":\"https:\/\/terciariascapuchinasbuenpastor.org\/?s={search_term_string}\"},\"query-input\":\"required name=search_term_string\"}],\"inLanguage\":\"es-CO\"},{\"@type\":\"Organization\",\"@id\":\"https:\/\/terciariascapuchinasbuenpastor.org\/#organization\",\"name\":\"Terciarias Capuchinas Madre del Buen Pastor\",\"url\":\"https:\/\/terciariascapuchinasbuenpastor.org\/\",\"sameAs\":[],\"logo\":{\"@type\":\"ImageObject\",\"inLanguage\":\"es-CO\",\"@id\":\"https:\/\/terciariascapuchinasbuenpastor.org\/#\/schema\/logo\/image\/\",\"url\":\"https:\/\/terciariascapuchinasbuenpastor.org\/wp-content\/uploads\/2022\/08\/cropped-CC_Express_20220824_1658390.8685437846145748.png\",\"contentUrl\":\"https:\/\/terciariascapuchinasbuenpastor.org\/wp-content\/uploads\/2022\/08\/cropped-CC_Express_20220824_1658390.8685437846145748.png\",\"width\":5057,\"height\":1261,\"caption\":\"Terciarias Capuchinas Madre del Buen Pastor\"},\"image\":{\"@id\":\"https:\/\/terciariascapuchinasbuenpastor.org\/#\/schema\/logo\/image\/\"}}]}<\/script>\n<!-- \/ Yoast SEO plugin. -->","yoast_head_json":{"title":"MOVIMIENTO LAICAL AMIGONIANO - Terciarias Capuchinas Madre del Buen Pastor","description":"Asociaci\u00f3n de fieles, carisma del Padre Luis Amig\u00f3 desde su estado de vida laical; part\u00edcipe a los laicos de su espiritualidad y misi\u00f3n.","robots":{"index":"index","follow":"follow","max-snippet":"max-snippet:-1","max-image-preview":"max-image-preview:large","max-video-preview":"max-video-preview:-1"},"canonical":"https:\/\/terciariascapuchinasbuenpastor.org\/index.php\/movimiento-laical\/","og_locale":"es_ES","og_type":"article","og_title":"MOVIMIENTO LAICAL AMIGONIANO - Terciarias Capuchinas Madre del Buen Pastor","og_description":"Asociaci\u00f3n de fieles, carisma del Padre Luis Amig\u00f3 desde su estado de vida laical; part\u00edcipe a los laicos de su espiritualidad y misi\u00f3n.","og_url":"https:\/\/terciariascapuchinasbuenpastor.org\/index.php\/movimiento-laical\/","og_site_name":"Terciarias Capuchinas Madre del Buen Pastor","article_modified_time":"2026-03-17T21:18:46+00:00","og_image":[{"url":"http:\/\/terciariascapuchinasbuenpastor.org\/wp-content\/uploads\/2022\/08\/WhatsApp-Image-2022-08-31-at-1.49.28-PM-1.jpeg"}],"twitter_card":"summary_large_image","twitter_misc":{"Tiempo estimado de lectura":"3 minutos"},"schema":{"@context":"https:\/\/schema.org","@graph":[{"@type":"WebPage","@id":"https:\/\/terciariascapuchinasbuenpastor.org\/index.php\/movimiento-laical\/","url":"https:\/\/terciariascapuchinasbuenpastor.org\/index.php\/movimiento-laical\/","name":"MOVIMIENTO LAICAL AMIGONIANO - Terciarias Capuchinas Madre del Buen Pastor","isPartOf":{"@id":"https:\/\/terciariascapuchinasbuenpastor.org\/#website"},"datePublished":"2022-08-28T23:03:45+00:00","dateModified":"2026-03-17T21:18:46+00:00","description":"Asociaci\u00f3n de fieles, carisma del Padre Luis Amig\u00f3 desde su estado de vida laical; part\u00edcipe a los laicos de su espiritualidad y misi\u00f3n.","breadcrumb":{"@id":"https:\/\/terciariascapuchinasbuenpastor.org\/index.php\/movimiento-laical\/#breadcrumb"},"inLanguage":"es-CO","potentialAction":[{"@type":"ReadAction","target":["https:\/\/terciariascapuchinasbuenpastor.org\/index.php\/movimiento-laical\/"]}]},{"@type":"BreadcrumbList","@id":"https:\/\/terciariascapuchinasbuenpastor.org\/index.php\/movimiento-laical\/#breadcrumb","itemListElement":[{"@type":"ListItem","position":1,"name":"Inicio","item":"https:\/\/terciariascapuchinasbuenpastor.org\/"},{"@type":"ListItem","position":2,"name":"MOVIMIENTO LAICAL AMIGONIANO"}]},{"@type":"WebSite","@id":"https:\/\/terciariascapuchinasbuenpastor.org\/#website","url":"https:\/\/terciariascapuchinasbuenpastor.org\/","name":"Terciarias Capuchinas Madre del Buen Pastor","description":"Sitio oficial - Provincia Madre del Buen Pastor","publisher":{"@id":"https:\/\/terciariascapuchinasbuenpastor.org\/#organization"},"potentialAction":[{"@type":"SearchAction","target":{"@type":"EntryPoint","urlTemplate":"https:\/\/terciariascapuchinasbuenpastor.org\/?s={search_term_string}"},"query-input":"required name=search_term_string"}],"inLanguage":"es-CO"},{"@type":"Organization","@id":"https:\/\/terciariascapuchinasbuenpastor.org\/#organization","name":"Terciarias Capuchinas Madre del Buen Pastor","url":"https:\/\/terciariascapuchinasbuenpastor.org\/","sameAs":[],"logo":{"@type":"ImageObject","inLanguage":"es-CO","@id":"https:\/\/terciariascapuchinasbuenpastor.org\/#\/schema\/logo\/image\/","url":"https:\/\/terciariascapuchinasbuenpastor.org\/wp-content\/uploads\/2022\/08\/cropped-CC_Express_20220824_1658390.8685437846145748.png","contentUrl":"https:\/\/terciariascapuchinasbuenpastor.org\/wp-content\/uploads\/2022\/08\/cropped-CC_Express_20220824_1658390.8685437846145748.png","width":5057,"height":1261,"caption":"Terciarias Capuchinas Madre del Buen Pastor"},"image":{"@id":"https:\/\/terciariascapuchinasbuenpastor.org\/#\/schema\/logo\/image\/"}}]}},"_links":{"self":[{"href":"https:\/\/terciariascapuchinasbuenpastor.org\/index.php\/wp-json\/wp\/v2\/pages\/2134","targetHints":{"allow":["GET"]}}],"collection":[{"href":"https:\/\/terciariascapuchinasbuenpastor.org\/index.php\/wp-json\/wp\/v2\/pages"}],"about":[{"href":"https:\/\/terciariascapuchinasbuenpastor.org\/index.php\/wp-json\/wp\/v2\/types\/page"}],"author":[{"embeddable":true,"href":"https:\/\/terciariascapuchinasbuenpastor.org\/index.php\/wp-json\/wp\/v2\/users\/1"}],"replies":[{"embeddable":true,"href":"https:\/\/terciariascapuchinasbuenpastor.org\/index.php\/wp-json\/wp\/v2\/comments?post=2134"}],"version-history":[{"count":11,"href":"https:\/\/terciariascapuchinasbuenpastor.org\/index.php\/wp-json\/wp\/v2\/pages\/2134\/revisions"}],"predecessor-version":[{"id":5514,"href":"https:\/\/terciariascapuchinasbuenpastor.org\/index.php\/wp-json\/wp\/v2\/pages\/2134\/revisions\/5514"}],"wp:attachment":[{"href":"https:\/\/terciariascapuchinasbuenpastor.org\/index.php\/wp-json\/wp\/v2\/media?parent=2134"}],"curies":[{"name":"wp","href":"https:\/\/api.w.org\/{rel}","templated":true}]}}