{"id":2172,"date":"2022-08-28T23:35:24","date_gmt":"2022-08-28T23:35:24","guid":{"rendered":"https:\/\/terciariascapuchinasbuenpastor.org\/?page_id=2172"},"modified":"2025-07-29T15:03:23","modified_gmt":"2025-07-29T15:03:23","slug":"provincia","status":"publish","type":"page","link":"https:\/\/terciariascapuchinasbuenpastor.org\/index.php\/provincia\/","title":{"rendered":"PROVINCIA MADRE DEL BUEN PASTOR"},"content":{"rendered":"\t\t<div data-elementor-type=\"wp-page\" data-elementor-id=\"2172\" class=\"elementor elementor-2172\">\n\t\t\t\t\t\t\t\t\t<section class=\"elementor-section elementor-top-section elementor-element elementor-element-436b73f elementor-section-full_width elementor-section-height-default elementor-section-height-default\" data-id=\"436b73f\" data-element_type=\"section\">\n\t\t\t\t\t\t<div class=\"elementor-container elementor-column-gap-default\">\n\t\t\t\t\t<div class=\"elementor-column elementor-col-100 elementor-top-column elementor-element elementor-element-5b6022a\" data-id=\"5b6022a\" data-element_type=\"column\">\n\t\t\t<div class=\"elementor-widget-wrap elementor-element-populated\">\n\t\t\t\t\t\t\t\t<div class=\"elementor-element elementor-element-5616f54 elementor-drop-cap-yes elementor-drop-cap-view-default elementor-widget elementor-widget-text-editor\" data-id=\"5616f54\" data-element_type=\"widget\" data-settings=\"{&quot;drop_cap&quot;:&quot;yes&quot;}\" data-widget_type=\"text-editor.default\">\n\t\t\t\t<div class=\"elementor-widget-container\">\n\t\t\t<style>\/*! elementor - v3.7.1 - 14-08-2022 *\/\n.elementor-widget-text-editor.elementor-drop-cap-view-stacked .elementor-drop-cap{background-color:#818a91;color:#fff}.elementor-widget-text-editor.elementor-drop-cap-view-framed .elementor-drop-cap{color:#818a91;border:3px solid;background-color:transparent}.elementor-widget-text-editor:not(.elementor-drop-cap-view-default) .elementor-drop-cap{margin-top:8px}.elementor-widget-text-editor:not(.elementor-drop-cap-view-default) .elementor-drop-cap-letter{width:1em;height:1em}.elementor-widget-text-editor .elementor-drop-cap{float:left;text-align:center;line-height:1;font-size:50px}.elementor-widget-text-editor .elementor-drop-cap-letter{display:inline-block}<\/style>\t\t\t\t<p><img loading=\"lazy\" decoding=\"async\" class=\"aligncenter wp-image-2198 size-large\" src=\"http:\/\/terciariascapuchinasbuenpastor.org\/wp-content\/uploads\/2022\/08\/11111111-832x1024.jpg\" alt=\"\" width=\"832\" height=\"1024\" srcset=\"https:\/\/terciariascapuchinasbuenpastor.org\/wp-content\/uploads\/2022\/08\/11111111-832x1024.jpg 832w, https:\/\/terciariascapuchinasbuenpastor.org\/wp-content\/uploads\/2022\/08\/11111111-244x300.jpg 244w, https:\/\/terciariascapuchinasbuenpastor.org\/wp-content\/uploads\/2022\/08\/11111111-768x945.jpg 768w, https:\/\/terciariascapuchinasbuenpastor.org\/wp-content\/uploads\/2022\/08\/11111111.jpg 869w\" sizes=\"auto, (max-width: 832px) 100vw, 832px\" \/>La Provincia Madre del Buen Pastor, fue erigida Can\u00f3nicamente el 9 de noviembre de 2016, luego de varias etapas en el proceso de reestructuraci\u00f3n, que suscit\u00f3: \u201cUna \u00fanica propuesta para Am\u00e9rica Latina: Tres Demarcaciones\u2026\u201d seg\u00fan decreto emitido por el Gobierno general de la Congregaci\u00f3n del 12 de diciembre de 2015. El Decreto de erecci\u00f3n can\u00f3nica de la Demarcaci\u00f3n Madre del Buen Pastor, en su numeral 6, dice: \u201cQue el \u00fanico motivo que mueve a constituir esta nueva Demarcaci\u00f3n es el de aunar esfuerzos para fortalecer la identidad carism\u00e1tica, la vida fraterna y la misi\u00f3n, mediante un compromiso testimonial en la Iglesia, la Congregaci\u00f3n y la Provincia, para que a la vez enriquezca la vivencia de la vida consagrada y acreciente el nacimiento y fecundidad de nuevas vocaciones\u201d.<\/p><p><img loading=\"lazy\" decoding=\"async\" class=\"wp-image-2199 size-full aligncenter\" src=\"http:\/\/terciariascapuchinasbuenpastor.org\/wp-content\/uploads\/2022\/08\/222222222.jpg\" alt=\"\" width=\"920\" height=\"688\" srcset=\"https:\/\/terciariascapuchinasbuenpastor.org\/wp-content\/uploads\/2022\/08\/222222222.jpg 920w, https:\/\/terciariascapuchinasbuenpastor.org\/wp-content\/uploads\/2022\/08\/222222222-300x224.jpg 300w, https:\/\/terciariascapuchinasbuenpastor.org\/wp-content\/uploads\/2022\/08\/222222222-768x574.jpg 768w\" sizes=\"auto, (max-width: 920px) 100vw, 920px\" \/><\/p><p>\u201cA la vista de cuanto antecede, habi\u00e9ndose suprimido can\u00f3nicamente las provincias \u201cSagrado coraz\u00f3n de Jes\u00fas\u201d, \u201cSanta Mar\u00eda\u201d y \u201cNuestra Se\u00f1ora de Montiel\u201d de Colombia, \u201cFray Luis Amig\u00f3\u201d de Brasil y la Viceprovincia \u201cBuen Pastor\u201d, se erige una \u00fanica provincia, en ese entonces con cuarenta y ocho comunidades, (hoy la conforman treinta y tres comunidades).<\/p><p>\u201cEl nombre de la nueva provincia ser\u00e1 \u201cMadre del Buen Pastor\u201d, tendr\u00e1 su sede en Bogot\u00e1 (Colombia), Calle 24 A 43B -28. Barrio Quinta Paredes, celebr\u00e1ndose la Fiesta Patronal el s\u00e1bado de la tercera semana de pascua\u201d.<\/p><p>EL presente Decreto fue promulgado, el d\u00eda 13 de diciembre de 2016, con ocasi\u00f3n de la celebraci\u00f3n de las Asambleas en Bogot\u00e1, Brasil y Chile. Fue dado en Roma el nueve de noviembre del a\u00f1o dos mil diecis\u00e9is (2016) por la Superiora general, Hna. Ana Tulia L\u00f3pez Bedoya<\/p><p><strong>Hermanas que la conforman actualmente:<\/strong><\/p><ul><li>Lilia Celina Barrera Ram\u00edrez. Superiora prov.<\/li><li>Herlinda In\u00e9s Maestre G\u00e1mez<\/li><li>Ana Dolores Mora Gantiva<\/li><li>Yadira Pacheco Cervantes. Ec\u00f3noma provincial<\/li><li>Flor Eunice Guerra Osorio<\/li><li>Marysol Porras Torres<\/li><li>Wadivis Paola Casas Miranda. Promotora vocacional<\/li><\/ul><p>\u00a0<\/p><p>\u00a0<\/p>\t\t\t\t\t\t<\/div>\n\t\t\t\t<\/div>\n\t\t\t\t\t<\/div>\n\t\t<\/div>\n\t\t\t\t\t\t\t<\/div>\n\t\t<\/section>\n\t\t\t\t<section class=\"elementor-section elementor-top-section elementor-element elementor-element-0af5f91 elementor-section-boxed elementor-section-height-default elementor-section-height-default\" data-id=\"0af5f91\" data-element_type=\"section\">\n\t\t\t\t\t\t<div class=\"elementor-container elementor-column-gap-default\">\n\t\t\t\t\t<div class=\"elementor-column elementor-col-100 elementor-top-column elementor-element elementor-element-20c13ba\" data-id=\"20c13ba\" data-element_type=\"column\">\n\t\t\t<div class=\"elementor-widget-wrap\">\n\t\t\t\t\t\t\t\t\t<\/div>\n\t\t<\/div>\n\t\t\t\t\t\t\t<\/div>\n\t\t<\/section>\n\t\t\t\t\t\t\t<\/div>\n\t\t","protected":false},"excerpt":{"rendered":"<p>La Provincia Madre del Buen Pastor, fue erigida Can\u00f3nicamente el 9 de noviembre de 2016, luego de varias etapas en el proceso de reestructuraci\u00f3n, que suscit\u00f3: \u201cUna \u00fanica propuesta para Am\u00e9rica Latina: Tres Demarcaciones\u2026\u201d seg\u00fan decreto emitido por el Gobierno general de la Congregaci\u00f3n del 12 de diciembre de 2015. El Decreto de erecci\u00f3n can\u00f3nica&hellip; <br \/> <a class=\"read-more\" href=\"https:\/\/terciariascapuchinasbuenpastor.org\/index.php\/provincia\/\">Leer m\u00e1s<\/a><\/p>\n","protected":false},"author":1,"featured_media":0,"parent":0,"menu_order":0,"comment_status":"closed","ping_status":"closed","template":"","meta":{"footnotes":""},"class_list":["post-2172","page","type-page","status-publish","hentry"],"yoast_head":"<!-- This site is optimized with the Yoast SEO plugin v19.6.1 - https:\/\/yoast.com\/wordpress\/plugins\/seo\/ -->\n<title>PROVINCIA MADRE DEL BUEN PASTOR - Terciarias Capuchinas Madre del Buen Pastor<\/title>\n<meta name=\"description\" content=\"Fue erigida Can\u00f3nicamente el 9 de noviembre de 2016. Reestructuraci\u00f3n, propuesta para Am\u00e9rica Latina, Tres Demarcaciones.\" \/>\n<meta name=\"robots\" content=\"index, follow, max-snippet:-1, max-image-preview:large, max-video-preview:-1\" \/>\n<link rel=\"canonical\" href=\"https:\/\/terciariascapuchinasbuenpastor.org\/index.php\/provincia\/\" \/>\n<meta property=\"og:locale\" content=\"es_ES\" \/>\n<meta property=\"og:type\" content=\"article\" \/>\n<meta property=\"og:title\" content=\"PROVINCIA MADRE DEL BUEN PASTOR - Terciarias Capuchinas Madre del Buen Pastor\" \/>\n<meta property=\"og:description\" content=\"Fue erigida Can\u00f3nicamente el 9 de noviembre de 2016. Reestructuraci\u00f3n, propuesta para Am\u00e9rica Latina, Tres Demarcaciones.\" \/>\n<meta property=\"og:url\" content=\"https:\/\/terciariascapuchinasbuenpastor.org\/index.php\/provincia\/\" \/>\n<meta property=\"og:site_name\" content=\"Terciarias Capuchinas Madre del Buen Pastor\" \/>\n<meta property=\"article:modified_time\" content=\"2025-07-29T15:03:23+00:00\" \/>\n<meta property=\"og:image\" content=\"http:\/\/terciariascapuchinasbuenpastor.org\/wp-content\/uploads\/2022\/08\/11111111-832x1024.jpg\" \/>\n<meta name=\"twitter:card\" content=\"summary_large_image\" \/>\n<meta name=\"twitter:label1\" content=\"Tiempo estimado de lectura\" \/>\n\t<meta name=\"twitter:data1\" content=\"2 minutos\" \/>\n<script type=\"application\/ld+json\" class=\"yoast-schema-graph\">{\"@context\":\"https:\/\/schema.org\",\"@graph\":[{\"@type\":\"WebPage\",\"@id\":\"https:\/\/terciariascapuchinasbuenpastor.org\/index.php\/provincia\/\",\"url\":\"https:\/\/terciariascapuchinasbuenpastor.org\/index.php\/provincia\/\",\"name\":\"PROVINCIA MADRE DEL BUEN PASTOR - Terciarias Capuchinas Madre del Buen Pastor\",\"isPartOf\":{\"@id\":\"https:\/\/terciariascapuchinasbuenpastor.org\/#website\"},\"datePublished\":\"2022-08-28T23:35:24+00:00\",\"dateModified\":\"2025-07-29T15:03:23+00:00\",\"description\":\"Fue erigida Can\u00f3nicamente el 9 de noviembre de 2016. Reestructuraci\u00f3n, propuesta para Am\u00e9rica Latina, Tres Demarcaciones.\",\"breadcrumb\":{\"@id\":\"https:\/\/terciariascapuchinasbuenpastor.org\/index.php\/provincia\/#breadcrumb\"},\"inLanguage\":\"es-CO\",\"potentialAction\":[{\"@type\":\"ReadAction\",\"target\":[\"https:\/\/terciariascapuchinasbuenpastor.org\/index.php\/provincia\/\"]}]},{\"@type\":\"BreadcrumbList\",\"@id\":\"https:\/\/terciariascapuchinasbuenpastor.org\/index.php\/provincia\/#breadcrumb\",\"itemListElement\":[{\"@type\":\"ListItem\",\"position\":1,\"name\":\"Inicio\",\"item\":\"https:\/\/terciariascapuchinasbuenpastor.org\/\"},{\"@type\":\"ListItem\",\"position\":2,\"name\":\"PROVINCIA MADRE DEL BUEN PASTOR\"}]},{\"@type\":\"WebSite\",\"@id\":\"https:\/\/terciariascapuchinasbuenpastor.org\/#website\",\"url\":\"https:\/\/terciariascapuchinasbuenpastor.org\/\",\"name\":\"Terciarias Capuchinas Madre del Buen Pastor\",\"description\":\"Sitio oficial - Provincia Madre del Buen Pastor\",\"publisher\":{\"@id\":\"https:\/\/terciariascapuchinasbuenpastor.org\/#organization\"},\"potentialAction\":[{\"@type\":\"SearchAction\",\"target\":{\"@type\":\"EntryPoint\",\"urlTemplate\":\"https:\/\/terciariascapuchinasbuenpastor.org\/?s={search_term_string}\"},\"query-input\":\"required name=search_term_string\"}],\"inLanguage\":\"es-CO\"},{\"@type\":\"Organization\",\"@id\":\"https:\/\/terciariascapuchinasbuenpastor.org\/#organization\",\"name\":\"Terciarias Capuchinas Madre del Buen Pastor\",\"url\":\"https:\/\/terciariascapuchinasbuenpastor.org\/\",\"sameAs\":[],\"logo\":{\"@type\":\"ImageObject\",\"inLanguage\":\"es-CO\",\"@id\":\"https:\/\/terciariascapuchinasbuenpastor.org\/#\/schema\/logo\/image\/\",\"url\":\"https:\/\/terciariascapuchinasbuenpastor.org\/wp-content\/uploads\/2022\/08\/cropped-CC_Express_20220824_1658390.8685437846145748.png\",\"contentUrl\":\"https:\/\/terciariascapuchinasbuenpastor.org\/wp-content\/uploads\/2022\/08\/cropped-CC_Express_20220824_1658390.8685437846145748.png\",\"width\":5057,\"height\":1261,\"caption\":\"Terciarias Capuchinas Madre del Buen Pastor\"},\"image\":{\"@id\":\"https:\/\/terciariascapuchinasbuenpastor.org\/#\/schema\/logo\/image\/\"}}]}<\/script>\n<!-- \/ Yoast SEO plugin. -->","yoast_head_json":{"title":"PROVINCIA MADRE DEL BUEN PASTOR - Terciarias Capuchinas Madre del Buen Pastor","description":"Fue erigida Can\u00f3nicamente el 9 de noviembre de 2016. Reestructuraci\u00f3n, propuesta para Am\u00e9rica Latina, Tres Demarcaciones.","robots":{"index":"index","follow":"follow","max-snippet":"max-snippet:-1","max-image-preview":"max-image-preview:large","max-video-preview":"max-video-preview:-1"},"canonical":"https:\/\/terciariascapuchinasbuenpastor.org\/index.php\/provincia\/","og_locale":"es_ES","og_type":"article","og_title":"PROVINCIA MADRE DEL BUEN PASTOR - Terciarias Capuchinas Madre del Buen Pastor","og_description":"Fue erigida Can\u00f3nicamente el 9 de noviembre de 2016. Reestructuraci\u00f3n, propuesta para Am\u00e9rica Latina, Tres Demarcaciones.","og_url":"https:\/\/terciariascapuchinasbuenpastor.org\/index.php\/provincia\/","og_site_name":"Terciarias Capuchinas Madre del Buen Pastor","article_modified_time":"2025-07-29T15:03:23+00:00","og_image":[{"url":"http:\/\/terciariascapuchinasbuenpastor.org\/wp-content\/uploads\/2022\/08\/11111111-832x1024.jpg"}],"twitter_card":"summary_large_image","twitter_misc":{"Tiempo estimado de lectura":"2 minutos"},"schema":{"@context":"https:\/\/schema.org","@graph":[{"@type":"WebPage","@id":"https:\/\/terciariascapuchinasbuenpastor.org\/index.php\/provincia\/","url":"https:\/\/terciariascapuchinasbuenpastor.org\/index.php\/provincia\/","name":"PROVINCIA MADRE DEL BUEN PASTOR - Terciarias Capuchinas Madre del Buen Pastor","isPartOf":{"@id":"https:\/\/terciariascapuchinasbuenpastor.org\/#website"},"datePublished":"2022-08-28T23:35:24+00:00","dateModified":"2025-07-29T15:03:23+00:00","description":"Fue erigida Can\u00f3nicamente el 9 de noviembre de 2016. Reestructuraci\u00f3n, propuesta para Am\u00e9rica Latina, Tres Demarcaciones.","breadcrumb":{"@id":"https:\/\/terciariascapuchinasbuenpastor.org\/index.php\/provincia\/#breadcrumb"},"inLanguage":"es-CO","potentialAction":[{"@type":"ReadAction","target":["https:\/\/terciariascapuchinasbuenpastor.org\/index.php\/provincia\/"]}]},{"@type":"BreadcrumbList","@id":"https:\/\/terciariascapuchinasbuenpastor.org\/index.php\/provincia\/#breadcrumb","itemListElement":[{"@type":"ListItem","position":1,"name":"Inicio","item":"https:\/\/terciariascapuchinasbuenpastor.org\/"},{"@type":"ListItem","position":2,"name":"PROVINCIA MADRE DEL BUEN PASTOR"}]},{"@type":"WebSite","@id":"https:\/\/terciariascapuchinasbuenpastor.org\/#website","url":"https:\/\/terciariascapuchinasbuenpastor.org\/","name":"Terciarias Capuchinas Madre del Buen Pastor","description":"Sitio oficial - Provincia Madre del Buen Pastor","publisher":{"@id":"https:\/\/terciariascapuchinasbuenpastor.org\/#organization"},"potentialAction":[{"@type":"SearchAction","target":{"@type":"EntryPoint","urlTemplate":"https:\/\/terciariascapuchinasbuenpastor.org\/?s={search_term_string}"},"query-input":"required name=search_term_string"}],"inLanguage":"es-CO"},{"@type":"Organization","@id":"https:\/\/terciariascapuchinasbuenpastor.org\/#organization","name":"Terciarias Capuchinas Madre del Buen Pastor","url":"https:\/\/terciariascapuchinasbuenpastor.org\/","sameAs":[],"logo":{"@type":"ImageObject","inLanguage":"es-CO","@id":"https:\/\/terciariascapuchinasbuenpastor.org\/#\/schema\/logo\/image\/","url":"https:\/\/terciariascapuchinasbuenpastor.org\/wp-content\/uploads\/2022\/08\/cropped-CC_Express_20220824_1658390.8685437846145748.png","contentUrl":"https:\/\/terciariascapuchinasbuenpastor.org\/wp-content\/uploads\/2022\/08\/cropped-CC_Express_20220824_1658390.8685437846145748.png","width":5057,"height":1261,"caption":"Terciarias Capuchinas Madre del Buen Pastor"},"image":{"@id":"https:\/\/terciariascapuchinasbuenpastor.org\/#\/schema\/logo\/image\/"}}]}},"_links":{"self":[{"href":"https:\/\/terciariascapuchinasbuenpastor.org\/index.php\/wp-json\/wp\/v2\/pages\/2172","targetHints":{"allow":["GET"]}}],"collection":[{"href":"https:\/\/terciariascapuchinasbuenpastor.org\/index.php\/wp-json\/wp\/v2\/pages"}],"about":[{"href":"https:\/\/terciariascapuchinasbuenpastor.org\/index.php\/wp-json\/wp\/v2\/types\/page"}],"author":[{"embeddable":true,"href":"https:\/\/terciariascapuchinasbuenpastor.org\/index.php\/wp-json\/wp\/v2\/users\/1"}],"replies":[{"embeddable":true,"href":"https:\/\/terciariascapuchinasbuenpastor.org\/index.php\/wp-json\/wp\/v2\/comments?post=2172"}],"version-history":[{"count":31,"href":"https:\/\/terciariascapuchinasbuenpastor.org\/index.php\/wp-json\/wp\/v2\/pages\/2172\/revisions"}],"predecessor-version":[{"id":4959,"href":"https:\/\/terciariascapuchinasbuenpastor.org\/index.php\/wp-json\/wp\/v2\/pages\/2172\/revisions\/4959"}],"wp:attachment":[{"href":"https:\/\/terciariascapuchinasbuenpastor.org\/index.php\/wp-json\/wp\/v2\/media?parent=2172"}],"curies":[{"name":"wp","href":"https:\/\/api.w.org\/{rel}","templated":true}]}}