{"id":2268,"date":"2022-09-30T23:04:29","date_gmt":"2022-09-30T23:04:29","guid":{"rendered":"https:\/\/terciariascapuchinasbuenpastor.org\/?page_id=2268"},"modified":"2025-07-29T13:55:04","modified_gmt":"2025-07-29T13:55:04","slug":"colegio-sagrada-familia-de-barranquilla","status":"publish","type":"page","link":"https:\/\/terciariascapuchinasbuenpastor.org\/index.php\/colegio-sagrada-familia-de-barranquilla\/","title":{"rendered":"Colegio &#8220;Sagrada Familia&#8221; de Barranquilla"},"content":{"rendered":"\t\t<div data-elementor-type=\"wp-page\" data-elementor-id=\"2268\" class=\"elementor elementor-2268\">\n\t\t\t\t\t\t\t\t\t<section class=\"elementor-section elementor-top-section elementor-element elementor-element-b51dc91 elementor-section-boxed elementor-section-height-default elementor-section-height-default\" data-id=\"b51dc91\" data-element_type=\"section\">\n\t\t\t\t\t\t<div class=\"elementor-container elementor-column-gap-default\">\n\t\t\t\t\t<div class=\"elementor-column elementor-col-100 elementor-top-column elementor-element elementor-element-b3bd786\" data-id=\"b3bd786\" data-element_type=\"column\">\n\t\t\t<div class=\"elementor-widget-wrap elementor-element-populated\">\n\t\t\t\t\t\t\t\t<div class=\"elementor-element elementor-element-96e4410 elementor-widget elementor-widget-accordion\" data-id=\"96e4410\" data-element_type=\"widget\" data-widget_type=\"accordion.default\">\n\t\t\t\t<div class=\"elementor-widget-container\">\n\t\t\t<style>\/*! elementor - v3.7.1 - 14-08-2022 *\/\n.elementor-accordion{text-align:left}.elementor-accordion .elementor-accordion-item{border:1px solid #d4d4d4}.elementor-accordion .elementor-accordion-item+.elementor-accordion-item{border-top:none}.elementor-accordion .elementor-tab-title{margin:0;padding:15px 20px;font-weight:700;line-height:1;cursor:pointer;outline:none}.elementor-accordion .elementor-tab-title .elementor-accordion-icon{display:inline-block;width:1.5em}.elementor-accordion .elementor-tab-title .elementor-accordion-icon svg{width:1em;height:1em}.elementor-accordion .elementor-tab-title .elementor-accordion-icon.elementor-accordion-icon-right{float:right;text-align:right}.elementor-accordion .elementor-tab-title .elementor-accordion-icon.elementor-accordion-icon-left{float:left;text-align:left}.elementor-accordion .elementor-tab-title .elementor-accordion-icon .elementor-accordion-icon-closed{display:block}.elementor-accordion .elementor-tab-title .elementor-accordion-icon .elementor-accordion-icon-opened,.elementor-accordion .elementor-tab-title.elementor-active .elementor-accordion-icon-closed{display:none}.elementor-accordion .elementor-tab-title.elementor-active .elementor-accordion-icon-opened{display:block}.elementor-accordion .elementor-tab-content{display:none;padding:15px 20px;border-top:1px solid #d4d4d4}@media (max-width:767px){.elementor-accordion .elementor-tab-title{padding:12px 15px}.elementor-accordion .elementor-tab-title .elementor-accordion-icon{width:1.2em}.elementor-accordion .elementor-tab-content{padding:7px 15px}}.e-container>.elementor-widget-accordion{width:var(--container-widget-width,100%)}<\/style>\t\t<div class=\"elementor-accordion\" role=\"tablist\">\n\t\t\t\t\t\t\t<div class=\"elementor-accordion-item\">\n\t\t\t\t\t<div id=\"elementor-tab-title-1581\" class=\"elementor-tab-title\" data-tab=\"1\" role=\"tab\" aria-controls=\"elementor-tab-content-1581\" aria-expanded=\"false\">\n\t\t\t\t\t\t\t\t\t\t\t\t\t<span class=\"elementor-accordion-icon elementor-accordion-icon-left\" aria-hidden=\"true\">\n\t\t\t\t\t\t\t\t\t\t\t\t\t\t\t<span class=\"elementor-accordion-icon-closed\"><i class=\"fas fa-plus\"><\/i><\/span>\n\t\t\t\t\t\t\t\t<span class=\"elementor-accordion-icon-opened\"><i class=\"fas fa-minus\"><\/i><\/span>\n\t\t\t\t\t\t\t\t\t\t\t\t\t\t<\/span>\n\t\t\t\t\t\t\t\t\t\t\t\t<a class=\"elementor-accordion-title\" href=\"\">Direcci\u00f3n<\/a>\n\t\t\t\t\t<\/div>\n\t\t\t\t\t<div id=\"elementor-tab-content-1581\" class=\"elementor-tab-content elementor-clearfix\" data-tab=\"1\" role=\"tabpanel\" aria-labelledby=\"elementor-tab-title-1581\"><p>Calle 72 # 38 -79 Barrio Las Delicias, Barranquilla, Atl\u00e1ntico<\/p><\/div>\n\t\t\t\t<\/div>\n\t\t\t\t\t\t\t<div class=\"elementor-accordion-item\">\n\t\t\t\t\t<div id=\"elementor-tab-title-1582\" class=\"elementor-tab-title\" data-tab=\"2\" role=\"tab\" aria-controls=\"elementor-tab-content-1582\" aria-expanded=\"false\">\n\t\t\t\t\t\t\t\t\t\t\t\t\t<span class=\"elementor-accordion-icon elementor-accordion-icon-left\" aria-hidden=\"true\">\n\t\t\t\t\t\t\t\t\t\t\t\t\t\t\t<span class=\"elementor-accordion-icon-closed\"><i class=\"fas fa-plus\"><\/i><\/span>\n\t\t\t\t\t\t\t\t<span class=\"elementor-accordion-icon-opened\"><i class=\"fas fa-minus\"><\/i><\/span>\n\t\t\t\t\t\t\t\t\t\t\t\t\t\t<\/span>\n\t\t\t\t\t\t\t\t\t\t\t\t<a class=\"elementor-accordion-title\" href=\"\">Tel\u00e9fono\/Celular<\/a>\n\t\t\t\t\t<\/div>\n\t\t\t\t\t<div id=\"elementor-tab-content-1582\" class=\"elementor-tab-content elementor-clearfix\" data-tab=\"2\" role=\"tabpanel\" aria-labelledby=\"elementor-tab-title-1582\"><p>5274021<\/p><\/div>\n\t\t\t\t<\/div>\n\t\t\t\t\t\t\t<div class=\"elementor-accordion-item\">\n\t\t\t\t\t<div id=\"elementor-tab-title-1583\" class=\"elementor-tab-title\" data-tab=\"3\" role=\"tab\" aria-controls=\"elementor-tab-content-1583\" aria-expanded=\"false\">\n\t\t\t\t\t\t\t\t\t\t\t\t\t<span class=\"elementor-accordion-icon elementor-accordion-icon-left\" aria-hidden=\"true\">\n\t\t\t\t\t\t\t\t\t\t\t\t\t\t\t<span class=\"elementor-accordion-icon-closed\"><i class=\"fas fa-plus\"><\/i><\/span>\n\t\t\t\t\t\t\t\t<span class=\"elementor-accordion-icon-opened\"><i class=\"fas fa-minus\"><\/i><\/span>\n\t\t\t\t\t\t\t\t\t\t\t\t\t\t<\/span>\n\t\t\t\t\t\t\t\t\t\t\t\t<a class=\"elementor-accordion-title\" href=\"\">Email<\/a>\n\t\t\t\t\t<\/div>\n\t\t\t\t\t<div id=\"elementor-tab-content-1583\" class=\"elementor-tab-content elementor-clearfix\" data-tab=\"3\" role=\"tabpanel\" aria-labelledby=\"elementor-tab-title-1583\"><p><a href=\"mailto:internado.nazaret@terciariascapuchinas.orgm\">internado.nazaret@terciariascapuchinas.org<\/a><\/p><\/div>\n\t\t\t\t<\/div>\n\t\t\t\t\t\t\t\t<\/div>\n\t\t\t\t<\/div>\n\t\t\t\t<\/div>\n\t\t\t\t\t<\/div>\n\t\t<\/div>\n\t\t\t\t\t\t\t<\/div>\n\t\t<\/section>\n\t\t\t\t<section class=\"elementor-section elementor-top-section elementor-element elementor-element-80c5649 elementor-section-boxed elementor-section-height-default elementor-section-height-default\" data-id=\"80c5649\" data-element_type=\"section\">\n\t\t\t\t\t\t<div class=\"elementor-container elementor-column-gap-default\">\n\t\t\t\t\t<div class=\"elementor-column elementor-col-100 elementor-top-column elementor-element elementor-element-0e9ff49\" data-id=\"0e9ff49\" data-element_type=\"column\">\n\t\t\t<div class=\"elementor-widget-wrap elementor-element-populated\">\n\t\t\t\t\t\t\t\t<div class=\"elementor-element elementor-element-ddc3a26 elementor-widget elementor-widget-text-editor\" data-id=\"ddc3a26\" data-element_type=\"widget\" data-widget_type=\"text-editor.default\">\n\t\t\t\t<div class=\"elementor-widget-container\">\n\t\t\t<style>\/*! elementor - v3.7.1 - 14-08-2022 *\/\n.elementor-widget-text-editor.elementor-drop-cap-view-stacked .elementor-drop-cap{background-color:#818a91;color:#fff}.elementor-widget-text-editor.elementor-drop-cap-view-framed .elementor-drop-cap{color:#818a91;border:3px solid;background-color:transparent}.elementor-widget-text-editor:not(.elementor-drop-cap-view-default) .elementor-drop-cap{margin-top:8px}.elementor-widget-text-editor:not(.elementor-drop-cap-view-default) .elementor-drop-cap-letter{width:1em;height:1em}.elementor-widget-text-editor .elementor-drop-cap{float:left;text-align:center;line-height:1;font-size:50px}.elementor-widget-text-editor .elementor-drop-cap-letter{display:inline-block}<\/style>\t\t\t\t<p>FECHA DE FUNDACI\u00d3N: Febrero de 1953<\/p><p>MISI\u00d3N APOST\u00d3LICA DE ESTA OBRA: Somos la comunidad educativa del colegio de la Sagrada Familia de Barranquilla, inspirada en la filosof\u00eda Franciscana \u2013 Amigoniana. Servimos a la naci\u00f3n como Escuela en Pastoral evangelizando y formando integralmente a los ni\u00f1os, ni\u00f1as y j\u00f3venes en los niveles de Preescolar, B\u00e1sica Primaria, Secundaria y Media para que respondan con actitudes de vida frente a las diversas situaciones que se les presenten y sean capaces de tomar decisiones asertivas que contribuyan con la vivencia en familia y la construcci\u00f3n de una comunidad. Contamos con personal cualificado en calidad humana y profesional; trabajamos articuladamente fundamentados en el Modelo Pedag\u00f3gico Amigoniano.<\/p><p><strong>HERMANAS QUE ACTUALMENTE LA CONFORMAN:<\/strong><\/p><ul><li>Mar\u00eda Ramona Silva Melo. Superiora- Adm.<\/li><li>Yolanda Cabana Arregoc\u00e9s. Rectora<\/li><li>Mar\u00eda Amparo Arias Morales<\/li><li>Elsa Regina Caballero Saumet<\/li><\/ul>\t\t\t\t\t\t<\/div>\n\t\t\t\t<\/div>\n\t\t\t\t\t<\/div>\n\t\t<\/div>\n\t\t\t\t\t\t\t<\/div>\n\t\t<\/section>\n\t\t\t\t<section class=\"elementor-section elementor-top-section elementor-element elementor-element-9966d29 elementor-section-boxed elementor-section-height-default elementor-section-height-default\" data-id=\"9966d29\" data-element_type=\"section\">\n\t\t\t\t\t\t<div class=\"elementor-container elementor-column-gap-default\">\n\t\t\t\t\t<div class=\"elementor-column elementor-col-100 elementor-top-column elementor-element elementor-element-334a373\" data-id=\"334a373\" data-element_type=\"column\">\n\t\t\t<div class=\"elementor-widget-wrap elementor-element-populated\">\n\t\t\t\t\t\t\t\t<div class=\"elementor-element elementor-element-b0c2b3f elementor-widget elementor-widget-image\" data-id=\"b0c2b3f\" data-element_type=\"widget\" data-widget_type=\"image.default\">\n\t\t\t\t<div class=\"elementor-widget-container\">\n\t\t\t<style>\/*! elementor - v3.7.1 - 14-08-2022 *\/\n.elementor-widget-image{text-align:center}.elementor-widget-image a{display:inline-block}.elementor-widget-image a img[src$=\".svg\"]{width:48px}.elementor-widget-image img{vertical-align:middle;display:inline-block}<\/style>\t\t\t\t\t\t\t\t\t\t\t\t<img loading=\"lazy\" decoding=\"async\" width=\"768\" height=\"1024\" src=\"https:\/\/terciariascapuchinasbuenpastor.org\/wp-content\/uploads\/2025\/05\/CSF_Barranquilla-768x1024.jpg\" class=\"attachment-large size-large\" alt=\"\" srcset=\"https:\/\/terciariascapuchinasbuenpastor.org\/wp-content\/uploads\/2025\/05\/CSF_Barranquilla-768x1024.jpg 768w, https:\/\/terciariascapuchinasbuenpastor.org\/wp-content\/uploads\/2025\/05\/CSF_Barranquilla-225x300.jpg 225w, https:\/\/terciariascapuchinasbuenpastor.org\/wp-content\/uploads\/2025\/05\/CSF_Barranquilla-1152x1536.jpg 1152w, https:\/\/terciariascapuchinasbuenpastor.org\/wp-content\/uploads\/2025\/05\/CSF_Barranquilla-1536x2048.jpg 1536w, https:\/\/terciariascapuchinasbuenpastor.org\/wp-content\/uploads\/2025\/05\/CSF_Barranquilla-1024x1365.jpg 1024w, https:\/\/terciariascapuchinasbuenpastor.org\/wp-content\/uploads\/2025\/05\/CSF_Barranquilla-810x1080.jpg 810w, https:\/\/terciariascapuchinasbuenpastor.org\/wp-content\/uploads\/2025\/05\/CSF_Barranquilla-scaled.jpg 1920w\" sizes=\"auto, (max-width: 768px) 100vw, 768px\" \/>\t\t\t\t\t\t\t\t\t\t\t\t\t\t\t<\/div>\n\t\t\t\t<\/div>\n\t\t\t\t\t<\/div>\n\t\t<\/div>\n\t\t\t\t\t\t\t<\/div>\n\t\t<\/section>\n\t\t\t\t\t\t\t<\/div>\n\t\t","protected":false},"excerpt":{"rendered":"<p>Direcci\u00f3n Calle 72 # 38 -79 Barrio Las Delicias, Barranquilla, Atl\u00e1ntico Tel\u00e9fono\/Celular 5274021 Email internado.nazaret@terciariascapuchinas.org FECHA DE FUNDACI\u00d3N: Febrero de 1953 MISI\u00d3N APOST\u00d3LICA DE ESTA OBRA: Somos la comunidad educativa del colegio de la Sagrada Familia de Barranquilla, inspirada en la filosof\u00eda Franciscana \u2013 Amigoniana. Servimos a la naci\u00f3n como Escuela en Pastoral evangelizando y&hellip; <br \/> <a class=\"read-more\" href=\"https:\/\/terciariascapuchinasbuenpastor.org\/index.php\/colegio-sagrada-familia-de-barranquilla\/\">Leer m\u00e1s<\/a><\/p>\n","protected":false},"author":1,"featured_media":0,"parent":0,"menu_order":0,"comment_status":"closed","ping_status":"closed","template":"","meta":{"footnotes":""},"class_list":["post-2268","page","type-page","status-publish","hentry"],"yoast_head":"<!-- This site is optimized with the Yoast SEO plugin v19.6.1 - https:\/\/yoast.com\/wordpress\/plugins\/seo\/ -->\n<title>Colegio &quot;Sagrada Familia&quot; de Barranquilla - Terciarias Capuchinas Madre del Buen Pastor<\/title>\n<meta name=\"description\" content=\"Colegio, filosof\u00eda Franciascano Amigoniano, escuela de pastoral, preescolar, primaria, secundaria media basica\" \/>\n<meta name=\"robots\" content=\"index, follow, max-snippet:-1, max-image-preview:large, max-video-preview:-1\" \/>\n<link rel=\"canonical\" href=\"https:\/\/terciariascapuchinasbuenpastor.org\/index.php\/colegio-sagrada-familia-de-barranquilla\/\" \/>\n<meta property=\"og:locale\" content=\"es_ES\" \/>\n<meta property=\"og:type\" content=\"article\" \/>\n<meta property=\"og:title\" content=\"Colegio &quot;Sagrada Familia&quot; de Barranquilla - Terciarias Capuchinas Madre del Buen Pastor\" \/>\n<meta property=\"og:description\" content=\"Colegio, filosof\u00eda Franciascano Amigoniano, escuela de pastoral, preescolar, primaria, secundaria media basica\" \/>\n<meta property=\"og:url\" content=\"https:\/\/terciariascapuchinasbuenpastor.org\/index.php\/colegio-sagrada-familia-de-barranquilla\/\" \/>\n<meta property=\"og:site_name\" content=\"Terciarias Capuchinas Madre del Buen Pastor\" \/>\n<meta property=\"article:modified_time\" content=\"2025-07-29T13:55:04+00:00\" \/>\n<meta property=\"og:image\" content=\"http:\/\/terciariascapuchinasbuenpastor.org\/wp-content\/uploads\/2025\/05\/CSF_Barranquilla-768x1024.jpg\" \/>\n<meta name=\"twitter:card\" content=\"summary_large_image\" \/>\n<meta name=\"twitter:label1\" content=\"Tiempo estimado de lectura\" \/>\n\t<meta name=\"twitter:data1\" content=\"1 minuto\" \/>\n<script type=\"application\/ld+json\" class=\"yoast-schema-graph\">{\"@context\":\"https:\/\/schema.org\",\"@graph\":[{\"@type\":\"WebPage\",\"@id\":\"https:\/\/terciariascapuchinasbuenpastor.org\/index.php\/colegio-sagrada-familia-de-barranquilla\/\",\"url\":\"https:\/\/terciariascapuchinasbuenpastor.org\/index.php\/colegio-sagrada-familia-de-barranquilla\/\",\"name\":\"Colegio \\\"Sagrada Familia\\\" de Barranquilla - Terciarias Capuchinas Madre del Buen Pastor\",\"isPartOf\":{\"@id\":\"https:\/\/terciariascapuchinasbuenpastor.org\/#website\"},\"datePublished\":\"2022-09-30T23:04:29+00:00\",\"dateModified\":\"2025-07-29T13:55:04+00:00\",\"description\":\"Colegio, filosof\u00eda Franciascano Amigoniano, escuela de pastoral, preescolar, primaria, secundaria media basica\",\"breadcrumb\":{\"@id\":\"https:\/\/terciariascapuchinasbuenpastor.org\/index.php\/colegio-sagrada-familia-de-barranquilla\/#breadcrumb\"},\"inLanguage\":\"es-CO\",\"potentialAction\":[{\"@type\":\"ReadAction\",\"target\":[\"https:\/\/terciariascapuchinasbuenpastor.org\/index.php\/colegio-sagrada-familia-de-barranquilla\/\"]}]},{\"@type\":\"BreadcrumbList\",\"@id\":\"https:\/\/terciariascapuchinasbuenpastor.org\/index.php\/colegio-sagrada-familia-de-barranquilla\/#breadcrumb\",\"itemListElement\":[{\"@type\":\"ListItem\",\"position\":1,\"name\":\"Inicio\",\"item\":\"https:\/\/terciariascapuchinasbuenpastor.org\/\"},{\"@type\":\"ListItem\",\"position\":2,\"name\":\"Colegio &#8220;Sagrada Familia&#8221; de Barranquilla\"}]},{\"@type\":\"WebSite\",\"@id\":\"https:\/\/terciariascapuchinasbuenpastor.org\/#website\",\"url\":\"https:\/\/terciariascapuchinasbuenpastor.org\/\",\"name\":\"Terciarias Capuchinas Madre del Buen Pastor\",\"description\":\"Sitio oficial - Provincia Madre del Buen Pastor\",\"publisher\":{\"@id\":\"https:\/\/terciariascapuchinasbuenpastor.org\/#organization\"},\"potentialAction\":[{\"@type\":\"SearchAction\",\"target\":{\"@type\":\"EntryPoint\",\"urlTemplate\":\"https:\/\/terciariascapuchinasbuenpastor.org\/?s={search_term_string}\"},\"query-input\":\"required name=search_term_string\"}],\"inLanguage\":\"es-CO\"},{\"@type\":\"Organization\",\"@id\":\"https:\/\/terciariascapuchinasbuenpastor.org\/#organization\",\"name\":\"Terciarias Capuchinas Madre del Buen Pastor\",\"url\":\"https:\/\/terciariascapuchinasbuenpastor.org\/\",\"sameAs\":[],\"logo\":{\"@type\":\"ImageObject\",\"inLanguage\":\"es-CO\",\"@id\":\"https:\/\/terciariascapuchinasbuenpastor.org\/#\/schema\/logo\/image\/\",\"url\":\"https:\/\/terciariascapuchinasbuenpastor.org\/wp-content\/uploads\/2022\/08\/cropped-CC_Express_20220824_1658390.8685437846145748.png\",\"contentUrl\":\"https:\/\/terciariascapuchinasbuenpastor.org\/wp-content\/uploads\/2022\/08\/cropped-CC_Express_20220824_1658390.8685437846145748.png\",\"width\":5057,\"height\":1261,\"caption\":\"Terciarias Capuchinas Madre del Buen Pastor\"},\"image\":{\"@id\":\"https:\/\/terciariascapuchinasbuenpastor.org\/#\/schema\/logo\/image\/\"}}]}<\/script>\n<!-- \/ Yoast SEO plugin. -->","yoast_head_json":{"title":"Colegio \"Sagrada Familia\" de Barranquilla - Terciarias Capuchinas Madre del Buen Pastor","description":"Colegio, filosof\u00eda Franciascano Amigoniano, escuela de pastoral, preescolar, primaria, secundaria media basica","robots":{"index":"index","follow":"follow","max-snippet":"max-snippet:-1","max-image-preview":"max-image-preview:large","max-video-preview":"max-video-preview:-1"},"canonical":"https:\/\/terciariascapuchinasbuenpastor.org\/index.php\/colegio-sagrada-familia-de-barranquilla\/","og_locale":"es_ES","og_type":"article","og_title":"Colegio \"Sagrada Familia\" de Barranquilla - Terciarias Capuchinas Madre del Buen Pastor","og_description":"Colegio, filosof\u00eda Franciascano Amigoniano, escuela de pastoral, preescolar, primaria, secundaria media basica","og_url":"https:\/\/terciariascapuchinasbuenpastor.org\/index.php\/colegio-sagrada-familia-de-barranquilla\/","og_site_name":"Terciarias Capuchinas Madre del Buen Pastor","article_modified_time":"2025-07-29T13:55:04+00:00","og_image":[{"url":"http:\/\/terciariascapuchinasbuenpastor.org\/wp-content\/uploads\/2025\/05\/CSF_Barranquilla-768x1024.jpg"}],"twitter_card":"summary_large_image","twitter_misc":{"Tiempo estimado de lectura":"1 minuto"},"schema":{"@context":"https:\/\/schema.org","@graph":[{"@type":"WebPage","@id":"https:\/\/terciariascapuchinasbuenpastor.org\/index.php\/colegio-sagrada-familia-de-barranquilla\/","url":"https:\/\/terciariascapuchinasbuenpastor.org\/index.php\/colegio-sagrada-familia-de-barranquilla\/","name":"Colegio \"Sagrada Familia\" de Barranquilla - Terciarias Capuchinas Madre del Buen Pastor","isPartOf":{"@id":"https:\/\/terciariascapuchinasbuenpastor.org\/#website"},"datePublished":"2022-09-30T23:04:29+00:00","dateModified":"2025-07-29T13:55:04+00:00","description":"Colegio, filosof\u00eda Franciascano Amigoniano, escuela de pastoral, preescolar, primaria, secundaria media basica","breadcrumb":{"@id":"https:\/\/terciariascapuchinasbuenpastor.org\/index.php\/colegio-sagrada-familia-de-barranquilla\/#breadcrumb"},"inLanguage":"es-CO","potentialAction":[{"@type":"ReadAction","target":["https:\/\/terciariascapuchinasbuenpastor.org\/index.php\/colegio-sagrada-familia-de-barranquilla\/"]}]},{"@type":"BreadcrumbList","@id":"https:\/\/terciariascapuchinasbuenpastor.org\/index.php\/colegio-sagrada-familia-de-barranquilla\/#breadcrumb","itemListElement":[{"@type":"ListItem","position":1,"name":"Inicio","item":"https:\/\/terciariascapuchinasbuenpastor.org\/"},{"@type":"ListItem","position":2,"name":"Colegio &#8220;Sagrada Familia&#8221; de Barranquilla"}]},{"@type":"WebSite","@id":"https:\/\/terciariascapuchinasbuenpastor.org\/#website","url":"https:\/\/terciariascapuchinasbuenpastor.org\/","name":"Terciarias Capuchinas Madre del Buen Pastor","description":"Sitio oficial - Provincia Madre del Buen Pastor","publisher":{"@id":"https:\/\/terciariascapuchinasbuenpastor.org\/#organization"},"potentialAction":[{"@type":"SearchAction","target":{"@type":"EntryPoint","urlTemplate":"https:\/\/terciariascapuchinasbuenpastor.org\/?s={search_term_string}"},"query-input":"required name=search_term_string"}],"inLanguage":"es-CO"},{"@type":"Organization","@id":"https:\/\/terciariascapuchinasbuenpastor.org\/#organization","name":"Terciarias Capuchinas Madre del Buen Pastor","url":"https:\/\/terciariascapuchinasbuenpastor.org\/","sameAs":[],"logo":{"@type":"ImageObject","inLanguage":"es-CO","@id":"https:\/\/terciariascapuchinasbuenpastor.org\/#\/schema\/logo\/image\/","url":"https:\/\/terciariascapuchinasbuenpastor.org\/wp-content\/uploads\/2022\/08\/cropped-CC_Express_20220824_1658390.8685437846145748.png","contentUrl":"https:\/\/terciariascapuchinasbuenpastor.org\/wp-content\/uploads\/2022\/08\/cropped-CC_Express_20220824_1658390.8685437846145748.png","width":5057,"height":1261,"caption":"Terciarias Capuchinas Madre del Buen Pastor"},"image":{"@id":"https:\/\/terciariascapuchinasbuenpastor.org\/#\/schema\/logo\/image\/"}}]}},"_links":{"self":[{"href":"https:\/\/terciariascapuchinasbuenpastor.org\/index.php\/wp-json\/wp\/v2\/pages\/2268","targetHints":{"allow":["GET"]}}],"collection":[{"href":"https:\/\/terciariascapuchinasbuenpastor.org\/index.php\/wp-json\/wp\/v2\/pages"}],"about":[{"href":"https:\/\/terciariascapuchinasbuenpastor.org\/index.php\/wp-json\/wp\/v2\/types\/page"}],"author":[{"embeddable":true,"href":"https:\/\/terciariascapuchinasbuenpastor.org\/index.php\/wp-json\/wp\/v2\/users\/1"}],"replies":[{"embeddable":true,"href":"https:\/\/terciariascapuchinasbuenpastor.org\/index.php\/wp-json\/wp\/v2\/comments?post=2268"}],"version-history":[{"count":16,"href":"https:\/\/terciariascapuchinasbuenpastor.org\/index.php\/wp-json\/wp\/v2\/pages\/2268\/revisions"}],"predecessor-version":[{"id":5176,"href":"https:\/\/terciariascapuchinasbuenpastor.org\/index.php\/wp-json\/wp\/v2\/pages\/2268\/revisions\/5176"}],"wp:attachment":[{"href":"https:\/\/terciariascapuchinasbuenpastor.org\/index.php\/wp-json\/wp\/v2\/media?parent=2268"}],"curies":[{"name":"wp","href":"https:\/\/api.w.org\/{rel}","templated":true}]}}