{"id":2282,"date":"2022-08-29T21:00:37","date_gmt":"2022-08-29T21:00:37","guid":{"rendered":"https:\/\/terciariascapuchinasbuenpastor.org\/?page_id=2282"},"modified":"2025-07-31T21:22:16","modified_gmt":"2025-07-31T21:22:16","slug":"centro-juvenil-elena-de-barranquilla","status":"publish","type":"page","link":"https:\/\/terciariascapuchinasbuenpastor.org\/index.php\/centro-juvenil-elena-de-barranquilla\/","title":{"rendered":"Centro Juvenil \u201cElena de Barranquilla\u201d"},"content":{"rendered":"\t\t<div data-elementor-type=\"wp-page\" data-elementor-id=\"2282\" class=\"elementor elementor-2282\">\n\t\t\t\t\t\t\t\t\t<section class=\"elementor-section elementor-top-section elementor-element elementor-element-b51dc91 elementor-section-boxed elementor-section-height-default elementor-section-height-default\" data-id=\"b51dc91\" data-element_type=\"section\">\n\t\t\t\t\t\t<div class=\"elementor-container elementor-column-gap-default\">\n\t\t\t\t\t<div class=\"elementor-column elementor-col-100 elementor-top-column elementor-element elementor-element-b3bd786\" data-id=\"b3bd786\" data-element_type=\"column\">\n\t\t\t<div class=\"elementor-widget-wrap elementor-element-populated\">\n\t\t\t\t\t\t\t\t<div class=\"elementor-element elementor-element-96e4410 elementor-widget elementor-widget-accordion\" data-id=\"96e4410\" data-element_type=\"widget\" data-widget_type=\"accordion.default\">\n\t\t\t\t<div class=\"elementor-widget-container\">\n\t\t\t<style>\/*! elementor - v3.7.1 - 14-08-2022 *\/\n.elementor-accordion{text-align:left}.elementor-accordion .elementor-accordion-item{border:1px solid #d4d4d4}.elementor-accordion .elementor-accordion-item+.elementor-accordion-item{border-top:none}.elementor-accordion .elementor-tab-title{margin:0;padding:15px 20px;font-weight:700;line-height:1;cursor:pointer;outline:none}.elementor-accordion .elementor-tab-title .elementor-accordion-icon{display:inline-block;width:1.5em}.elementor-accordion .elementor-tab-title .elementor-accordion-icon svg{width:1em;height:1em}.elementor-accordion .elementor-tab-title .elementor-accordion-icon.elementor-accordion-icon-right{float:right;text-align:right}.elementor-accordion .elementor-tab-title .elementor-accordion-icon.elementor-accordion-icon-left{float:left;text-align:left}.elementor-accordion .elementor-tab-title .elementor-accordion-icon .elementor-accordion-icon-closed{display:block}.elementor-accordion .elementor-tab-title .elementor-accordion-icon .elementor-accordion-icon-opened,.elementor-accordion .elementor-tab-title.elementor-active .elementor-accordion-icon-closed{display:none}.elementor-accordion .elementor-tab-title.elementor-active .elementor-accordion-icon-opened{display:block}.elementor-accordion .elementor-tab-content{display:none;padding:15px 20px;border-top:1px solid #d4d4d4}@media (max-width:767px){.elementor-accordion .elementor-tab-title{padding:12px 15px}.elementor-accordion .elementor-tab-title .elementor-accordion-icon{width:1.2em}.elementor-accordion .elementor-tab-content{padding:7px 15px}}.e-container>.elementor-widget-accordion{width:var(--container-widget-width,100%)}<\/style>\t\t<div class=\"elementor-accordion\" role=\"tablist\">\n\t\t\t\t\t\t\t<div class=\"elementor-accordion-item\">\n\t\t\t\t\t<div id=\"elementor-tab-title-1581\" class=\"elementor-tab-title\" data-tab=\"1\" role=\"tab\" aria-controls=\"elementor-tab-content-1581\" aria-expanded=\"false\">\n\t\t\t\t\t\t\t\t\t\t\t\t\t<span class=\"elementor-accordion-icon elementor-accordion-icon-left\" aria-hidden=\"true\">\n\t\t\t\t\t\t\t\t\t\t\t\t\t\t\t<span class=\"elementor-accordion-icon-closed\"><i class=\"fas fa-plus\"><\/i><\/span>\n\t\t\t\t\t\t\t\t<span class=\"elementor-accordion-icon-opened\"><i class=\"fas fa-minus\"><\/i><\/span>\n\t\t\t\t\t\t\t\t\t\t\t\t\t\t<\/span>\n\t\t\t\t\t\t\t\t\t\t\t\t<a class=\"elementor-accordion-title\" href=\"\">Direcci\u00f3n<\/a>\n\t\t\t\t\t<\/div>\n\t\t\t\t\t<div id=\"elementor-tab-content-1581\" class=\"elementor-tab-content elementor-clearfix\" data-tab=\"1\" role=\"tabpanel\" aria-labelledby=\"elementor-tab-title-1581\"><p>Carrera 54 No. 48-35 Barranquilla-Atl\u00e1ntico<\/p><\/div>\n\t\t\t\t<\/div>\n\t\t\t\t\t\t\t<div class=\"elementor-accordion-item\">\n\t\t\t\t\t<div id=\"elementor-tab-title-1582\" class=\"elementor-tab-title\" data-tab=\"2\" role=\"tab\" aria-controls=\"elementor-tab-content-1582\" aria-expanded=\"false\">\n\t\t\t\t\t\t\t\t\t\t\t\t\t<span class=\"elementor-accordion-icon elementor-accordion-icon-left\" aria-hidden=\"true\">\n\t\t\t\t\t\t\t\t\t\t\t\t\t\t\t<span class=\"elementor-accordion-icon-closed\"><i class=\"fas fa-plus\"><\/i><\/span>\n\t\t\t\t\t\t\t\t<span class=\"elementor-accordion-icon-opened\"><i class=\"fas fa-minus\"><\/i><\/span>\n\t\t\t\t\t\t\t\t\t\t\t\t\t\t<\/span>\n\t\t\t\t\t\t\t\t\t\t\t\t<a class=\"elementor-accordion-title\" href=\"\">Tel\u00e9fono\/Celular<\/a>\n\t\t\t\t\t<\/div>\n\t\t\t\t\t<div id=\"elementor-tab-content-1582\" class=\"elementor-tab-content elementor-clearfix\" data-tab=\"2\" role=\"tabpanel\" aria-labelledby=\"elementor-tab-title-1582\"><p>3003393187<\/p><\/div>\n\t\t\t\t<\/div>\n\t\t\t\t\t\t\t<div class=\"elementor-accordion-item\">\n\t\t\t\t\t<div id=\"elementor-tab-title-1583\" class=\"elementor-tab-title\" data-tab=\"3\" role=\"tab\" aria-controls=\"elementor-tab-content-1583\" aria-expanded=\"false\">\n\t\t\t\t\t\t\t\t\t\t\t\t\t<span class=\"elementor-accordion-icon elementor-accordion-icon-left\" aria-hidden=\"true\">\n\t\t\t\t\t\t\t\t\t\t\t\t\t\t\t<span class=\"elementor-accordion-icon-closed\"><i class=\"fas fa-plus\"><\/i><\/span>\n\t\t\t\t\t\t\t\t<span class=\"elementor-accordion-icon-opened\"><i class=\"fas fa-minus\"><\/i><\/span>\n\t\t\t\t\t\t\t\t\t\t\t\t\t\t<\/span>\n\t\t\t\t\t\t\t\t\t\t\t\t<a class=\"elementor-accordion-title\" href=\"\">Email<\/a>\n\t\t\t\t\t<\/div>\n\t\t\t\t\t<div id=\"elementor-tab-content-1583\" class=\"elementor-tab-content elementor-clearfix\" data-tab=\"3\" role=\"tabpanel\" aria-labelledby=\"elementor-tab-title-1583\"><p>helenadebarranquilla<a href=\"mailto:internado.nazaret@terciariascapuchinas.orgm\">@terciariascapuchinas.org<\/a><\/p><\/div>\n\t\t\t\t<\/div>\n\t\t\t\t\t\t\t\t<\/div>\n\t\t\t\t<\/div>\n\t\t\t\t<\/div>\n\t\t\t\t\t<\/div>\n\t\t<\/div>\n\t\t\t\t\t\t\t<\/div>\n\t\t<\/section>\n\t\t\t\t<section class=\"elementor-section elementor-top-section elementor-element elementor-element-80c5649 elementor-section-boxed elementor-section-height-default elementor-section-height-default\" data-id=\"80c5649\" data-element_type=\"section\">\n\t\t\t\t\t\t<div class=\"elementor-container elementor-column-gap-default\">\n\t\t\t\t\t<div class=\"elementor-column elementor-col-100 elementor-top-column elementor-element elementor-element-0e9ff49\" data-id=\"0e9ff49\" data-element_type=\"column\">\n\t\t\t<div class=\"elementor-widget-wrap elementor-element-populated\">\n\t\t\t\t\t\t\t\t<div class=\"elementor-element elementor-element-ddc3a26 elementor-widget elementor-widget-text-editor\" data-id=\"ddc3a26\" data-element_type=\"widget\" data-widget_type=\"text-editor.default\">\n\t\t\t\t<div class=\"elementor-widget-container\">\n\t\t\t<style>\/*! elementor - v3.7.1 - 14-08-2022 *\/\n.elementor-widget-text-editor.elementor-drop-cap-view-stacked .elementor-drop-cap{background-color:#818a91;color:#fff}.elementor-widget-text-editor.elementor-drop-cap-view-framed .elementor-drop-cap{color:#818a91;border:3px solid;background-color:transparent}.elementor-widget-text-editor:not(.elementor-drop-cap-view-default) .elementor-drop-cap{margin-top:8px}.elementor-widget-text-editor:not(.elementor-drop-cap-view-default) .elementor-drop-cap-letter{width:1em;height:1em}.elementor-widget-text-editor .elementor-drop-cap{float:left;text-align:center;line-height:1;font-size:50px}.elementor-widget-text-editor .elementor-drop-cap-letter{display:inline-block}<\/style>\t\t\t\t<p><strong>FECHA DE FUNDACI\u00d3N<\/strong>: \u00a01920 se inici\u00f3 con la obra del orfanato Sagrado Coraz\u00f3n y en 1993 el centro de protecci\u00f3n. Centro Juvenil Hermana Elena de Barranquilla.<\/p><p><strong>MISI\u00d3N APOST\u00d3LICA DE LA OBRA<\/strong>: Centro de protecci\u00f3n<\/p><p><strong>HERMANAS QUE ACTUALMENTE CONFORMAN LA COMUNIDAD:<\/strong><\/p><ul><li class=\"MsoNormal\">Yaniris del Carmen Fern\u00e1ndez Fern\u00e1ndez Superiora<\/li><li class=\"MsoNormal\">Mar\u00eda del Socorro Torres Padilla. Admin.<\/li><li class=\"MsoNormal\">Marina Cecilia Dur\u00e1n Rodr\u00edguez<\/li><li class=\"MsoNormal\">Margoth La\u00edno Mart\u00ednez<\/li><\/ul>\t\t\t\t\t\t<\/div>\n\t\t\t\t<\/div>\n\t\t\t\t\t<\/div>\n\t\t<\/div>\n\t\t\t\t\t\t\t<\/div>\n\t\t<\/section>\n\t\t\t\t<section class=\"elementor-section elementor-top-section elementor-element elementor-element-59135b5 elementor-section-boxed elementor-section-height-default elementor-section-height-default\" data-id=\"59135b5\" data-element_type=\"section\">\n\t\t\t\t\t\t<div class=\"elementor-container elementor-column-gap-default\">\n\t\t\t\t\t<div class=\"elementor-column elementor-col-100 elementor-top-column elementor-element elementor-element-3a4d66d\" data-id=\"3a4d66d\" data-element_type=\"column\">\n\t\t\t<div class=\"elementor-widget-wrap elementor-element-populated\">\n\t\t\t\t\t\t\t\t<div class=\"elementor-element elementor-element-121829b elementor-widget elementor-widget-image\" data-id=\"121829b\" data-element_type=\"widget\" data-widget_type=\"image.default\">\n\t\t\t\t<div class=\"elementor-widget-container\">\n\t\t\t<style>\/*! elementor - v3.7.1 - 14-08-2022 *\/\n.elementor-widget-image{text-align:center}.elementor-widget-image a{display:inline-block}.elementor-widget-image a img[src$=\".svg\"]{width:48px}.elementor-widget-image img{vertical-align:middle;display:inline-block}<\/style>\t\t\t\t\t\t\t\t\t\t\t\t<img loading=\"lazy\" decoding=\"async\" width=\"1024\" height=\"576\" src=\"https:\/\/terciariascapuchinasbuenpastor.org\/wp-content\/uploads\/2025\/04\/CentroJuvenilElenadeBarranquilla-1024x576.jpeg\" class=\"attachment-large size-large\" alt=\"\" srcset=\"https:\/\/terciariascapuchinasbuenpastor.org\/wp-content\/uploads\/2025\/04\/CentroJuvenilElenadeBarranquilla-1024x576.jpeg 1024w, https:\/\/terciariascapuchinasbuenpastor.org\/wp-content\/uploads\/2025\/04\/CentroJuvenilElenadeBarranquilla-300x169.jpeg 300w, https:\/\/terciariascapuchinasbuenpastor.org\/wp-content\/uploads\/2025\/04\/CentroJuvenilElenadeBarranquilla-768x432.jpeg 768w, https:\/\/terciariascapuchinasbuenpastor.org\/wp-content\/uploads\/2025\/04\/CentroJuvenilElenadeBarranquilla-1536x864.jpeg 1536w, https:\/\/terciariascapuchinasbuenpastor.org\/wp-content\/uploads\/2025\/04\/CentroJuvenilElenadeBarranquilla.jpeg 1600w\" sizes=\"auto, (max-width: 1024px) 100vw, 1024px\" \/>\t\t\t\t\t\t\t\t\t\t\t\t\t\t\t<\/div>\n\t\t\t\t<\/div>\n\t\t\t\t\t<\/div>\n\t\t<\/div>\n\t\t\t\t\t\t\t<\/div>\n\t\t<\/section>\n\t\t\t\t\t\t\t<\/div>\n\t\t","protected":false},"excerpt":{"rendered":"<p>Direcci\u00f3n Carrera 54 No. 48-35 Barranquilla-Atl\u00e1ntico Tel\u00e9fono\/Celular 3003393187 Email helenadebarranquilla@terciariascapuchinas.org FECHA DE FUNDACI\u00d3N: \u00a01920 se inici\u00f3 con la obra del orfanato Sagrado Coraz\u00f3n y en 1993 el centro de protecci\u00f3n. Centro Juvenil Hermana Elena de Barranquilla. MISI\u00d3N APOST\u00d3LICA DE LA OBRA: Centro de protecci\u00f3n HERMANAS QUE ACTUALMENTE CONFORMAN LA COMUNIDAD: Yaniris del Carmen Fern\u00e1ndez Fern\u00e1ndez&hellip; <br \/> <a class=\"read-more\" href=\"https:\/\/terciariascapuchinasbuenpastor.org\/index.php\/centro-juvenil-elena-de-barranquilla\/\">Leer m\u00e1s<\/a><\/p>\n","protected":false},"author":1,"featured_media":0,"parent":0,"menu_order":0,"comment_status":"closed","ping_status":"closed","template":"","meta":{"footnotes":""},"class_list":["post-2282","page","type-page","status-publish","hentry"],"yoast_head":"<!-- This site is optimized with the Yoast SEO plugin v19.6.1 - https:\/\/yoast.com\/wordpress\/plugins\/seo\/ -->\n<title>Centro Juvenil \u201cElena de Barranquilla\u201d - Terciarias Capuchinas Madre del Buen Pastor<\/title>\n<meta name=\"description\" content=\"MISI\u00d3N APOST\u00d3LICA DE LA OBRA: Centro de protecci\u00f3n.\" \/>\n<meta name=\"robots\" content=\"index, follow, max-snippet:-1, max-image-preview:large, max-video-preview:-1\" \/>\n<link rel=\"canonical\" href=\"https:\/\/terciariascapuchinasbuenpastor.org\/index.php\/centro-juvenil-elena-de-barranquilla\/\" \/>\n<meta property=\"og:locale\" content=\"es_ES\" \/>\n<meta property=\"og:type\" content=\"article\" \/>\n<meta property=\"og:title\" content=\"Centro Juvenil \u201cElena de Barranquilla\u201d - Terciarias Capuchinas Madre del Buen Pastor\" \/>\n<meta property=\"og:description\" content=\"MISI\u00d3N APOST\u00d3LICA DE LA OBRA: Centro de protecci\u00f3n.\" \/>\n<meta property=\"og:url\" content=\"https:\/\/terciariascapuchinasbuenpastor.org\/index.php\/centro-juvenil-elena-de-barranquilla\/\" \/>\n<meta property=\"og:site_name\" content=\"Terciarias Capuchinas Madre del Buen Pastor\" \/>\n<meta property=\"article:modified_time\" content=\"2025-07-31T21:22:16+00:00\" \/>\n<meta property=\"og:image\" content=\"http:\/\/terciariascapuchinasbuenpastor.org\/wp-content\/uploads\/2025\/04\/CentroJuvenilElenadeBarranquilla-1024x576.jpeg\" \/>\n<meta name=\"twitter:card\" content=\"summary_large_image\" \/>\n<meta name=\"twitter:label1\" content=\"Tiempo estimado de lectura\" \/>\n\t<meta name=\"twitter:data1\" content=\"1 minuto\" \/>\n<script type=\"application\/ld+json\" class=\"yoast-schema-graph\">{\"@context\":\"https:\/\/schema.org\",\"@graph\":[{\"@type\":\"WebPage\",\"@id\":\"https:\/\/terciariascapuchinasbuenpastor.org\/index.php\/centro-juvenil-elena-de-barranquilla\/\",\"url\":\"https:\/\/terciariascapuchinasbuenpastor.org\/index.php\/centro-juvenil-elena-de-barranquilla\/\",\"name\":\"Centro Juvenil \u201cElena de Barranquilla\u201d - Terciarias Capuchinas Madre del Buen Pastor\",\"isPartOf\":{\"@id\":\"https:\/\/terciariascapuchinasbuenpastor.org\/#website\"},\"datePublished\":\"2022-08-29T21:00:37+00:00\",\"dateModified\":\"2025-07-31T21:22:16+00:00\",\"description\":\"MISI\u00d3N APOST\u00d3LICA DE LA OBRA: Centro de protecci\u00f3n.\",\"breadcrumb\":{\"@id\":\"https:\/\/terciariascapuchinasbuenpastor.org\/index.php\/centro-juvenil-elena-de-barranquilla\/#breadcrumb\"},\"inLanguage\":\"es-CO\",\"potentialAction\":[{\"@type\":\"ReadAction\",\"target\":[\"https:\/\/terciariascapuchinasbuenpastor.org\/index.php\/centro-juvenil-elena-de-barranquilla\/\"]}]},{\"@type\":\"BreadcrumbList\",\"@id\":\"https:\/\/terciariascapuchinasbuenpastor.org\/index.php\/centro-juvenil-elena-de-barranquilla\/#breadcrumb\",\"itemListElement\":[{\"@type\":\"ListItem\",\"position\":1,\"name\":\"Inicio\",\"item\":\"https:\/\/terciariascapuchinasbuenpastor.org\/\"},{\"@type\":\"ListItem\",\"position\":2,\"name\":\"Centro Juvenil \u201cElena de Barranquilla\u201d\"}]},{\"@type\":\"WebSite\",\"@id\":\"https:\/\/terciariascapuchinasbuenpastor.org\/#website\",\"url\":\"https:\/\/terciariascapuchinasbuenpastor.org\/\",\"name\":\"Terciarias Capuchinas Madre del Buen Pastor\",\"description\":\"Sitio oficial - Provincia Madre del Buen Pastor\",\"publisher\":{\"@id\":\"https:\/\/terciariascapuchinasbuenpastor.org\/#organization\"},\"potentialAction\":[{\"@type\":\"SearchAction\",\"target\":{\"@type\":\"EntryPoint\",\"urlTemplate\":\"https:\/\/terciariascapuchinasbuenpastor.org\/?s={search_term_string}\"},\"query-input\":\"required name=search_term_string\"}],\"inLanguage\":\"es-CO\"},{\"@type\":\"Organization\",\"@id\":\"https:\/\/terciariascapuchinasbuenpastor.org\/#organization\",\"name\":\"Terciarias Capuchinas Madre del Buen Pastor\",\"url\":\"https:\/\/terciariascapuchinasbuenpastor.org\/\",\"sameAs\":[],\"logo\":{\"@type\":\"ImageObject\",\"inLanguage\":\"es-CO\",\"@id\":\"https:\/\/terciariascapuchinasbuenpastor.org\/#\/schema\/logo\/image\/\",\"url\":\"https:\/\/terciariascapuchinasbuenpastor.org\/wp-content\/uploads\/2022\/08\/cropped-CC_Express_20220824_1658390.8685437846145748.png\",\"contentUrl\":\"https:\/\/terciariascapuchinasbuenpastor.org\/wp-content\/uploads\/2022\/08\/cropped-CC_Express_20220824_1658390.8685437846145748.png\",\"width\":5057,\"height\":1261,\"caption\":\"Terciarias Capuchinas Madre del Buen Pastor\"},\"image\":{\"@id\":\"https:\/\/terciariascapuchinasbuenpastor.org\/#\/schema\/logo\/image\/\"}}]}<\/script>\n<!-- \/ Yoast SEO plugin. -->","yoast_head_json":{"title":"Centro Juvenil \u201cElena de Barranquilla\u201d - Terciarias Capuchinas Madre del Buen Pastor","description":"MISI\u00d3N APOST\u00d3LICA DE LA OBRA: Centro de protecci\u00f3n.","robots":{"index":"index","follow":"follow","max-snippet":"max-snippet:-1","max-image-preview":"max-image-preview:large","max-video-preview":"max-video-preview:-1"},"canonical":"https:\/\/terciariascapuchinasbuenpastor.org\/index.php\/centro-juvenil-elena-de-barranquilla\/","og_locale":"es_ES","og_type":"article","og_title":"Centro Juvenil \u201cElena de Barranquilla\u201d - Terciarias Capuchinas Madre del Buen Pastor","og_description":"MISI\u00d3N APOST\u00d3LICA DE LA OBRA: Centro de protecci\u00f3n.","og_url":"https:\/\/terciariascapuchinasbuenpastor.org\/index.php\/centro-juvenil-elena-de-barranquilla\/","og_site_name":"Terciarias Capuchinas Madre del Buen Pastor","article_modified_time":"2025-07-31T21:22:16+00:00","og_image":[{"url":"http:\/\/terciariascapuchinasbuenpastor.org\/wp-content\/uploads\/2025\/04\/CentroJuvenilElenadeBarranquilla-1024x576.jpeg"}],"twitter_card":"summary_large_image","twitter_misc":{"Tiempo estimado de lectura":"1 minuto"},"schema":{"@context":"https:\/\/schema.org","@graph":[{"@type":"WebPage","@id":"https:\/\/terciariascapuchinasbuenpastor.org\/index.php\/centro-juvenil-elena-de-barranquilla\/","url":"https:\/\/terciariascapuchinasbuenpastor.org\/index.php\/centro-juvenil-elena-de-barranquilla\/","name":"Centro Juvenil \u201cElena de Barranquilla\u201d - Terciarias Capuchinas Madre del Buen Pastor","isPartOf":{"@id":"https:\/\/terciariascapuchinasbuenpastor.org\/#website"},"datePublished":"2022-08-29T21:00:37+00:00","dateModified":"2025-07-31T21:22:16+00:00","description":"MISI\u00d3N APOST\u00d3LICA DE LA OBRA: Centro de protecci\u00f3n.","breadcrumb":{"@id":"https:\/\/terciariascapuchinasbuenpastor.org\/index.php\/centro-juvenil-elena-de-barranquilla\/#breadcrumb"},"inLanguage":"es-CO","potentialAction":[{"@type":"ReadAction","target":["https:\/\/terciariascapuchinasbuenpastor.org\/index.php\/centro-juvenil-elena-de-barranquilla\/"]}]},{"@type":"BreadcrumbList","@id":"https:\/\/terciariascapuchinasbuenpastor.org\/index.php\/centro-juvenil-elena-de-barranquilla\/#breadcrumb","itemListElement":[{"@type":"ListItem","position":1,"name":"Inicio","item":"https:\/\/terciariascapuchinasbuenpastor.org\/"},{"@type":"ListItem","position":2,"name":"Centro Juvenil \u201cElena de Barranquilla\u201d"}]},{"@type":"WebSite","@id":"https:\/\/terciariascapuchinasbuenpastor.org\/#website","url":"https:\/\/terciariascapuchinasbuenpastor.org\/","name":"Terciarias Capuchinas Madre del Buen Pastor","description":"Sitio oficial - Provincia Madre del Buen Pastor","publisher":{"@id":"https:\/\/terciariascapuchinasbuenpastor.org\/#organization"},"potentialAction":[{"@type":"SearchAction","target":{"@type":"EntryPoint","urlTemplate":"https:\/\/terciariascapuchinasbuenpastor.org\/?s={search_term_string}"},"query-input":"required name=search_term_string"}],"inLanguage":"es-CO"},{"@type":"Organization","@id":"https:\/\/terciariascapuchinasbuenpastor.org\/#organization","name":"Terciarias Capuchinas Madre del Buen Pastor","url":"https:\/\/terciariascapuchinasbuenpastor.org\/","sameAs":[],"logo":{"@type":"ImageObject","inLanguage":"es-CO","@id":"https:\/\/terciariascapuchinasbuenpastor.org\/#\/schema\/logo\/image\/","url":"https:\/\/terciariascapuchinasbuenpastor.org\/wp-content\/uploads\/2022\/08\/cropped-CC_Express_20220824_1658390.8685437846145748.png","contentUrl":"https:\/\/terciariascapuchinasbuenpastor.org\/wp-content\/uploads\/2022\/08\/cropped-CC_Express_20220824_1658390.8685437846145748.png","width":5057,"height":1261,"caption":"Terciarias Capuchinas Madre del Buen Pastor"},"image":{"@id":"https:\/\/terciariascapuchinasbuenpastor.org\/#\/schema\/logo\/image\/"}}]}},"_links":{"self":[{"href":"https:\/\/terciariascapuchinasbuenpastor.org\/index.php\/wp-json\/wp\/v2\/pages\/2282","targetHints":{"allow":["GET"]}}],"collection":[{"href":"https:\/\/terciariascapuchinasbuenpastor.org\/index.php\/wp-json\/wp\/v2\/pages"}],"about":[{"href":"https:\/\/terciariascapuchinasbuenpastor.org\/index.php\/wp-json\/wp\/v2\/types\/page"}],"author":[{"embeddable":true,"href":"https:\/\/terciariascapuchinasbuenpastor.org\/index.php\/wp-json\/wp\/v2\/users\/1"}],"replies":[{"embeddable":true,"href":"https:\/\/terciariascapuchinasbuenpastor.org\/index.php\/wp-json\/wp\/v2\/comments?post=2282"}],"version-history":[{"count":10,"href":"https:\/\/terciariascapuchinasbuenpastor.org\/index.php\/wp-json\/wp\/v2\/pages\/2282\/revisions"}],"predecessor-version":[{"id":5011,"href":"https:\/\/terciariascapuchinasbuenpastor.org\/index.php\/wp-json\/wp\/v2\/pages\/2282\/revisions\/5011"}],"wp:attachment":[{"href":"https:\/\/terciariascapuchinasbuenpastor.org\/index.php\/wp-json\/wp\/v2\/media?parent=2282"}],"curies":[{"name":"wp","href":"https:\/\/api.w.org\/{rel}","templated":true}]}}