{"id":3643,"date":"2022-09-06T02:18:26","date_gmt":"2022-09-06T02:18:26","guid":{"rendered":"https:\/\/terciariascapuchinasbuenpastor.org\/?page_id=3643"},"modified":"2025-07-29T15:07:46","modified_gmt":"2025-07-29T15:07:46","slug":"significado","status":"publish","type":"page","link":"https:\/\/terciariascapuchinasbuenpastor.org\/index.php\/significado\/","title":{"rendered":"SIGNIFICADO"},"content":{"rendered":"\t\t<div data-elementor-type=\"wp-page\" data-elementor-id=\"3643\" class=\"elementor elementor-3643\">\n\t\t\t\t\t\t\t\t\t<section class=\"elementor-section elementor-top-section elementor-element elementor-element-436b73f elementor-section-full_width elementor-section-height-default elementor-section-height-default\" data-id=\"436b73f\" data-element_type=\"section\">\n\t\t\t\t\t\t<div class=\"elementor-container elementor-column-gap-default\">\n\t\t\t\t\t<div class=\"elementor-column elementor-col-100 elementor-top-column elementor-element elementor-element-5b6022a\" data-id=\"5b6022a\" data-element_type=\"column\">\n\t\t\t<div class=\"elementor-widget-wrap elementor-element-populated\">\n\t\t\t\t\t\t\t\t<div class=\"elementor-element elementor-element-5616f54 elementor-drop-cap-yes elementor-drop-cap-view-default elementor-widget elementor-widget-text-editor\" data-id=\"5616f54\" data-element_type=\"widget\" data-settings=\"{&quot;drop_cap&quot;:&quot;yes&quot;}\" data-widget_type=\"text-editor.default\">\n\t\t\t\t<div class=\"elementor-widget-container\">\n\t\t\t<style>\/*! elementor - v3.7.1 - 14-08-2022 *\/\n.elementor-widget-text-editor.elementor-drop-cap-view-stacked .elementor-drop-cap{background-color:#818a91;color:#fff}.elementor-widget-text-editor.elementor-drop-cap-view-framed .elementor-drop-cap{color:#818a91;border:3px solid;background-color:transparent}.elementor-widget-text-editor:not(.elementor-drop-cap-view-default) .elementor-drop-cap{margin-top:8px}.elementor-widget-text-editor:not(.elementor-drop-cap-view-default) .elementor-drop-cap-letter{width:1em;height:1em}.elementor-widget-text-editor .elementor-drop-cap{float:left;text-align:center;line-height:1;font-size:50px}.elementor-widget-text-editor .elementor-drop-cap-letter{display:inline-block}<\/style>\t\t\t\t<p>\u00a0<\/p><p>El XXIII Cap\u00edtulo general que las Hermanas Terciarias Capuchinas de la Sagrada Familia vamos a celebrar en Roma del 8 de septiembre al 4 de octubre, de este a\u00f1o 2022, es como un <b><i>S\u00ednodo a nivel de Congregac<\/i><\/b><b><i>i\u00f3n<\/i><\/b>\u00a0y, m\u00e1s bien, se parece a un\u00a0<b>Concilio<\/b>\u00a0por su poder decisorio que marca su caminar futuro como Congregaci\u00f3n y donde se elige a la Superiora general y su Consejo. Juntas, en\u00a0<i>sinodalidad<\/i>, se fortifica nuestra identidad y misi\u00f3n al servicio de la Iglesia y del mundo y se expresa en la participaci\u00f3n, comuni\u00f3n y colaboraci\u00f3n de todos los miembros, ese\u00a0<i>\u201ccaminar juntas\u201d,<\/i>\u00a0con las mismas actitudes espirituales indicadas al hablar del S\u00ednodo.\u00a0<\/p><p>\u00a0<\/p><p><img loading=\"lazy\" decoding=\"async\" class=\"aligncenter wp-image-2082 size-full\" src=\"http:\/\/terciariascapuchinasbuenpastor.org\/wp-content\/uploads\/2022\/08\/log-768x240-1.png\" alt=\"\" width=\"768\" height=\"240\" srcset=\"https:\/\/terciariascapuchinasbuenpastor.org\/wp-content\/uploads\/2022\/08\/log-768x240-1.png 768w, https:\/\/terciariascapuchinasbuenpastor.org\/wp-content\/uploads\/2022\/08\/log-768x240-1-300x94.png 300w\" sizes=\"auto, (max-width: 768px) 100vw, 768px\" \/><\/p><p>He aqu\u00ed el\u00a0<i>logo<\/i>\u00a0y\u00a0<i>lema<\/i>\u00a0de nuestro Cap\u00edtulo, siendo el tema del mismo:\u00a0<b><i>\u201cFortalecidas en el Esp\u00edritu, abrazamos nuestra realidad y a la humanidad sufriente, avanzando con esperanza en un camino sinodal\u201d.\u00a0<\/i><\/b>\u00a0<\/p><p>Es providencial la coincidencia de ambos eventos:\u00a0<b><i>\u00a1caminar juntas!<\/i><\/b>\u00a0es\u00a0 nuestra identidad de Congregaci\u00f3n; profesamos unas mismas Constituciones, nos anima el mismo esp\u00edritu y carisma y, vivirlo como aut\u00e9ntica fraternidad de amor y misi\u00f3n, nos caracteriza como seguidoras de Francisco de As\u00eds, el humilde hermano universal, as\u00ed como los rasgos de apertura a los dem\u00e1s, y pasi\u00f3n apost\u00f3lica, que nos leg\u00f3 Nuestro Padre Fundador, Luis Amig\u00f3.\u00a0<\/p><p>Todas estamos ya inmersas en el proceso sinodal, eclesial y capitular, tratando de dejar espacio al Esp\u00edritu para que nos gu\u00ede y nos haga instrumento de salvaci\u00f3n junto con los dem\u00e1s creyentes y, en particular, con nuestras Hermanas de\u00a0 Congregaci\u00f3n<b>.\u00a0<\/b>Ya hemos celebrado los conversatorios con el Consejo general y seguimos las dem\u00e1s actividades de evaluaciones y elecciones y, sobre todo, nuestra oraci\u00f3n diaria pidiendo la acci\u00f3n del Esp\u00edritu en todo el proceso capitular.\u00a0\u00a0<\/p><p>Como nos recomienda nuestra Superiora general, Hna. Ana Tulia L\u00f3pez,\u00a0<i>seamos mujeres sinodales, empezando en la propia comunidad, humildes en la escucha de coraz\u00f3n, a Dios, a su Palabra, a las dem\u00e1s y tambi\u00e9n a la humanidad doliente que nos rodea y a la que particularmente servimos en nuestras obras.<\/i><\/p><p>Abiertas a la acci\u00f3n del Esp\u00edritu Santo, podremos experimentar maravillas; en frase del Papa Francisco a los j\u00f3venes, \u201c<i>Germinar\u00e1n sue\u00f1os y florecer\u00e1n esperanzas\u201d\u00a0<\/i>y daremos la respuesta de fidelidad que nos corresponde.<\/p><p><b>Hna. Mar\u00eda Elena Echavarren, TC<\/b><\/p>\t\t\t\t\t\t<\/div>\n\t\t\t\t<\/div>\n\t\t\t\t\t<\/div>\n\t\t<\/div>\n\t\t\t\t\t\t\t<\/div>\n\t\t<\/section>\n\t\t\t\t\t\t\t<\/div>\n\t\t","protected":false},"excerpt":{"rendered":"<p>El XXIII Cap\u00edtulo general que las Hermanas Terciarias Capuchinas de la Sagrada Familia vamos a celebrar en Roma del 8 de septiembre al 4 de octubre, de este a\u00f1o 2022, es como un S\u00ednodo a nivel de Congregaci\u00f3n&nbsp;y, m\u00e1s bien, se parece a un&nbsp;Concilio&nbsp;por su poder decisorio que marca su caminar futuro como Congregaci\u00f3n y&hellip; <br \/> <a class=\"read-more\" href=\"https:\/\/terciariascapuchinasbuenpastor.org\/index.php\/significado\/\">Leer m\u00e1s<\/a><\/p>\n","protected":false},"author":1,"featured_media":0,"parent":0,"menu_order":0,"comment_status":"closed","ping_status":"closed","template":"","meta":{"footnotes":""},"class_list":["post-3643","page","type-page","status-publish","hentry"],"yoast_head":"<!-- This site is optimized with the Yoast SEO plugin v19.6.1 - https:\/\/yoast.com\/wordpress\/plugins\/seo\/ -->\n<title>SIGNIFICADO - Terciarias Capuchinas Madre del Buen Pastor<\/title>\n<meta name=\"description\" content=\"Donde se elige a la Superiora general y su Consejo. Juntas, en sinodalidad, se fortifica nuestra identidad y misi\u00f3n al servicio de la Iglesia\" \/>\n<meta name=\"robots\" content=\"index, follow, max-snippet:-1, max-image-preview:large, max-video-preview:-1\" \/>\n<link rel=\"canonical\" href=\"https:\/\/terciariascapuchinasbuenpastor.org\/index.php\/significado\/\" \/>\n<meta property=\"og:locale\" content=\"es_ES\" \/>\n<meta property=\"og:type\" content=\"article\" \/>\n<meta property=\"og:title\" content=\"SIGNIFICADO - Terciarias Capuchinas Madre del Buen Pastor\" \/>\n<meta property=\"og:description\" content=\"Donde se elige a la Superiora general y su Consejo. Juntas, en sinodalidad, se fortifica nuestra identidad y misi\u00f3n al servicio de la Iglesia\" \/>\n<meta property=\"og:url\" content=\"https:\/\/terciariascapuchinasbuenpastor.org\/index.php\/significado\/\" \/>\n<meta property=\"og:site_name\" content=\"Terciarias Capuchinas Madre del Buen Pastor\" \/>\n<meta property=\"article:modified_time\" content=\"2025-07-29T15:07:46+00:00\" \/>\n<meta property=\"og:image\" content=\"http:\/\/terciariascapuchinasbuenpastor.org\/wp-content\/uploads\/2022\/08\/log-768x240-1.png\" \/>\n<meta name=\"twitter:card\" content=\"summary_large_image\" \/>\n<meta name=\"twitter:label1\" content=\"Tiempo estimado de lectura\" \/>\n\t<meta name=\"twitter:data1\" content=\"2 minutos\" \/>\n<script type=\"application\/ld+json\" class=\"yoast-schema-graph\">{\"@context\":\"https:\/\/schema.org\",\"@graph\":[{\"@type\":\"WebPage\",\"@id\":\"https:\/\/terciariascapuchinasbuenpastor.org\/index.php\/significado\/\",\"url\":\"https:\/\/terciariascapuchinasbuenpastor.org\/index.php\/significado\/\",\"name\":\"SIGNIFICADO - Terciarias Capuchinas Madre del Buen Pastor\",\"isPartOf\":{\"@id\":\"https:\/\/terciariascapuchinasbuenpastor.org\/#website\"},\"datePublished\":\"2022-09-06T02:18:26+00:00\",\"dateModified\":\"2025-07-29T15:07:46+00:00\",\"description\":\"Donde se elige a la Superiora general y su Consejo. Juntas, en sinodalidad, se fortifica nuestra identidad y misi\u00f3n al servicio de la Iglesia\",\"breadcrumb\":{\"@id\":\"https:\/\/terciariascapuchinasbuenpastor.org\/index.php\/significado\/#breadcrumb\"},\"inLanguage\":\"es-CO\",\"potentialAction\":[{\"@type\":\"ReadAction\",\"target\":[\"https:\/\/terciariascapuchinasbuenpastor.org\/index.php\/significado\/\"]}]},{\"@type\":\"BreadcrumbList\",\"@id\":\"https:\/\/terciariascapuchinasbuenpastor.org\/index.php\/significado\/#breadcrumb\",\"itemListElement\":[{\"@type\":\"ListItem\",\"position\":1,\"name\":\"Inicio\",\"item\":\"https:\/\/terciariascapuchinasbuenpastor.org\/\"},{\"@type\":\"ListItem\",\"position\":2,\"name\":\"SIGNIFICADO\"}]},{\"@type\":\"WebSite\",\"@id\":\"https:\/\/terciariascapuchinasbuenpastor.org\/#website\",\"url\":\"https:\/\/terciariascapuchinasbuenpastor.org\/\",\"name\":\"Terciarias Capuchinas Madre del Buen Pastor\",\"description\":\"Sitio oficial - Provincia Madre del Buen Pastor\",\"publisher\":{\"@id\":\"https:\/\/terciariascapuchinasbuenpastor.org\/#organization\"},\"potentialAction\":[{\"@type\":\"SearchAction\",\"target\":{\"@type\":\"EntryPoint\",\"urlTemplate\":\"https:\/\/terciariascapuchinasbuenpastor.org\/?s={search_term_string}\"},\"query-input\":\"required name=search_term_string\"}],\"inLanguage\":\"es-CO\"},{\"@type\":\"Organization\",\"@id\":\"https:\/\/terciariascapuchinasbuenpastor.org\/#organization\",\"name\":\"Terciarias Capuchinas Madre del Buen Pastor\",\"url\":\"https:\/\/terciariascapuchinasbuenpastor.org\/\",\"sameAs\":[],\"logo\":{\"@type\":\"ImageObject\",\"inLanguage\":\"es-CO\",\"@id\":\"https:\/\/terciariascapuchinasbuenpastor.org\/#\/schema\/logo\/image\/\",\"url\":\"https:\/\/terciariascapuchinasbuenpastor.org\/wp-content\/uploads\/2022\/08\/cropped-CC_Express_20220824_1658390.8685437846145748.png\",\"contentUrl\":\"https:\/\/terciariascapuchinasbuenpastor.org\/wp-content\/uploads\/2022\/08\/cropped-CC_Express_20220824_1658390.8685437846145748.png\",\"width\":5057,\"height\":1261,\"caption\":\"Terciarias Capuchinas Madre del Buen Pastor\"},\"image\":{\"@id\":\"https:\/\/terciariascapuchinasbuenpastor.org\/#\/schema\/logo\/image\/\"}}]}<\/script>\n<!-- \/ Yoast SEO plugin. -->","yoast_head_json":{"title":"SIGNIFICADO - Terciarias Capuchinas Madre del Buen Pastor","description":"Donde se elige a la Superiora general y su Consejo. Juntas, en sinodalidad, se fortifica nuestra identidad y misi\u00f3n al servicio de la Iglesia","robots":{"index":"index","follow":"follow","max-snippet":"max-snippet:-1","max-image-preview":"max-image-preview:large","max-video-preview":"max-video-preview:-1"},"canonical":"https:\/\/terciariascapuchinasbuenpastor.org\/index.php\/significado\/","og_locale":"es_ES","og_type":"article","og_title":"SIGNIFICADO - Terciarias Capuchinas Madre del Buen Pastor","og_description":"Donde se elige a la Superiora general y su Consejo. Juntas, en sinodalidad, se fortifica nuestra identidad y misi\u00f3n al servicio de la Iglesia","og_url":"https:\/\/terciariascapuchinasbuenpastor.org\/index.php\/significado\/","og_site_name":"Terciarias Capuchinas Madre del Buen Pastor","article_modified_time":"2025-07-29T15:07:46+00:00","og_image":[{"url":"http:\/\/terciariascapuchinasbuenpastor.org\/wp-content\/uploads\/2022\/08\/log-768x240-1.png"}],"twitter_card":"summary_large_image","twitter_misc":{"Tiempo estimado de lectura":"2 minutos"},"schema":{"@context":"https:\/\/schema.org","@graph":[{"@type":"WebPage","@id":"https:\/\/terciariascapuchinasbuenpastor.org\/index.php\/significado\/","url":"https:\/\/terciariascapuchinasbuenpastor.org\/index.php\/significado\/","name":"SIGNIFICADO - Terciarias Capuchinas Madre del Buen Pastor","isPartOf":{"@id":"https:\/\/terciariascapuchinasbuenpastor.org\/#website"},"datePublished":"2022-09-06T02:18:26+00:00","dateModified":"2025-07-29T15:07:46+00:00","description":"Donde se elige a la Superiora general y su Consejo. Juntas, en sinodalidad, se fortifica nuestra identidad y misi\u00f3n al servicio de la Iglesia","breadcrumb":{"@id":"https:\/\/terciariascapuchinasbuenpastor.org\/index.php\/significado\/#breadcrumb"},"inLanguage":"es-CO","potentialAction":[{"@type":"ReadAction","target":["https:\/\/terciariascapuchinasbuenpastor.org\/index.php\/significado\/"]}]},{"@type":"BreadcrumbList","@id":"https:\/\/terciariascapuchinasbuenpastor.org\/index.php\/significado\/#breadcrumb","itemListElement":[{"@type":"ListItem","position":1,"name":"Inicio","item":"https:\/\/terciariascapuchinasbuenpastor.org\/"},{"@type":"ListItem","position":2,"name":"SIGNIFICADO"}]},{"@type":"WebSite","@id":"https:\/\/terciariascapuchinasbuenpastor.org\/#website","url":"https:\/\/terciariascapuchinasbuenpastor.org\/","name":"Terciarias Capuchinas Madre del Buen Pastor","description":"Sitio oficial - Provincia Madre del Buen Pastor","publisher":{"@id":"https:\/\/terciariascapuchinasbuenpastor.org\/#organization"},"potentialAction":[{"@type":"SearchAction","target":{"@type":"EntryPoint","urlTemplate":"https:\/\/terciariascapuchinasbuenpastor.org\/?s={search_term_string}"},"query-input":"required name=search_term_string"}],"inLanguage":"es-CO"},{"@type":"Organization","@id":"https:\/\/terciariascapuchinasbuenpastor.org\/#organization","name":"Terciarias Capuchinas Madre del Buen Pastor","url":"https:\/\/terciariascapuchinasbuenpastor.org\/","sameAs":[],"logo":{"@type":"ImageObject","inLanguage":"es-CO","@id":"https:\/\/terciariascapuchinasbuenpastor.org\/#\/schema\/logo\/image\/","url":"https:\/\/terciariascapuchinasbuenpastor.org\/wp-content\/uploads\/2022\/08\/cropped-CC_Express_20220824_1658390.8685437846145748.png","contentUrl":"https:\/\/terciariascapuchinasbuenpastor.org\/wp-content\/uploads\/2022\/08\/cropped-CC_Express_20220824_1658390.8685437846145748.png","width":5057,"height":1261,"caption":"Terciarias Capuchinas Madre del Buen Pastor"},"image":{"@id":"https:\/\/terciariascapuchinasbuenpastor.org\/#\/schema\/logo\/image\/"}}]}},"_links":{"self":[{"href":"https:\/\/terciariascapuchinasbuenpastor.org\/index.php\/wp-json\/wp\/v2\/pages\/3643","targetHints":{"allow":["GET"]}}],"collection":[{"href":"https:\/\/terciariascapuchinasbuenpastor.org\/index.php\/wp-json\/wp\/v2\/pages"}],"about":[{"href":"https:\/\/terciariascapuchinasbuenpastor.org\/index.php\/wp-json\/wp\/v2\/types\/page"}],"author":[{"embeddable":true,"href":"https:\/\/terciariascapuchinasbuenpastor.org\/index.php\/wp-json\/wp\/v2\/users\/1"}],"replies":[{"embeddable":true,"href":"https:\/\/terciariascapuchinasbuenpastor.org\/index.php\/wp-json\/wp\/v2\/comments?post=3643"}],"version-history":[{"count":9,"href":"https:\/\/terciariascapuchinasbuenpastor.org\/index.php\/wp-json\/wp\/v2\/pages\/3643\/revisions"}],"predecessor-version":[{"id":3657,"href":"https:\/\/terciariascapuchinasbuenpastor.org\/index.php\/wp-json\/wp\/v2\/pages\/3643\/revisions\/3657"}],"wp:attachment":[{"href":"https:\/\/terciariascapuchinasbuenpastor.org\/index.php\/wp-json\/wp\/v2\/media?parent=3643"}],"curies":[{"name":"wp","href":"https:\/\/api.w.org\/{rel}","templated":true}]}}