{"id":850,"date":"2022-04-25T01:40:02","date_gmt":"2022-04-25T01:40:02","guid":{"rendered":"https:\/\/architect.oceanwp.org\/?page_id=619"},"modified":"2025-07-29T15:35:17","modified_gmt":"2025-07-29T15:35:17","slug":"identidad","status":"publish","type":"page","link":"https:\/\/terciariascapuchinasbuenpastor.org\/index.php\/identidad\/","title":{"rendered":"Identidad de la Congregaci\u00f3n"},"content":{"rendered":"\t\t<div data-elementor-type=\"wp-page\" data-elementor-id=\"850\" class=\"elementor elementor-850\">\n\t\t\t\t\t\t\t\t\t<section class=\"elementor-section elementor-top-section elementor-element elementor-element-436b73f elementor-section-full_width elementor-section-height-default elementor-section-height-default\" data-id=\"436b73f\" data-element_type=\"section\">\n\t\t\t\t\t\t<div class=\"elementor-container elementor-column-gap-default\">\n\t\t\t\t\t<div class=\"elementor-column elementor-col-100 elementor-top-column elementor-element elementor-element-5b6022a\" data-id=\"5b6022a\" data-element_type=\"column\">\n\t\t\t<div class=\"elementor-widget-wrap elementor-element-populated\">\n\t\t\t\t\t\t\t\t<div class=\"elementor-element elementor-element-5616f54 elementor-drop-cap-yes elementor-drop-cap-view-default elementor-widget elementor-widget-text-editor\" data-id=\"5616f54\" data-element_type=\"widget\" data-settings=\"{&quot;drop_cap&quot;:&quot;yes&quot;}\" data-widget_type=\"text-editor.default\">\n\t\t\t\t<div class=\"elementor-widget-container\">\n\t\t\t<style>\/*! elementor - v3.7.1 - 14-08-2022 *\/\n.elementor-widget-text-editor.elementor-drop-cap-view-stacked .elementor-drop-cap{background-color:#818a91;color:#fff}.elementor-widget-text-editor.elementor-drop-cap-view-framed .elementor-drop-cap{color:#818a91;border:3px solid;background-color:transparent}.elementor-widget-text-editor:not(.elementor-drop-cap-view-default) .elementor-drop-cap{margin-top:8px}.elementor-widget-text-editor:not(.elementor-drop-cap-view-default) .elementor-drop-cap-letter{width:1em;height:1em}.elementor-widget-text-editor .elementor-drop-cap{float:left;text-align:center;line-height:1;font-size:50px}.elementor-widget-text-editor .elementor-drop-cap-letter{display:inline-block}<\/style>\t\t\t\t<p>Nuestra Congregaci\u00f3n fue fundada el 11 de mayo de 1885, en el Santuario de Ntra. Sra. de Montiel, Benaguacil \u2013 Valencia \u2013 ESPA\u00d1A, siendo aprobada por el Papa Le\u00f3n XIII el 25 de marzo de 1902.<\/p>\n<p>El nombre que nos dio Luis Amig\u00f3, nuestro Fundador, define nuestra identidad.<\/p>\n<p>Hermanas:&nbsp;As\u00ed nos pens\u00f3 nuestro Fundador desde las primeras Constituciones de 1885:<br>\u201cA diferencia de otras Congregaciones en las que se distinguen las Hermanas unas de otras, llam\u00e1ndose unas de Coro o Madres, y de obediencia o Legas las otras, en esta Congregaci\u00f3n no habr\u00e1 distinciones entre las Religiosas\u2026\u201d (OCLA 2294).<\/p>\n<p>Y el Documento final de nuestro XXII Cap\u00edtulo general (2016) sigue subrayando nuestro ser hermanas, llamadas a vivir la profec\u00eda de la compasi\u00f3n y la misericordia:<\/p>\n<p>&gt; Hermanas que contemplamos y nos sorprendemos ante la presencia integradora de Dios,<\/p>\n<p>&gt; Hermanas que amamos, acogemos y abrazamos la fraternidad desde su realidad humanizante y sanadora<\/p>\n<p>&gt; Hermanas menores seducidas por la peque\u00f1ez,<\/p>\n<p>&gt; Hermanas misericordiosas que respondemos al imperativo de la proximidad,<\/p>\n<p>&gt; Hermanas en misi\u00f3n, con una presencia fraterna, menor y misericordiosa que impulsa a la audacia de la compasi\u00f3n,<\/p>\n<p>&gt; Hermanas interculturadas, que testimoniamos la profec\u00eda de la comuni\u00f3n fraterna<\/p>\n<p>Terciarias:&nbsp;Pertenecemos a la gran familia franciscana, profesando la Regla de la Tercera Orden Regular de san Francisco<\/p>\n<p>Capuchinas:&nbsp;Un matiz especial dentro de la familia franciscana, como capuchino era nuestro Fundador:<br>\u201cCada Orden y Congregaci\u00f3n tiene su esp\u00edritu propio, conforme a la misi\u00f3n alt\u00edsima que el Se\u00f1or le conf\u00eda; y el de nuestro Instituto, rama del tronco franciscano y por a\u00f1adidura capuchino, debe estar basado en una profunda humildad y obediencia, y una total pobreza\u201d (OCLA 1920)<\/p>\n<p>De la Sagrada Familia:&nbsp;Desde que el Padre Luis nos pens\u00f3, no dud\u00f3 en llamarnos \u201cde la Sagrada Familia\u201d, tal vez por todo lo que \u00e9l hab\u00eda vivido de esta devoci\u00f3n y movimiento en la Iglesia, pero de manera particular, por el recuerdo y el signo que dej\u00f3 en su coraz\u00f3n el ni\u00f1o abandonado envuelto en unos \u201ctrapujos\u201d a la puerta del convento de Montehano \u2013 Cantabria (Espa\u00f1a) donde resid\u00eda en ese momento, como joven capuchino; en la cesta hallaron un escrito que dec\u00eda: \u201cNo est\u00e1 bautizado; se le pondr\u00e1 por nombre Jes\u00fas, Mar\u00eda y Jos\u00e9\u201d. Este ni\u00f1o fue la primera persona a quien bautiz\u00f3 el Padre Luis (cf. OCLA 51).<\/p>\t\t\t\t\t\t<\/div>\n\t\t\t\t<\/div>\n\t\t\t\t\t<\/div>\n\t\t<\/div>\n\t\t\t\t\t\t\t<\/div>\n\t\t<\/section>\n\t\t\t\t\t\t\t<\/div>\n\t\t","protected":false},"excerpt":{"rendered":"<p>Nuestra Congregaci\u00f3n fue fundada el 11 de mayo de 1885, en el Santuario de Ntra. Sra. de Montiel, Benaguacil \u2013 Valencia \u2013 ESPA\u00d1A, siendo aprobada por el Papa Le\u00f3n XIII el 25 de marzo de 1902. El nombre que nos dio Luis Amig\u00f3, nuestro Fundador, define nuestra identidad. Hermanas:&nbsp;As\u00ed nos pens\u00f3 nuestro Fundador desde las&hellip; <br \/> <a class=\"read-more\" href=\"https:\/\/terciariascapuchinasbuenpastor.org\/index.php\/identidad\/\">Leer m\u00e1s<\/a><\/p>\n","protected":false},"author":1,"featured_media":0,"parent":0,"menu_order":0,"comment_status":"closed","ping_status":"closed","template":"","meta":{"footnotes":""},"class_list":["post-850","page","type-page","status-publish","hentry"],"yoast_head":"<!-- This site is optimized with the Yoast SEO plugin v19.6.1 - https:\/\/yoast.com\/wordpress\/plugins\/seo\/ -->\n<title>Identidad de la Congregaci\u00f3n - Terciarias Capuchinas Madre del Buen Pastor<\/title>\n<meta name=\"description\" content=\"Educaci\u00f3n, Salud, Protecci\u00f3n, Pastoral Vocacional, Pastoral Diversificada, Movimiento Laical Amigoniano. Filosof\u00eda Franciscano Amigoniano.\" \/>\n<meta name=\"robots\" content=\"index, follow, max-snippet:-1, max-image-preview:large, max-video-preview:-1\" \/>\n<link rel=\"canonical\" href=\"https:\/\/terciariascapuchinasbuenpastor.org\/index.php\/identidad\/\" \/>\n<meta property=\"og:locale\" content=\"es_ES\" \/>\n<meta property=\"og:type\" content=\"article\" \/>\n<meta property=\"og:title\" content=\"Identidad de la Congregaci\u00f3n - Terciarias Capuchinas Madre del Buen Pastor\" \/>\n<meta property=\"og:description\" content=\"Educaci\u00f3n, Salud, Protecci\u00f3n, Pastoral Vocacional, Pastoral Diversificada, Movimiento Laical Amigoniano. Filosof\u00eda Franciscano Amigoniano.\" \/>\n<meta property=\"og:url\" content=\"https:\/\/terciariascapuchinasbuenpastor.org\/index.php\/identidad\/\" \/>\n<meta property=\"og:site_name\" content=\"Terciarias Capuchinas Madre del Buen Pastor\" \/>\n<meta property=\"article:modified_time\" content=\"2025-07-29T15:35:17+00:00\" \/>\n<meta name=\"twitter:card\" content=\"summary_large_image\" \/>\n<meta name=\"twitter:label1\" content=\"Tiempo estimado de lectura\" \/>\n\t<meta name=\"twitter:data1\" content=\"2 minutos\" \/>\n<script type=\"application\/ld+json\" class=\"yoast-schema-graph\">{\"@context\":\"https:\/\/schema.org\",\"@graph\":[{\"@type\":\"WebPage\",\"@id\":\"https:\/\/terciariascapuchinasbuenpastor.org\/index.php\/identidad\/\",\"url\":\"https:\/\/terciariascapuchinasbuenpastor.org\/index.php\/identidad\/\",\"name\":\"Identidad de la Congregaci\u00f3n - Terciarias Capuchinas Madre del Buen Pastor\",\"isPartOf\":{\"@id\":\"https:\/\/terciariascapuchinasbuenpastor.org\/#website\"},\"datePublished\":\"2022-04-25T01:40:02+00:00\",\"dateModified\":\"2025-07-29T15:35:17+00:00\",\"description\":\"Educaci\u00f3n, Salud, Protecci\u00f3n, Pastoral Vocacional, Pastoral Diversificada, Movimiento Laical Amigoniano. Filosof\u00eda Franciscano Amigoniano.\",\"breadcrumb\":{\"@id\":\"https:\/\/terciariascapuchinasbuenpastor.org\/index.php\/identidad\/#breadcrumb\"},\"inLanguage\":\"es-CO\",\"potentialAction\":[{\"@type\":\"ReadAction\",\"target\":[\"https:\/\/terciariascapuchinasbuenpastor.org\/index.php\/identidad\/\"]}]},{\"@type\":\"BreadcrumbList\",\"@id\":\"https:\/\/terciariascapuchinasbuenpastor.org\/index.php\/identidad\/#breadcrumb\",\"itemListElement\":[{\"@type\":\"ListItem\",\"position\":1,\"name\":\"Inicio\",\"item\":\"https:\/\/terciariascapuchinasbuenpastor.org\/\"},{\"@type\":\"ListItem\",\"position\":2,\"name\":\"Identidad de la Congregaci\u00f3n\"}]},{\"@type\":\"WebSite\",\"@id\":\"https:\/\/terciariascapuchinasbuenpastor.org\/#website\",\"url\":\"https:\/\/terciariascapuchinasbuenpastor.org\/\",\"name\":\"Terciarias Capuchinas Madre del Buen Pastor\",\"description\":\"Sitio oficial - Provincia Madre del Buen Pastor\",\"publisher\":{\"@id\":\"https:\/\/terciariascapuchinasbuenpastor.org\/#organization\"},\"potentialAction\":[{\"@type\":\"SearchAction\",\"target\":{\"@type\":\"EntryPoint\",\"urlTemplate\":\"https:\/\/terciariascapuchinasbuenpastor.org\/?s={search_term_string}\"},\"query-input\":\"required name=search_term_string\"}],\"inLanguage\":\"es-CO\"},{\"@type\":\"Organization\",\"@id\":\"https:\/\/terciariascapuchinasbuenpastor.org\/#organization\",\"name\":\"Terciarias Capuchinas Madre del Buen Pastor\",\"url\":\"https:\/\/terciariascapuchinasbuenpastor.org\/\",\"sameAs\":[],\"logo\":{\"@type\":\"ImageObject\",\"inLanguage\":\"es-CO\",\"@id\":\"https:\/\/terciariascapuchinasbuenpastor.org\/#\/schema\/logo\/image\/\",\"url\":\"https:\/\/terciariascapuchinasbuenpastor.org\/wp-content\/uploads\/2022\/08\/cropped-CC_Express_20220824_1658390.8685437846145748.png\",\"contentUrl\":\"https:\/\/terciariascapuchinasbuenpastor.org\/wp-content\/uploads\/2022\/08\/cropped-CC_Express_20220824_1658390.8685437846145748.png\",\"width\":5057,\"height\":1261,\"caption\":\"Terciarias Capuchinas Madre del Buen Pastor\"},\"image\":{\"@id\":\"https:\/\/terciariascapuchinasbuenpastor.org\/#\/schema\/logo\/image\/\"}}]}<\/script>\n<!-- \/ Yoast SEO plugin. -->","yoast_head_json":{"title":"Identidad de la Congregaci\u00f3n - Terciarias Capuchinas Madre del Buen Pastor","description":"Educaci\u00f3n, Salud, Protecci\u00f3n, Pastoral Vocacional, Pastoral Diversificada, Movimiento Laical Amigoniano. Filosof\u00eda Franciscano Amigoniano.","robots":{"index":"index","follow":"follow","max-snippet":"max-snippet:-1","max-image-preview":"max-image-preview:large","max-video-preview":"max-video-preview:-1"},"canonical":"https:\/\/terciariascapuchinasbuenpastor.org\/index.php\/identidad\/","og_locale":"es_ES","og_type":"article","og_title":"Identidad de la Congregaci\u00f3n - Terciarias Capuchinas Madre del Buen Pastor","og_description":"Educaci\u00f3n, Salud, Protecci\u00f3n, Pastoral Vocacional, Pastoral Diversificada, Movimiento Laical Amigoniano. Filosof\u00eda Franciscano Amigoniano.","og_url":"https:\/\/terciariascapuchinasbuenpastor.org\/index.php\/identidad\/","og_site_name":"Terciarias Capuchinas Madre del Buen Pastor","article_modified_time":"2025-07-29T15:35:17+00:00","twitter_card":"summary_large_image","twitter_misc":{"Tiempo estimado de lectura":"2 minutos"},"schema":{"@context":"https:\/\/schema.org","@graph":[{"@type":"WebPage","@id":"https:\/\/terciariascapuchinasbuenpastor.org\/index.php\/identidad\/","url":"https:\/\/terciariascapuchinasbuenpastor.org\/index.php\/identidad\/","name":"Identidad de la Congregaci\u00f3n - Terciarias Capuchinas Madre del Buen Pastor","isPartOf":{"@id":"https:\/\/terciariascapuchinasbuenpastor.org\/#website"},"datePublished":"2022-04-25T01:40:02+00:00","dateModified":"2025-07-29T15:35:17+00:00","description":"Educaci\u00f3n, Salud, Protecci\u00f3n, Pastoral Vocacional, Pastoral Diversificada, Movimiento Laical Amigoniano. Filosof\u00eda Franciscano Amigoniano.","breadcrumb":{"@id":"https:\/\/terciariascapuchinasbuenpastor.org\/index.php\/identidad\/#breadcrumb"},"inLanguage":"es-CO","potentialAction":[{"@type":"ReadAction","target":["https:\/\/terciariascapuchinasbuenpastor.org\/index.php\/identidad\/"]}]},{"@type":"BreadcrumbList","@id":"https:\/\/terciariascapuchinasbuenpastor.org\/index.php\/identidad\/#breadcrumb","itemListElement":[{"@type":"ListItem","position":1,"name":"Inicio","item":"https:\/\/terciariascapuchinasbuenpastor.org\/"},{"@type":"ListItem","position":2,"name":"Identidad de la Congregaci\u00f3n"}]},{"@type":"WebSite","@id":"https:\/\/terciariascapuchinasbuenpastor.org\/#website","url":"https:\/\/terciariascapuchinasbuenpastor.org\/","name":"Terciarias Capuchinas Madre del Buen Pastor","description":"Sitio oficial - Provincia Madre del Buen Pastor","publisher":{"@id":"https:\/\/terciariascapuchinasbuenpastor.org\/#organization"},"potentialAction":[{"@type":"SearchAction","target":{"@type":"EntryPoint","urlTemplate":"https:\/\/terciariascapuchinasbuenpastor.org\/?s={search_term_string}"},"query-input":"required name=search_term_string"}],"inLanguage":"es-CO"},{"@type":"Organization","@id":"https:\/\/terciariascapuchinasbuenpastor.org\/#organization","name":"Terciarias Capuchinas Madre del Buen Pastor","url":"https:\/\/terciariascapuchinasbuenpastor.org\/","sameAs":[],"logo":{"@type":"ImageObject","inLanguage":"es-CO","@id":"https:\/\/terciariascapuchinasbuenpastor.org\/#\/schema\/logo\/image\/","url":"https:\/\/terciariascapuchinasbuenpastor.org\/wp-content\/uploads\/2022\/08\/cropped-CC_Express_20220824_1658390.8685437846145748.png","contentUrl":"https:\/\/terciariascapuchinasbuenpastor.org\/wp-content\/uploads\/2022\/08\/cropped-CC_Express_20220824_1658390.8685437846145748.png","width":5057,"height":1261,"caption":"Terciarias Capuchinas Madre del Buen Pastor"},"image":{"@id":"https:\/\/terciariascapuchinasbuenpastor.org\/#\/schema\/logo\/image\/"}}]}},"_links":{"self":[{"href":"https:\/\/terciariascapuchinasbuenpastor.org\/index.php\/wp-json\/wp\/v2\/pages\/850","targetHints":{"allow":["GET"]}}],"collection":[{"href":"https:\/\/terciariascapuchinasbuenpastor.org\/index.php\/wp-json\/wp\/v2\/pages"}],"about":[{"href":"https:\/\/terciariascapuchinasbuenpastor.org\/index.php\/wp-json\/wp\/v2\/types\/page"}],"author":[{"embeddable":true,"href":"https:\/\/terciariascapuchinasbuenpastor.org\/index.php\/wp-json\/wp\/v2\/users\/1"}],"replies":[{"embeddable":true,"href":"https:\/\/terciariascapuchinasbuenpastor.org\/index.php\/wp-json\/wp\/v2\/comments?post=850"}],"version-history":[{"count":48,"href":"https:\/\/terciariascapuchinasbuenpastor.org\/index.php\/wp-json\/wp\/v2\/pages\/850\/revisions"}],"predecessor-version":[{"id":1946,"href":"https:\/\/terciariascapuchinasbuenpastor.org\/index.php\/wp-json\/wp\/v2\/pages\/850\/revisions\/1946"}],"wp:attachment":[{"href":"https:\/\/terciariascapuchinasbuenpastor.org\/index.php\/wp-json\/wp\/v2\/media?parent=850"}],"curies":[{"name":"wp","href":"https:\/\/api.w.org\/{rel}","templated":true}]}}